{"id":5638,"date":"2019-07-26T18:40:55","date_gmt":"2019-07-26T18:49:19","guid":{"rendered":"https:\/\/www.maisonrondeau.com\/product\/pfc5700-1\/"},"modified":"2023-07-31T20:31:38","modified_gmt":"2023-07-31T20:31:38","slug":"perfect-fry-pfc570-countertop-electric-fryer","status":"publish","type":"product","link":"https:\/\/www.maisonrondeau.com\/en\/product\/perfect-fry-pfc570-countertop-electric-fryer","title":{"rendered":"Perfect Fry \u2013 PFC570 \u2013 Countertop electric fryer"},"content":{"rendered":"<p><em>Item#\u00a0: PFC5700-208 ou PFC5700-240<\/em><\/p>\n<p>Countertop fryer Perfect Fry PFC570<br \/>\n<strong>No ventilation hood required (no odor)<br \/>\nPerfect for small spaces with\/without ventilation hoods<br \/>\nIdeal for fries, sushi, chicken wings, French onions, spring rolls, fish &#038; chips<\/strong><\/p>\n<p><a href=\"\/wp-content\/uploads\/2020\/09\/Perfect-Fry-PFC570-Spec-sheet-eng.pdf\" target=\"_blank\" rel=\"noopener noreferrer\"><img decoding=\"async\" src=\"\/wp-content\/uploads\/2023\/06\/Bouton-Fiche-Technique-EN.jpg\" alt=\"Perfect Fry - PFC570 - Countertop electric fryer\" \/><\/a><\/p>\n<p><strong>Features<\/strong><\/p>\n<ul>\n<li>Space requirement less than 2 sq. ft.<\/li>\n<li>Oil capacity: 2 gallons (8 liters)<\/li>\n<li>Production capacity: 60 lb of food \/ hour (2 lb at a time)<\/li>\n<li>Self-ventilating system with HEPA-type air filter<\/li>\n<li>Anti-odour system with grease filter and charcoal filter<\/li>\n<li>Integrated fire extinguishing system, automatic or manual<\/li>\n<li>Programmable digital keypad or manual cooking control<\/li>\n<li>Stainless steel design with modular compartments<\/li>\n<li>Easy to clean and maintain<\/li>\n<li>Operates on 208 or 240 volts (depending on model)<\/li>\n<\/ul>\n<p>&nbsp;<\/p>\n<div class=\"embed-responsive embed-responsive-16by9 mt-xs\">\n<iframe class=\"embed-responsive-item\" src=\"https:\/\/www.youtube.com\/embed\/_WzJ6_YZKqg?rel=0&amp;showinfo=0\" frameborder=\"0\" allowfullscreen=\"allowfullscreen\"><span data-mce-type=\"bookmark\" style=\"display: inline-block; width: 0px; overflow: hidden; line-height: 0;\" class=\"mce_SELRES_start\">\ufeff<\/span><\/iframe>\n<\/div>\n<p><span style=\"background-color: #f0f0f1;\"><br \/>\n<strong>Specifications Perfect Fry PFC570<\/strong><br \/>\nWidth: 17 inches<br \/>\nDepth: 16 inches<br \/>\nHeight: 23 inches<br \/>\nShipping weight: 95 lbs<br \/>\nVoltage: 208 V or 240 V<br \/>\nAmps: 27 (208) &#8211; 24 (240)<br \/>\nPower: 5.7 kW<br \/>\nHertz: 60 Hertz<br \/>\nPhase: 1 phase<br \/>\nPower supply type: Electrical<br \/>\nConnector type: NEMA 6-50P<br \/>\nConstruction: 304 stainless steel<\/spam><\/p>\n<p><strong>Presentation Perfect Fry &#8211; PFC570<\/strong><br \/>\nIn a nutshell, the Perfect Fry &#8211; PFC570 is a safe, semi-automatic countertop electric fryer that doesn&#8217;t require professional ventilation. Let&#8217;s take a closer look. With its compact overall size (16&#8243; by 17&#8243;, or less than 2 sq. ft. of space) and almost square shape, you can place this fryer just about anywhere. It can be placed behind a simple bar counter, a potato trailer, food trucks or anywhere else you like. What&#8217;s more, you won&#8217;t have to worry about its location, as the PFC-570 is a hermetically sealed fryer. This ensures safety from oil splashes, burns and unpleasant odors. Compared to conventional fryers, you don&#8217;t need a whole professional kitchen installation with an expensive extractor hood system.<\/p>\n<p><strong>Syst\u00e8me de ventilation Perfect Fry \u2013 PFC570<\/strong><br \/>\nComme vous pouvez le comprendre, vous n\u2019avez pas besoin de poss\u00e9der une hotte de cuisine. Puisque la friteuse Perfect Fry int\u00e8gre directement son propre syst\u00e8me de ventilation. Commen\u00e7ons par examiner comment cela fonctionne. Juste au-dessus de la cuve \u00e0 huile les \u00e9manations passent par un filtre \u00e0 graisse qui \u00e9limine les plus grosses particules de graisse. Deuxi\u00e8mement, gr\u00e2ce \u00e0 la technologie brevet\u00e9e de filtration d\u2019air de type HEPA l\u2019air charg\u00e9 de graisse restante passe \u00e0 travers la cartouche d\u2019air, \u00e9liminant les particules restantes. Troisi\u00e8mement, un filtre \u00e0 charbon actif permet de limiter les \u00e9missions odeurs atmosph\u00e9riques. Gr\u00e2ce \u00e0 ce syst\u00e8me de ventilation, il est ind\u00e9niable que votre client\u00e8le ne sera pas incommod\u00e9e.<\/p>\n<p><strong>S\u00e9curit\u00e9 incendie de la friteuse<\/strong><br \/>\nL&#8217;aspect le plus important est la s\u00e9curit\u00e9 lorsque l\u2019on fait de la friture. Comme il a \u00e9t\u00e9 pr\u00e9cis\u00e9 pr\u00e9c\u00e9demment, cette friteuse est compl\u00e8tement ferm\u00e9e ce qui apporte un premier avantage. Cela permet de limiter les risques de br\u00fblures avec l\u2019huile bouillante aussi bien que les \u00e9claboussures de graisse qui peuvent t\u00e2cher l\u2019environnement. En plus de prot\u00e9ger votre personnel, ou vous-m\u00eame, elle vous prot\u00e8ge de tous risques d\u2019incendie. Puisque la friteuse Perfect Fry int\u00e8gre directement sont propre syst\u00e8me d\u2019extinction d\u2019incendie. Les proc\u00e9d\u00e9s de fonctionnement ont \u00e9t\u00e9 test\u00e9s et homologu\u00e9s selon les derni\u00e8res normes. Ce dispositif se d\u00e9clenche automatiquement lorsque qu\u2019un risque est d\u00e9tect\u00e9 ou peut \u00eatre d\u00e9clencher manuellement par le moyen d\u2019une tirette en fa\u00e7ade.<\/p>\n<p><strong>How the PFC-570 works<\/strong><br \/>\nFrom a cooking point of view, the Perfect Fry PFC570 countertop electric fryer uses patented CTS (Cook Time Sensitivity) technology. This guarantees even cooking by automatically extending cooking time in the event of a significant drop in oil temperature. The frying basket is entirely covered with Teflon\u00ae, and thanks to the FTS function which automatically shakes the basket, it prevents food from sticking to each other and to the basket itself. A stand-by mode is built into the process to reduce the need for energy during quieter periods, saving energy costs and reducing oil consumption.<\/p>\n<p>To maximize your time, the PFC570 is semi-automatic. In other words, all you have to do is put the food in the basket, slide it into the machine, select your cooking time manually or with the programmed keys, and remove it when it&#8217;s fried. There&#8217;s no need to stand behind the fryer and keep an eye on things, and even less need for experienced staff.<\/p>\n<p>When it comes to maintenance, everything has been designed to make your job easier. Every component can be removed from the machine in just a few minutes and cleaned in a dishwasher. This saves you maintenance time. Apart from the fact that daily cleaning is necessary for reasons of hygiene, weekly cleaning can be carried out in less than an hour. What&#8217;s more, it comes with an oil change kit, making it easy to change.<\/p>\n<p>In conclusion, we can observe that the Perfect Fry goes beyond the simple functionalities of a classic deep fryer thanks to all its conveniences. It doesn&#8217;t require qualified personnel. It&#8217;s easy to maintain, takes up little space and delivers perfect frying results.<\/p>\n","protected":false},"excerpt":{"rendered":"<p>Perfect Fry PFC570 ventless countertop electric fryer<br \/>\nIdeal for locations without vents and hoods<br \/>\nBuilt-in air filtration system for odorless operations<\/p>\n","protected":false},"featured_media":11481,"comment_status":"closed","ping_status":"closed","template":"","meta":{"_acf_changed":false,"inline_featured_image":false},"product_brand":[],"product_cat":[2654,2668,2666,3122],"product_tag":[1803,1871,1900],"class_list":{"0":"post-5638","1":"product","2":"type-product","3":"status-publish","4":"has-post-thumbnail","6":"product_cat-cooking","7":"product_cat-electric-fryer","8":"product_cat-fryer","9":"product_cat-ventless","10":"product_tag-cuisson-en","11":"product_tag-friteuse-en","12":"product_tag-perfect-fry-en","13":"brand-perfect-fry","15":"first","16":"instock","17":"product-type-simple"},"acf":[],"yoast_head":"<!-- This site is optimized with the Yoast SEO plugin v27.5 - https:\/\/yoast.com\/product\/yoast-seo-wordpress\/ -->\n<title>Perfect Fry \u2013 PFC570 \u2013 Countertop electric fryer<\/title>\n<meta name=\"description\" content=\"The commercial ventless fryer Perfect Fry PFC570 can be used for kitchen without hood such as sushi shops. Available at Maison Rondeau\" \/>\n<meta name=\"robots\" content=\"index, follow, max-snippet:-1, max-image-preview:large, max-video-preview:-1\" \/>\n<link rel=\"canonical\" href=\"https:\/\/www.maisonrondeau.com\/en\/product\/perfect-fry-pfc570-countertop-electric-fryer\" \/>\n<meta property=\"og:locale\" content=\"en_US\" \/>\n<meta property=\"og:type\" content=\"article\" \/>\n<meta property=\"og:title\" content=\"Fryer - Perfectfry - PFC5700 | Maison Rondeau\" \/>\n<meta property=\"og:description\" content=\"Maison Rondeau offers the Fryer - Perfectfry - PFC5700 and cooking appliances for your commercial restaurant kitchen anywhere in Quebec.\" \/>\n<meta property=\"og:url\" content=\"https:\/\/www.maisonrondeau.com\/en\/product\/perfect-fry-pfc570-countertop-electric-fryer\" \/>\n<meta property=\"og:site_name\" content=\"Maison Rondeau\" \/>\n<meta property=\"article:publisher\" content=\"https:\/\/www.facebook.com\/maisonrondeau\" \/>\n<meta property=\"article:modified_time\" content=\"2023-07-31T20:31:38+00:00\" \/>\n<meta property=\"og:image\" content=\"https:\/\/www.maisonrondeau.com\/wp-content\/uploads\/2019\/07\/perfect_fry-PFC570-countertop-electric-fryer-view_profil.jpg\" \/>\n\t<meta property=\"og:image:width\" content=\"600\" \/>\n\t<meta property=\"og:image:height\" content=\"600\" \/>\n\t<meta property=\"og:image:type\" content=\"image\/jpeg\" \/>\n<meta name=\"twitter:card\" content=\"summary_large_image\" \/>\n<meta name=\"twitter:title\" content=\"Fryer - Perfectfry - PFC5700 | Maison Rondeau\" \/>\n<meta name=\"twitter:description\" content=\"Maison Rondeau offers the Fryer - Perfectfry - PFC5700 and cooking appliances for your commercial restaurant kitchen anywhere in Quebec.\" \/>\n<meta name=\"twitter:label1\" content=\"Est. reading time\" \/>\n\t<meta name=\"twitter:data1\" content=\"5 minutes\" \/>\n<!-- \/ Yoast SEO plugin. -->","yoast_head_json":{"title":"Perfect Fry \u2013 PFC570 \u2013 Countertop electric fryer","description":"The commercial ventless fryer Perfect Fry PFC570 can be used for kitchen without hood such as sushi shops. Available at Maison Rondeau","robots":{"index":"index","follow":"follow","max-snippet":"max-snippet:-1","max-image-preview":"max-image-preview:large","max-video-preview":"max-video-preview:-1"},"canonical":"https:\/\/www.maisonrondeau.com\/en\/product\/perfect-fry-pfc570-countertop-electric-fryer","og_locale":"en_US","og_type":"article","og_title":"Fryer - Perfectfry - PFC5700 | Maison Rondeau","og_description":"Maison Rondeau offers the Fryer - Perfectfry - PFC5700 and cooking appliances for your commercial restaurant kitchen anywhere in Quebec.","og_url":"https:\/\/www.maisonrondeau.com\/en\/product\/perfect-fry-pfc570-countertop-electric-fryer","og_site_name":"Maison Rondeau","article_publisher":"https:\/\/www.facebook.com\/maisonrondeau","article_modified_time":"2023-07-31T20:31:38+00:00","og_image":[{"width":600,"height":600,"url":"https:\/\/www.maisonrondeau.com\/wp-content\/uploads\/2019\/07\/perfect_fry-PFC570-countertop-electric-fryer-view_profil.jpg","type":"image\/jpeg"}],"twitter_card":"summary_large_image","twitter_title":"Fryer - Perfectfry - PFC5700 | Maison Rondeau","twitter_description":"Maison Rondeau offers the Fryer - Perfectfry - PFC5700 and cooking appliances for your commercial restaurant kitchen anywhere in Quebec.","twitter_misc":{"Est. reading time":"5 minutes"},"schema":{"@context":"https:\/\/schema.org","@graph":[{"@type":"WebPage","@id":"https:\/\/www.maisonrondeau.com\/en\/product\/perfect-fry-pfc570-countertop-electric-fryer","url":"https:\/\/www.maisonrondeau.com\/en\/product\/perfect-fry-pfc570-countertop-electric-fryer","name":"Perfect Fry \u2013 PFC570 \u2013 Countertop electric fryer","isPartOf":{"@id":"https:\/\/www.maisonrondeau.com\/en#website"},"primaryImageOfPage":{"@id":"https:\/\/www.maisonrondeau.com\/en\/product\/perfect-fry-pfc570-countertop-electric-fryer#primaryimage"},"image":{"@id":"https:\/\/www.maisonrondeau.com\/en\/product\/perfect-fry-pfc570-countertop-electric-fryer#primaryimage"},"thumbnailUrl":"https:\/\/www.maisonrondeau.com\/wp-content\/uploads\/2019\/07\/perfect_fry-PFC570-countertop-electric-fryer-view_profil.jpg","datePublished":"2019-07-26T18:49:19+00:00","dateModified":"2023-07-31T20:31:38+00:00","description":"The commercial ventless fryer Perfect Fry PFC570 can be used for kitchen without hood such as sushi shops. Available at Maison Rondeau","breadcrumb":{"@id":"https:\/\/www.maisonrondeau.com\/en\/product\/perfect-fry-pfc570-countertop-electric-fryer#breadcrumb"},"inLanguage":"en-CA","potentialAction":[{"@type":"ReadAction","target":["https:\/\/www.maisonrondeau.com\/en\/product\/perfect-fry-pfc570-countertop-electric-fryer"]}]},{"@type":"ImageObject","inLanguage":"en-CA","@id":"https:\/\/www.maisonrondeau.com\/en\/product\/perfect-fry-pfc570-countertop-electric-fryer#primaryimage","url":"https:\/\/www.maisonrondeau.com\/wp-content\/uploads\/2019\/07\/perfect_fry-PFC570-countertop-electric-fryer-view_profil.jpg","contentUrl":"https:\/\/www.maisonrondeau.com\/wp-content\/uploads\/2019\/07\/perfect_fry-PFC570-countertop-electric-fryer-view_profil.jpg","width":600,"height":600,"caption":"Perfect Fry PFC570 - Countertop electric fryer - View profil"},{"@type":"BreadcrumbList","@id":"https:\/\/www.maisonrondeau.com\/en\/product\/perfect-fry-pfc570-countertop-electric-fryer#breadcrumb","itemListElement":[{"@type":"ListItem","position":1,"name":"Home","item":"https:\/\/www.maisonrondeau.com\/en"},{"@type":"ListItem","position":2,"name":"Catalog","item":"https:\/\/www.maisonrondeau.com\/en\/catalog"},{"@type":"ListItem","position":3,"name":"Perfect Fry \u2013 PFC570 \u2013 Countertop electric fryer"}]},{"@type":"WebSite","@id":"https:\/\/www.maisonrondeau.com\/en#website","url":"https:\/\/www.maisonrondeau.com\/en","name":"Maison Rondeau","description":"L\u00e0 o\u00f9 l\u2019exp\u00e9rience rejoint les tendances.","publisher":{"@id":"https:\/\/www.maisonrondeau.com\/en#organization"},"potentialAction":[{"@type":"SearchAction","target":{"@type":"EntryPoint","urlTemplate":"https:\/\/www.maisonrondeau.com\/en?s={search_term_string}"},"query-input":{"@type":"PropertyValueSpecification","valueRequired":true,"valueName":"search_term_string"}}],"inLanguage":"en-CA"},{"@type":"Organization","@id":"https:\/\/www.maisonrondeau.com\/en#organization","name":"Maison Rondeau","alternateName":"Maison Rondeau \u00c9quipements de Restaurant","url":"https:\/\/www.maisonrondeau.com\/en","logo":{"@type":"ImageObject","inLanguage":"en-CA","@id":"https:\/\/www.maisonrondeau.com\/en#\/schema\/logo\/image\/","url":"https:\/\/www.maisonrondeau.com\/wp-content\/uploads\/2019\/07\/maisonrondeau-1.png","contentUrl":"https:\/\/www.maisonrondeau.com\/wp-content\/uploads\/2019\/07\/maisonrondeau-1.png","width":100,"height":32,"caption":"Maison Rondeau"},"image":{"@id":"https:\/\/www.maisonrondeau.com\/en#\/schema\/logo\/image\/"},"sameAs":["https:\/\/www.facebook.com\/maisonrondeau","http:\/\/ca.linkedin.com\/company\/maison-rondeau"]}]}},"_links":{"self":[{"href":"https:\/\/www.maisonrondeau.com\/en\/wp-json\/wp\/v2\/product\/5638","targetHints":{"allow":["GET"]}}],"collection":[{"href":"https:\/\/www.maisonrondeau.com\/en\/wp-json\/wp\/v2\/product"}],"about":[{"href":"https:\/\/www.maisonrondeau.com\/en\/wp-json\/wp\/v2\/types\/product"}],"replies":[{"embeddable":true,"href":"https:\/\/www.maisonrondeau.com\/en\/wp-json\/wp\/v2\/comments?post=5638"}],"wp:featuredmedia":[{"embeddable":true,"href":"https:\/\/www.maisonrondeau.com\/en\/wp-json\/wp\/v2\/media\/11481"}],"wp:attachment":[{"href":"https:\/\/www.maisonrondeau.com\/en\/wp-json\/wp\/v2\/media?parent=5638"}],"wp:term":[{"taxonomy":"product_brand","embeddable":true,"href":"https:\/\/www.maisonrondeau.com\/en\/wp-json\/wp\/v2\/product_brand?post=5638"},{"taxonomy":"product_cat","embeddable":true,"href":"https:\/\/www.maisonrondeau.com\/en\/wp-json\/wp\/v2\/product_cat?post=5638"},{"taxonomy":"product_tag","embeddable":true,"href":"https:\/\/www.maisonrondeau.com\/en\/wp-json\/wp\/v2\/product_tag?post=5638"}],"curies":[{"name":"wp","href":"https:\/\/api.w.org\/{rel}","templated":true}]}}