{"id":5619,"date":"2019-07-26T18:40:55","date_gmt":"2019-07-26T18:49:06","guid":{"rendered":"https:\/\/www.maisonrondeau.com\/product\/scotsman-hid525-1\/"},"modified":"2023-05-25T19:23:37","modified_gmt":"2023-05-25T19:23:37","slug":"scotsman_hid525_meridian_series-ice_and_water_dispenser","status":"publish","type":"product","link":"https:\/\/www.maisonrondeau.com\/en\/product\/scotsman_hid525_meridian_series-ice_and_water_dispenser","title":{"rendered":"Scotsman HID525 MERIDIAN\u2122 Series &#8211; Ice and water dispenser"},"content":{"rendered":"<p><em>Item #: 720HID525A1<\/em><\/p>\n<p>Whether you&#8217;re a hospital, restaurant, hotel, business, individual or other organization, you can enjoy ice-cold water and ice cream for yourself or your patients and customers. This will improve comfort and efficiency in your daily routine.<\/p>\n<p>The manufacturing technology of this machine offers you two great conveniences with the combination of an ice machine and a water dispenser. It has a water storage capacity of 25 lb (11 liters) as well as an ice production of 500 lb (226 liters) per day (over 24 hours).<\/p>\n<p>This innovative line from Meridian\u2122 brings you legendary reliability and beautiful engineering. You&#8217;ll notice the product&#8217;s ease of maintenance, ruggedness, and space and installation efficiency.<\/p>\n<p><strong>FEATURES<\/strong><br \/>\n\u2022 Infrared dispenser for water and ice. Touchless dispenser is more hygienic (push button option available)<br \/>\n\u2022 AgION\u2122 technology and other antimicrobial compounds are molded into key components to provide enhanced sanitation and prevent the growth of microbes, bacteria, mold and algae.<br \/>\n\u2022 The drip tray, spouts, air filter, sink and grill are completely removable for easy cleaning and maintenance.<br \/>\n\u2022 The cooling system is completely sealed to prevent contamination from outside air.<br \/>\n\u2022 The air filter is removable with front access for easy cleaning.<br \/>\n\u2022 Sealed bearings are maintenance-free and reduce service requirements. They ensure maximum reliability.<br \/>\n\u2022 Possibility to produce nugget ice.<br \/>\n\u2022 Space-saving machine design.<br \/>\n\u2022 SmoothStream\u2122 water distribution technology reduces splashing to keep the machine and surrounding areas clean.<br \/>\n\u2022 Stainless steel exterior walls and much of the machine.<br \/>\n\u2022 Improved maintenance features: Intuitive LED diagnostic lights reduce maintenance time &#8211; Machine software is updated with a USB key &#8211; Each unit has its own QR code for access to service manuals and warranty information.<br \/>\n\u2022 Quiet operation.<br \/>\n\u2022 Efficient energy consumption.<\/p>\n<p><strong>DIMENSIONS and SPECIFICATIONS<\/strong><\/p>\n<p>Width: 21 1\/4&#8243; &#8211; Depth: 24 3\/8&#8243; &#8211; Height: 35&#8243; &#8211; Height to dispenser: 11&#8243;.<\/p>\n<p>Ice yield per 24 hours: 500 lb &#8211; Bin storage capacity: 25 lb &#8211; Water consumption: 12 gallons per 100 lb<\/p>\n<p>&nbsp;<\/p>\n<p><img decoding=\"async\" src=\"\/wp-content\/uploads\/2019\/08\/pdficon_large.png\" alt=\"Adobe PDF\" \/> <a href=\"\/wp-content\/uploads\/2023\/05\/Scotsman-HID525-MERIDIAN\u2122-Series-Ice-and-Water-Dispenser.pdf\" target=\"_blank\" rel=\"noopener noreferrer\">Manufacturer&#8217;s sheet<\/a><br \/>\n<img decoding=\"async\" src=\"\/wp-content\/uploads\/2019\/08\/pdficon_large.png\" alt=\"Adobe PDF\" \/> <a href=\"\/wp-content\/uploads\/2023\/05\/Scotsman-MERIDIAN\u2122-Series-Ice-and-Water-Dispenser.pdf\" target=\"_blank\" rel=\"noopener noreferrer\">MERIDIAN\u2122 series models<\/a><\/p>\n","protected":false},"excerpt":{"rendered":"<p>Item #: 720HID525A1 Whether you&#8217;re a hospital, restaurant, hotel, business, individual or other organization, you can enjoy ice-cold water and ice cream for yourself or your patients and customers. This will improve comfort and efficiency in your daily routine. The manufacturing technology of this machine offers you two great conveniences with the combination of an&hellip;<\/p>\n","protected":false},"featured_media":10761,"comment_status":"closed","ping_status":"closed","template":"","meta":{"_acf_changed":false,"inline_featured_image":false},"product_brand":[],"product_cat":[2763,2752],"product_tag":[1896,1574,1820,1897],"class_list":{"0":"post-5619","1":"product","2":"type-product","3":"status-publish","4":"has-post-thumbnail","6":"product_cat-ice-machine","7":"product_cat-refrigeration","8":"product_tag-filtre-en","9":"product_tag-ice-machine","10":"product_tag-refrigeration-en","11":"product_tag-scotsman-en","12":"brand-scotsman","14":"first","15":"instock","16":"product-type-simple"},"acf":[],"yoast_head":"<!-- This site is optimized with the Yoast SEO plugin v27.3 - https:\/\/yoast.com\/product\/yoast-seo-wordpress\/ -->\n<title>Scotsman HID525 MERIDIAN\u2122 Series - Ice and water dispenser<\/title>\n<meta name=\"description\" content=\"The manufacturing technology of this machine offers you two great conveniences with the combination of an ice machine and a water dispenser.\" \/>\n<meta name=\"robots\" content=\"index, follow, max-snippet:-1, max-image-preview:large, max-video-preview:-1\" \/>\n<link rel=\"canonical\" href=\"https:\/\/www.maisonrondeau.com\/en\/product\/scotsman_hid525_meridian_series-ice_and_water_dispenser\" \/>\n<meta property=\"og:locale\" content=\"en_US\" \/>\n<meta property=\"og:type\" content=\"article\" \/>\n<meta property=\"og:title\" content=\"Machine \u00e0 glace - Scotsman - HID525 | Maison Rondeau\" \/>\n<meta property=\"og:description\" content=\"The manufacturing technology of this machine offers you two great conveniences with the combination of an ice machine and a water dispenser.\" \/>\n<meta property=\"og:url\" content=\"https:\/\/www.maisonrondeau.com\/en\/product\/scotsman_hid525_meridian_series-ice_and_water_dispenser\" \/>\n<meta property=\"og:site_name\" content=\"Maison Rondeau\" \/>\n<meta property=\"article:publisher\" content=\"https:\/\/www.facebook.com\/maisonrondeau\" \/>\n<meta property=\"article:modified_time\" content=\"2023-05-25T19:23:37+00:00\" \/>\n<meta property=\"og:image\" content=\"https:\/\/www.maisonrondeau.com\/wp-content\/uploads\/2023\/05\/Scotsman_HID525_MERIDIAN-Distributeur_de_glace_et_d_eau-vue_de_cote.jpg\" \/>\n\t<meta property=\"og:image:width\" content=\"600\" \/>\n\t<meta property=\"og:image:height\" content=\"600\" \/>\n\t<meta property=\"og:image:type\" content=\"image\/jpeg\" \/>\n<meta name=\"twitter:card\" content=\"summary_large_image\" \/>\n<meta name=\"twitter:title\" content=\"Machine \u00e0 glace - Scotsman - HID525 | Maison Rondeau\" \/>\n<meta name=\"twitter:label1\" content=\"Est. reading time\" \/>\n\t<meta name=\"twitter:data1\" content=\"3 minutes\" \/>\n<!-- \/ Yoast SEO plugin. -->","yoast_head_json":{"title":"Scotsman HID525 MERIDIAN\u2122 Series - Ice and water dispenser","description":"The manufacturing technology of this machine offers you two great conveniences with the combination of an ice machine and a water dispenser.","robots":{"index":"index","follow":"follow","max-snippet":"max-snippet:-1","max-image-preview":"max-image-preview:large","max-video-preview":"max-video-preview:-1"},"canonical":"https:\/\/www.maisonrondeau.com\/en\/product\/scotsman_hid525_meridian_series-ice_and_water_dispenser","og_locale":"en_US","og_type":"article","og_title":"Machine \u00e0 glace - Scotsman - HID525 | Maison Rondeau","og_description":"The manufacturing technology of this machine offers you two great conveniences with the combination of an ice machine and a water dispenser.","og_url":"https:\/\/www.maisonrondeau.com\/en\/product\/scotsman_hid525_meridian_series-ice_and_water_dispenser","og_site_name":"Maison Rondeau","article_publisher":"https:\/\/www.facebook.com\/maisonrondeau","article_modified_time":"2023-05-25T19:23:37+00:00","og_image":[{"width":600,"height":600,"url":"https:\/\/www.maisonrondeau.com\/wp-content\/uploads\/2023\/05\/Scotsman_HID525_MERIDIAN-Distributeur_de_glace_et_d_eau-vue_de_cote.jpg","type":"image\/jpeg"}],"twitter_card":"summary_large_image","twitter_title":"Machine \u00e0 glace - Scotsman - HID525 | Maison Rondeau","twitter_misc":{"Est. reading time":"3 minutes"},"schema":{"@context":"https:\/\/schema.org","@graph":[{"@type":"WebPage","@id":"https:\/\/www.maisonrondeau.com\/en\/product\/scotsman_hid525_meridian_series-ice_and_water_dispenser","url":"https:\/\/www.maisonrondeau.com\/en\/product\/scotsman_hid525_meridian_series-ice_and_water_dispenser","name":"Scotsman HID525 MERIDIAN\u2122 Series - Ice and water dispenser","isPartOf":{"@id":"https:\/\/www.maisonrondeau.com\/en#website"},"primaryImageOfPage":{"@id":"https:\/\/www.maisonrondeau.com\/en\/product\/scotsman_hid525_meridian_series-ice_and_water_dispenser#primaryimage"},"image":{"@id":"https:\/\/www.maisonrondeau.com\/en\/product\/scotsman_hid525_meridian_series-ice_and_water_dispenser#primaryimage"},"thumbnailUrl":"https:\/\/www.maisonrondeau.com\/wp-content\/uploads\/2023\/05\/Scotsman_HID525_MERIDIAN-Distributeur_de_glace_et_d_eau-vue_de_cote.jpg","datePublished":"2019-07-26T18:49:06+00:00","dateModified":"2023-05-25T19:23:37+00:00","description":"The manufacturing technology of this machine offers you two great conveniences with the combination of an ice machine and a water dispenser.","breadcrumb":{"@id":"https:\/\/www.maisonrondeau.com\/en\/product\/scotsman_hid525_meridian_series-ice_and_water_dispenser#breadcrumb"},"inLanguage":"en-CA","potentialAction":[{"@type":"ReadAction","target":["https:\/\/www.maisonrondeau.com\/en\/product\/scotsman_hid525_meridian_series-ice_and_water_dispenser"]}]},{"@type":"ImageObject","inLanguage":"en-CA","@id":"https:\/\/www.maisonrondeau.com\/en\/product\/scotsman_hid525_meridian_series-ice_and_water_dispenser#primaryimage","url":"https:\/\/www.maisonrondeau.com\/wp-content\/uploads\/2023\/05\/Scotsman_HID525_MERIDIAN-Distributeur_de_glace_et_d_eau-vue_de_cote.jpg","contentUrl":"https:\/\/www.maisonrondeau.com\/wp-content\/uploads\/2023\/05\/Scotsman_HID525_MERIDIAN-Distributeur_de_glace_et_d_eau-vue_de_cote.jpg","width":600,"height":600,"caption":"Scotsman HID525 s\u00e9rie MERIDIAN -Distributeur de glace et d'eau - Vue de c\u00f4t\u00e9"},{"@type":"BreadcrumbList","@id":"https:\/\/www.maisonrondeau.com\/en\/product\/scotsman_hid525_meridian_series-ice_and_water_dispenser#breadcrumb","itemListElement":[{"@type":"ListItem","position":1,"name":"Home","item":"https:\/\/www.maisonrondeau.com\/en"},{"@type":"ListItem","position":2,"name":"Catalog","item":"https:\/\/www.maisonrondeau.com\/en\/catalog"},{"@type":"ListItem","position":3,"name":"Scotsman HID525 MERIDIAN\u2122 Series &#8211; Ice and water dispenser"}]},{"@type":"WebSite","@id":"https:\/\/www.maisonrondeau.com\/en#website","url":"https:\/\/www.maisonrondeau.com\/en","name":"Maison Rondeau","description":"L\u00e0 o\u00f9 l\u2019exp\u00e9rience rejoint les tendances.","publisher":{"@id":"https:\/\/www.maisonrondeau.com\/en#organization"},"potentialAction":[{"@type":"SearchAction","target":{"@type":"EntryPoint","urlTemplate":"https:\/\/www.maisonrondeau.com\/en?s={search_term_string}"},"query-input":{"@type":"PropertyValueSpecification","valueRequired":true,"valueName":"search_term_string"}}],"inLanguage":"en-CA"},{"@type":"Organization","@id":"https:\/\/www.maisonrondeau.com\/en#organization","name":"Maison Rondeau","alternateName":"Maison Rondeau \u00c9quipements de Restaurant","url":"https:\/\/www.maisonrondeau.com\/en","logo":{"@type":"ImageObject","inLanguage":"en-CA","@id":"https:\/\/www.maisonrondeau.com\/en#\/schema\/logo\/image\/","url":"https:\/\/www.maisonrondeau.com\/wp-content\/uploads\/2019\/07\/maisonrondeau-1.png","contentUrl":"https:\/\/www.maisonrondeau.com\/wp-content\/uploads\/2019\/07\/maisonrondeau-1.png","width":100,"height":32,"caption":"Maison Rondeau"},"image":{"@id":"https:\/\/www.maisonrondeau.com\/en#\/schema\/logo\/image\/"},"sameAs":["https:\/\/www.facebook.com\/maisonrondeau","http:\/\/ca.linkedin.com\/company\/maison-rondeau"]}]}},"_links":{"self":[{"href":"https:\/\/www.maisonrondeau.com\/en\/wp-json\/wp\/v2\/product\/5619","targetHints":{"allow":["GET"]}}],"collection":[{"href":"https:\/\/www.maisonrondeau.com\/en\/wp-json\/wp\/v2\/product"}],"about":[{"href":"https:\/\/www.maisonrondeau.com\/en\/wp-json\/wp\/v2\/types\/product"}],"replies":[{"embeddable":true,"href":"https:\/\/www.maisonrondeau.com\/en\/wp-json\/wp\/v2\/comments?post=5619"}],"wp:featuredmedia":[{"embeddable":true,"href":"https:\/\/www.maisonrondeau.com\/en\/wp-json\/wp\/v2\/media\/10761"}],"wp:attachment":[{"href":"https:\/\/www.maisonrondeau.com\/en\/wp-json\/wp\/v2\/media?parent=5619"}],"wp:term":[{"taxonomy":"product_brand","embeddable":true,"href":"https:\/\/www.maisonrondeau.com\/en\/wp-json\/wp\/v2\/product_brand?post=5619"},{"taxonomy":"product_cat","embeddable":true,"href":"https:\/\/www.maisonrondeau.com\/en\/wp-json\/wp\/v2\/product_cat?post=5619"},{"taxonomy":"product_tag","embeddable":true,"href":"https:\/\/www.maisonrondeau.com\/en\/wp-json\/wp\/v2\/product_tag?post=5619"}],"curies":[{"name":"wp","href":"https:\/\/api.w.org\/{rel}","templated":true}]}}