{"id":5536,"date":"2019-07-26T18:40:18","date_gmt":"2019-07-26T18:48:08","guid":{"rendered":"https:\/\/www.maisonrondeau.com\/product\/ev36s-1\/"},"modified":"2023-05-25T15:15:48","modified_gmt":"2023-05-25T15:15:48","slug":"vulcan-ev36s-36po-electric-restaurant-range-with-6-french-plates-and-oven-base","status":"publish","type":"product","link":"https:\/\/www.maisonrondeau.com\/en\/product\/vulcan-ev36s-36po-electric-restaurant-range-with-6-french-plates-and-oven-base","title":{"rendered":"Vulcan EV36S &#8211; 36&#8243; Electric Restaurant Range with 6 French plates and oven base"},"content":{"rendered":"<p><em>Item #: 90136S6F2083<\/em><\/p>\n<p>You are a chef in the kitchen or a simple individual and you wish to have anelectric restaurant range to carry out your wonderful dishes. We propose you this stove with 6 cooking plates of 9 1\/2 inches of circumference at a power of 2KW and its big oven of a power of 5KW. An easy handling and a perfect control of the temperatures, will allow you to carry out excellent cookings to serve splendid dishes to your customers or to the family.<\/p>\n<p><strong>MODEL REFERENCES<\/strong><br \/>\nEV36S-6FP208 6 French Plates \/ Four standard large format \/ 208V<br \/>\nEV36S-6FP240 6 French Plates \/ Four standard large format \/ 240V<br \/>\nEV36S-6FP480 6 French Plates \/ Four standard large format \/ 480V<\/p>\n<p><strong>FEATURES<\/strong><br \/>\n\u2022 All aluminum steel frame MIG welded for longer life<br \/>\n\u2022 All stainless steel front, sides, rear riser, shelf and legs<br \/>\n\u2022 Six 9 1\/2&#8243; round French plates of 2KW each with continuous heat control<br \/>\n\u2022 Four position 480 volt heat switch<br \/>\n\u2022 Standard 5KW full size oven with adjustable thermostat from 200\u00b0F to 500\u00b0F<br \/>\n\u2022 Oven interior dimensions: Width; 26 1\u20442&#8243; &#8211; Depth; 26 3\u20448&#8243; &#8211; Height; 14<br \/>\n\u2022 Full-width stainless steel sliding tray for crumb collection<br \/>\n\u2022 Infrared top rack control<br \/>\n\u2022 Rack can have three height positions<br \/>\n\u2022 Requires 208, 240 or 480 volt, 1 or 3 phase power supply<br \/>\n(Ovens are shipped 3-phase and can be converted to single-phase)<br \/>\n\u2022 One year limited parts and labor warranty<\/p>\n<p><strong>DIMENSIONS<\/strong><br \/>\nExterior: Width: 36&#8243; &#8211; Depth: 34&#8243; &#8211; Height: 58&#8243;<br \/>\nInterior: Width: 26 1\/2&#8243; &#8211; Depth: 26 3\/8&#8243; &#8211; Height: 14&#8243;<\/p>\n<p>&nbsp;<\/p>\n<p><img decoding=\"async\" src=\"\/wp-content\/uploads\/2019\/08\/pdficon_large.png\" alt=\"Adobe PDF\" \/> <a href=\"\/wp-content\/uploads\/2023\/05\/Vulcan-EV36S-6FP.pdf\" target=\"_blank\" rel=\"noopener noreferrer\">Manufacturer&#8217;s sheet<\/a><\/p>\n","protected":false},"excerpt":{"rendered":"<p>Item #: 90136S6F2083 You are a chef in the kitchen or a simple individual and you wish to have anelectric restaurant range to carry out your wonderful dishes. We propose you this stove with 6 cooking plates of 9 1\/2 inches of circumference at a power of 2KW and its big oven of a power&hellip;<\/p>\n","protected":false},"featured_media":10749,"comment_status":"closed","ping_status":"closed","template":"","meta":{"_acf_changed":false,"inline_featured_image":false},"product_brand":[],"product_cat":[2654,2663,2661],"product_tag":[1889],"class_list":{"0":"post-5536","1":"product","2":"type-product","3":"status-publish","4":"has-post-thumbnail","6":"product_cat-cooking","7":"product_cat-electric-stove","8":"product_cat-stove","9":"product_tag-vulcan-en","10":"brand-vulcan","12":"first","13":"instock","14":"product-type-simple"},"acf":[],"yoast_head":"<!-- This site is optimized with the Yoast SEO plugin v27.5 - https:\/\/yoast.com\/product\/yoast-seo-wordpress\/ -->\n<title>Vulcan EV36S - 36&quot; Electric Restaurant Range<\/title>\n<meta name=\"description\" content=\"Restaurant electric range with 6 round 9 1\/2&quot; 2KW plates with continuous heat control and 5 KW large format standard oven.\" \/>\n<meta name=\"robots\" content=\"index, follow, max-snippet:-1, max-image-preview:large, max-video-preview:-1\" \/>\n<link rel=\"canonical\" href=\"https:\/\/www.maisonrondeau.com\/en\/product\/vulcan-ev36s-36po-electric-restaurant-range-with-6-french-plates-and-oven-base\" \/>\n<meta property=\"og:locale\" content=\"en_US\" \/>\n<meta property=\"og:type\" content=\"article\" \/>\n<meta property=\"og:title\" content=\"Stove - Vulcan - EV36S | Maison Rondeau\" \/>\n<meta property=\"og:description\" content=\"Maison Rondeau offers the Stove - Vulcan - EV36S and cooking appliances for your commercial restaurant kitchen anywhere in Quebec.\" \/>\n<meta property=\"og:url\" content=\"https:\/\/www.maisonrondeau.com\/en\/product\/vulcan-ev36s-36po-electric-restaurant-range-with-6-french-plates-and-oven-base\" \/>\n<meta property=\"og:site_name\" content=\"Maison Rondeau\" \/>\n<meta property=\"article:publisher\" content=\"https:\/\/www.facebook.com\/maisonrondeau\" \/>\n<meta property=\"article:modified_time\" content=\"2023-05-25T15:15:48+00:00\" \/>\n<meta property=\"og:image\" content=\"https:\/\/www.maisonrondeau.com\/wp-content\/uploads\/2023\/05\/Vulcan_EV36S_Cuisiniere_restaurant_electrique_36_po-PROFIL.webp\" \/>\n\t<meta property=\"og:image:width\" content=\"600\" \/>\n\t<meta property=\"og:image:height\" content=\"600\" \/>\n\t<meta property=\"og:image:type\" content=\"image\/webp\" \/>\n<meta name=\"twitter:card\" content=\"summary_large_image\" \/>\n<meta name=\"twitter:title\" content=\"Stove - Vulcan - EV36S | Maison Rondeau\" \/>\n<meta name=\"twitter:description\" content=\"Maison Rondeau offers the Stove - Vulcan - EV36S and cooking appliances for your commercial restaurant kitchen anywhere in Quebec.\" \/>\n<meta name=\"twitter:label1\" content=\"Est. reading time\" \/>\n\t<meta name=\"twitter:data1\" content=\"2 minutes\" \/>\n<!-- \/ Yoast SEO plugin. -->","yoast_head_json":{"title":"Vulcan EV36S - 36\" Electric Restaurant Range","description":"Restaurant electric range with 6 round 9 1\/2\" 2KW plates with continuous heat control and 5 KW large format standard oven.","robots":{"index":"index","follow":"follow","max-snippet":"max-snippet:-1","max-image-preview":"max-image-preview:large","max-video-preview":"max-video-preview:-1"},"canonical":"https:\/\/www.maisonrondeau.com\/en\/product\/vulcan-ev36s-36po-electric-restaurant-range-with-6-french-plates-and-oven-base","og_locale":"en_US","og_type":"article","og_title":"Stove - Vulcan - EV36S | Maison Rondeau","og_description":"Maison Rondeau offers the Stove - Vulcan - EV36S and cooking appliances for your commercial restaurant kitchen anywhere in Quebec.","og_url":"https:\/\/www.maisonrondeau.com\/en\/product\/vulcan-ev36s-36po-electric-restaurant-range-with-6-french-plates-and-oven-base","og_site_name":"Maison Rondeau","article_publisher":"https:\/\/www.facebook.com\/maisonrondeau","article_modified_time":"2023-05-25T15:15:48+00:00","og_image":[{"width":600,"height":600,"url":"https:\/\/www.maisonrondeau.com\/wp-content\/uploads\/2023\/05\/Vulcan_EV36S_Cuisiniere_restaurant_electrique_36_po-PROFIL.webp","type":"image\/webp"}],"twitter_card":"summary_large_image","twitter_title":"Stove - Vulcan - EV36S | Maison Rondeau","twitter_description":"Maison Rondeau offers the Stove - Vulcan - EV36S and cooking appliances for your commercial restaurant kitchen anywhere in Quebec.","twitter_misc":{"Est. reading time":"2 minutes"},"schema":{"@context":"https:\/\/schema.org","@graph":[{"@type":"WebPage","@id":"https:\/\/www.maisonrondeau.com\/en\/product\/vulcan-ev36s-36po-electric-restaurant-range-with-6-french-plates-and-oven-base","url":"https:\/\/www.maisonrondeau.com\/en\/product\/vulcan-ev36s-36po-electric-restaurant-range-with-6-french-plates-and-oven-base","name":"Vulcan EV36S - 36\" Electric Restaurant Range","isPartOf":{"@id":"https:\/\/www.maisonrondeau.com\/en#website"},"primaryImageOfPage":{"@id":"https:\/\/www.maisonrondeau.com\/en\/product\/vulcan-ev36s-36po-electric-restaurant-range-with-6-french-plates-and-oven-base#primaryimage"},"image":{"@id":"https:\/\/www.maisonrondeau.com\/en\/product\/vulcan-ev36s-36po-electric-restaurant-range-with-6-french-plates-and-oven-base#primaryimage"},"thumbnailUrl":"https:\/\/www.maisonrondeau.com\/wp-content\/uploads\/2023\/05\/Vulcan_EV36S_Cuisiniere_restaurant_electrique_36_po-PROFIL.webp","datePublished":"2019-07-26T18:48:08+00:00","dateModified":"2023-05-25T15:15:48+00:00","description":"Restaurant electric range with 6 round 9 1\/2\" 2KW plates with continuous heat control and 5 KW large format standard oven.","breadcrumb":{"@id":"https:\/\/www.maisonrondeau.com\/en\/product\/vulcan-ev36s-36po-electric-restaurant-range-with-6-french-plates-and-oven-base#breadcrumb"},"inLanguage":"en-CA","potentialAction":[{"@type":"ReadAction","target":["https:\/\/www.maisonrondeau.com\/en\/product\/vulcan-ev36s-36po-electric-restaurant-range-with-6-french-plates-and-oven-base"]}]},{"@type":"ImageObject","inLanguage":"en-CA","@id":"https:\/\/www.maisonrondeau.com\/en\/product\/vulcan-ev36s-36po-electric-restaurant-range-with-6-french-plates-and-oven-base#primaryimage","url":"https:\/\/www.maisonrondeau.com\/wp-content\/uploads\/2023\/05\/Vulcan_EV36S_Cuisiniere_restaurant_electrique_36_po-PROFIL.webp","contentUrl":"https:\/\/www.maisonrondeau.com\/wp-content\/uploads\/2023\/05\/Vulcan_EV36S_Cuisiniere_restaurant_electrique_36_po-PROFIL.webp","width":600,"height":600,"caption":"Vulcan EV36S - Cuisini\u00e8re restaurant \u00e9lectrique de 36 po avec 6 plaques fran\u00e7aises et base de four - Vue de c\u00f4t\u00e9"},{"@type":"BreadcrumbList","@id":"https:\/\/www.maisonrondeau.com\/en\/product\/vulcan-ev36s-36po-electric-restaurant-range-with-6-french-plates-and-oven-base#breadcrumb","itemListElement":[{"@type":"ListItem","position":1,"name":"Home","item":"https:\/\/www.maisonrondeau.com\/en"},{"@type":"ListItem","position":2,"name":"Catalog","item":"https:\/\/www.maisonrondeau.com\/en\/catalog"},{"@type":"ListItem","position":3,"name":"Vulcan EV36S &#8211; 36&Prime; Electric Restaurant Range with 6 French plates and oven base"}]},{"@type":"WebSite","@id":"https:\/\/www.maisonrondeau.com\/en#website","url":"https:\/\/www.maisonrondeau.com\/en","name":"Maison Rondeau","description":"L\u00e0 o\u00f9 l\u2019exp\u00e9rience rejoint les tendances.","publisher":{"@id":"https:\/\/www.maisonrondeau.com\/en#organization"},"potentialAction":[{"@type":"SearchAction","target":{"@type":"EntryPoint","urlTemplate":"https:\/\/www.maisonrondeau.com\/en?s={search_term_string}"},"query-input":{"@type":"PropertyValueSpecification","valueRequired":true,"valueName":"search_term_string"}}],"inLanguage":"en-CA"},{"@type":"Organization","@id":"https:\/\/www.maisonrondeau.com\/en#organization","name":"Maison Rondeau","alternateName":"Maison Rondeau \u00c9quipements de Restaurant","url":"https:\/\/www.maisonrondeau.com\/en","logo":{"@type":"ImageObject","inLanguage":"en-CA","@id":"https:\/\/www.maisonrondeau.com\/en#\/schema\/logo\/image\/","url":"https:\/\/www.maisonrondeau.com\/wp-content\/uploads\/2019\/07\/maisonrondeau-1.png","contentUrl":"https:\/\/www.maisonrondeau.com\/wp-content\/uploads\/2019\/07\/maisonrondeau-1.png","width":100,"height":32,"caption":"Maison Rondeau"},"image":{"@id":"https:\/\/www.maisonrondeau.com\/en#\/schema\/logo\/image\/"},"sameAs":["https:\/\/www.facebook.com\/maisonrondeau","http:\/\/ca.linkedin.com\/company\/maison-rondeau"]}]}},"_links":{"self":[{"href":"https:\/\/www.maisonrondeau.com\/en\/wp-json\/wp\/v2\/product\/5536","targetHints":{"allow":["GET"]}}],"collection":[{"href":"https:\/\/www.maisonrondeau.com\/en\/wp-json\/wp\/v2\/product"}],"about":[{"href":"https:\/\/www.maisonrondeau.com\/en\/wp-json\/wp\/v2\/types\/product"}],"replies":[{"embeddable":true,"href":"https:\/\/www.maisonrondeau.com\/en\/wp-json\/wp\/v2\/comments?post=5536"}],"wp:featuredmedia":[{"embeddable":true,"href":"https:\/\/www.maisonrondeau.com\/en\/wp-json\/wp\/v2\/media\/10749"}],"wp:attachment":[{"href":"https:\/\/www.maisonrondeau.com\/en\/wp-json\/wp\/v2\/media?parent=5536"}],"wp:term":[{"taxonomy":"product_brand","embeddable":true,"href":"https:\/\/www.maisonrondeau.com\/en\/wp-json\/wp\/v2\/product_brand?post=5536"},{"taxonomy":"product_cat","embeddable":true,"href":"https:\/\/www.maisonrondeau.com\/en\/wp-json\/wp\/v2\/product_cat?post=5536"},{"taxonomy":"product_tag","embeddable":true,"href":"https:\/\/www.maisonrondeau.com\/en\/wp-json\/wp\/v2\/product_tag?post=5536"}],"curies":[{"name":"wp","href":"https:\/\/api.w.org\/{rel}","templated":true}]}}