{"id":5266,"date":"2019-07-26T18:38:42","date_gmt":"2019-07-26T18:45:07","guid":{"rendered":"https:\/\/www.maisonrondeau.com\/product\/af-12-1\/"},"modified":"2023-12-20T21:25:02","modified_gmt":"2023-12-20T21:25:02","slug":"dormont-lfaf-12-r-additional-power-force-pre-rinse-faucet-12-swivel-spoutdormont-lfaf-12-r-additional-power-force-pre-rinse-faucet-12po-swivel-spout","status":"publish","type":"product","link":"https:\/\/www.maisonrondeau.com\/en\/product\/dormont-lfaf-12-r-additional-power-force-pre-rinse-faucet-12-swivel-spoutdormont-lfaf-12-r-additional-power-force-pre-rinse-faucet-12po-swivel-spout","title":{"rendered":"Dormont LFAF-12-R Additional Power Force pre-rinse faucet &#8211; 12po swivel spout"},"content":{"rendered":"<p>The Dormont LFAF-12-R is an additional Power Force pre-rinse faucet designed for use in commercial kitchens. This reliable equipment is ideal for restaurants, cafeterias and other catering establishments.<br \/>\nIt features a 12&#8243; swivel spout, making it easy to rinse objects of different shapes and sizes. It is designed to withstand the rigors of daily use in a professional kitchen.<br \/>\nThis faucet is equipped with a sturdy handle that allows easy adjustment of the water flow to suit your specific needs, whether for filling containers or cleaning tasks.<br \/>\nWhether you need an additional faucet for your kitchen sink or for other uses, the Dormont LFAF-12-R faucet is a reliable choice that will deliver optimal performance and ease of use.<\/p>\n<p><span style=\"background-color: #f0f0f1;\"><br \/>\n<strong>Features Dormont LFAF-12-R<\/strong><br \/>\nHeavy-duty swivel spout<br \/>\nSpout length: 12 inches<br \/>\nSpout type: Swing<br \/>\nMaterial: Chrome-plated brass<br \/>\nItem number: D036.AF-12<\/span><\/p>\n","protected":false},"excerpt":{"rendered":"<p>The Dormont LFAF-12-R is an additional Power Force pre-rinse faucet designed for use in commercial kitchens. This reliable equipment is ideal for restaurants, cafeterias and other catering establishments. It features a 12&#8243; swivel spout, making it easy to rinse objects of different shapes and sizes. It is designed to withstand the rigors of daily use&hellip;<\/p>\n","protected":false},"featured_media":12758,"comment_status":"closed","ping_status":"closed","template":"","meta":{"_acf_changed":false,"inline_featured_image":false},"product_brand":[],"product_cat":[2717,2709],"product_tag":[1835],"class_list":{"0":"post-5266","1":"product","2":"type-product","3":"status-publish","4":"has-post-thumbnail","6":"product_cat-faucets","7":"product_cat-washing","8":"product_tag-dormont-en","9":"brand-dormont","11":"first","12":"instock","13":"product-type-simple"},"acf":[],"yoast_head":"<!-- This site is optimized with the Yoast SEO plugin v27.5 - https:\/\/yoast.com\/product\/yoast-seo-wordpress\/ -->\n<title>Dormont LFAF-12-R Additional Power Force pre-rinse faucet<\/title>\n<meta name=\"description\" content=\"The Dormont LFAF-12-R is an additional Power Force pre-rinse faucet designed for use in commercial kitchens. Id\u00e9al pour les \u00e9tablissements de restauration.\" \/>\n<meta name=\"robots\" content=\"index, follow, max-snippet:-1, max-image-preview:large, max-video-preview:-1\" \/>\n<link rel=\"canonical\" href=\"https:\/\/www.maisonrondeau.com\/en\/product\/dormont-lfaf-12-r-additional-power-force-pre-rinse-faucet-12-swivel-spoutdormont-lfaf-12-r-additional-power-force-pre-rinse-faucet-12po-swivel-spout\" \/>\n<meta property=\"og:locale\" content=\"en_US\" \/>\n<meta property=\"og:type\" content=\"article\" \/>\n<meta property=\"og:title\" content=\"Taps - Dormont - AF-12 | Maison Rondeau\" \/>\n<meta property=\"og:description\" content=\"Maison Rondeau offers the Taps - Dormont - AF-12 and cooking appliances for your commercial restaurant kitchen anywhere in Quebec.\" \/>\n<meta property=\"og:url\" content=\"https:\/\/www.maisonrondeau.com\/en\/product\/dormont-lfaf-12-r-additional-power-force-pre-rinse-faucet-12-swivel-spoutdormont-lfaf-12-r-additional-power-force-pre-rinse-faucet-12po-swivel-spout\" \/>\n<meta property=\"og:site_name\" content=\"Maison Rondeau\" \/>\n<meta property=\"article:publisher\" content=\"https:\/\/www.facebook.com\/maisonrondeau\" \/>\n<meta property=\"article:modified_time\" content=\"2023-12-20T21:25:02+00:00\" \/>\n<meta property=\"og:image\" content=\"https:\/\/www.maisonrondeau.com\/wp-content\/uploads\/2023\/12\/Dormont_LFAF-12-R-Robinet_supplementaire_de_prerincage_Power_Force.jpg\" \/>\n\t<meta property=\"og:image:width\" content=\"600\" \/>\n\t<meta property=\"og:image:height\" content=\"600\" \/>\n\t<meta property=\"og:image:type\" content=\"image\/jpeg\" \/>\n<meta name=\"twitter:card\" content=\"summary_large_image\" \/>\n<meta name=\"twitter:title\" content=\"Taps - Dormont - AF-12 | Maison Rondeau\" \/>\n<meta name=\"twitter:description\" content=\"Maison Rondeau offers the Taps - Dormont - AF-12 and cooking appliances for your commercial restaurant kitchen anywhere in Quebec.\" \/>\n<meta name=\"twitter:label1\" content=\"Est. reading time\" \/>\n\t<meta name=\"twitter:data1\" content=\"1 minute\" \/>\n<!-- \/ Yoast SEO plugin. -->","yoast_head_json":{"title":"Dormont LFAF-12-R Additional Power Force pre-rinse faucet","description":"The Dormont LFAF-12-R is an additional Power Force pre-rinse faucet designed for use in commercial kitchens. Id\u00e9al pour les \u00e9tablissements de restauration.","robots":{"index":"index","follow":"follow","max-snippet":"max-snippet:-1","max-image-preview":"max-image-preview:large","max-video-preview":"max-video-preview:-1"},"canonical":"https:\/\/www.maisonrondeau.com\/en\/product\/dormont-lfaf-12-r-additional-power-force-pre-rinse-faucet-12-swivel-spoutdormont-lfaf-12-r-additional-power-force-pre-rinse-faucet-12po-swivel-spout","og_locale":"en_US","og_type":"article","og_title":"Taps - Dormont - AF-12 | Maison Rondeau","og_description":"Maison Rondeau offers the Taps - Dormont - AF-12 and cooking appliances for your commercial restaurant kitchen anywhere in Quebec.","og_url":"https:\/\/www.maisonrondeau.com\/en\/product\/dormont-lfaf-12-r-additional-power-force-pre-rinse-faucet-12-swivel-spoutdormont-lfaf-12-r-additional-power-force-pre-rinse-faucet-12po-swivel-spout","og_site_name":"Maison Rondeau","article_publisher":"https:\/\/www.facebook.com\/maisonrondeau","article_modified_time":"2023-12-20T21:25:02+00:00","og_image":[{"width":600,"height":600,"url":"https:\/\/www.maisonrondeau.com\/wp-content\/uploads\/2023\/12\/Dormont_LFAF-12-R-Robinet_supplementaire_de_prerincage_Power_Force.jpg","type":"image\/jpeg"}],"twitter_card":"summary_large_image","twitter_title":"Taps - Dormont - AF-12 | Maison Rondeau","twitter_description":"Maison Rondeau offers the Taps - Dormont - AF-12 and cooking appliances for your commercial restaurant kitchen anywhere in Quebec.","twitter_misc":{"Est. reading time":"1 minute"},"schema":{"@context":"https:\/\/schema.org","@graph":[{"@type":"WebPage","@id":"https:\/\/www.maisonrondeau.com\/en\/product\/dormont-lfaf-12-r-additional-power-force-pre-rinse-faucet-12-swivel-spoutdormont-lfaf-12-r-additional-power-force-pre-rinse-faucet-12po-swivel-spout","url":"https:\/\/www.maisonrondeau.com\/en\/product\/dormont-lfaf-12-r-additional-power-force-pre-rinse-faucet-12-swivel-spoutdormont-lfaf-12-r-additional-power-force-pre-rinse-faucet-12po-swivel-spout","name":"Dormont LFAF-12-R Additional Power Force pre-rinse faucet","isPartOf":{"@id":"https:\/\/www.maisonrondeau.com\/en#website"},"primaryImageOfPage":{"@id":"https:\/\/www.maisonrondeau.com\/en\/product\/dormont-lfaf-12-r-additional-power-force-pre-rinse-faucet-12-swivel-spoutdormont-lfaf-12-r-additional-power-force-pre-rinse-faucet-12po-swivel-spout#primaryimage"},"image":{"@id":"https:\/\/www.maisonrondeau.com\/en\/product\/dormont-lfaf-12-r-additional-power-force-pre-rinse-faucet-12-swivel-spoutdormont-lfaf-12-r-additional-power-force-pre-rinse-faucet-12po-swivel-spout#primaryimage"},"thumbnailUrl":"https:\/\/www.maisonrondeau.com\/wp-content\/uploads\/2023\/12\/Dormont_LFAF-12-R-Robinet_supplementaire_de_prerincage_Power_Force.jpg","datePublished":"2019-07-26T18:45:07+00:00","dateModified":"2023-12-20T21:25:02+00:00","description":"The Dormont LFAF-12-R is an additional Power Force pre-rinse faucet designed for use in commercial kitchens. Id\u00e9al pour les \u00e9tablissements de restauration.","breadcrumb":{"@id":"https:\/\/www.maisonrondeau.com\/en\/product\/dormont-lfaf-12-r-additional-power-force-pre-rinse-faucet-12-swivel-spoutdormont-lfaf-12-r-additional-power-force-pre-rinse-faucet-12po-swivel-spout#breadcrumb"},"inLanguage":"en-CA","potentialAction":[{"@type":"ReadAction","target":["https:\/\/www.maisonrondeau.com\/en\/product\/dormont-lfaf-12-r-additional-power-force-pre-rinse-faucet-12-swivel-spoutdormont-lfaf-12-r-additional-power-force-pre-rinse-faucet-12po-swivel-spout"]}]},{"@type":"ImageObject","inLanguage":"en-CA","@id":"https:\/\/www.maisonrondeau.com\/en\/product\/dormont-lfaf-12-r-additional-power-force-pre-rinse-faucet-12-swivel-spoutdormont-lfaf-12-r-additional-power-force-pre-rinse-faucet-12po-swivel-spout#primaryimage","url":"https:\/\/www.maisonrondeau.com\/wp-content\/uploads\/2023\/12\/Dormont_LFAF-12-R-Robinet_supplementaire_de_prerincage_Power_Force.jpg","contentUrl":"https:\/\/www.maisonrondeau.com\/wp-content\/uploads\/2023\/12\/Dormont_LFAF-12-R-Robinet_supplementaire_de_prerincage_Power_Force.jpg","width":600,"height":600,"caption":"Dormont LFAF-12-R Robinet suppl\u00e9mentaire de pr\u00e9rin\u00e7age Power Force"},{"@type":"BreadcrumbList","@id":"https:\/\/www.maisonrondeau.com\/en\/product\/dormont-lfaf-12-r-additional-power-force-pre-rinse-faucet-12-swivel-spoutdormont-lfaf-12-r-additional-power-force-pre-rinse-faucet-12po-swivel-spout#breadcrumb","itemListElement":[{"@type":"ListItem","position":1,"name":"Home","item":"https:\/\/www.maisonrondeau.com\/en"},{"@type":"ListItem","position":2,"name":"Catalog","item":"https:\/\/www.maisonrondeau.com\/en\/catalog"},{"@type":"ListItem","position":3,"name":"Dormont LFAF-12-R Additional Power Force pre-rinse faucet &#8211; 12po swivel spout"}]},{"@type":"WebSite","@id":"https:\/\/www.maisonrondeau.com\/en#website","url":"https:\/\/www.maisonrondeau.com\/en","name":"Maison Rondeau","description":"L\u00e0 o\u00f9 l\u2019exp\u00e9rience rejoint les tendances.","publisher":{"@id":"https:\/\/www.maisonrondeau.com\/en#organization"},"potentialAction":[{"@type":"SearchAction","target":{"@type":"EntryPoint","urlTemplate":"https:\/\/www.maisonrondeau.com\/en?s={search_term_string}"},"query-input":{"@type":"PropertyValueSpecification","valueRequired":true,"valueName":"search_term_string"}}],"inLanguage":"en-CA"},{"@type":"Organization","@id":"https:\/\/www.maisonrondeau.com\/en#organization","name":"Maison Rondeau","alternateName":"Maison Rondeau \u00c9quipements de Restaurant","url":"https:\/\/www.maisonrondeau.com\/en","logo":{"@type":"ImageObject","inLanguage":"en-CA","@id":"https:\/\/www.maisonrondeau.com\/en#\/schema\/logo\/image\/","url":"https:\/\/www.maisonrondeau.com\/wp-content\/uploads\/2019\/07\/maisonrondeau-1.png","contentUrl":"https:\/\/www.maisonrondeau.com\/wp-content\/uploads\/2019\/07\/maisonrondeau-1.png","width":100,"height":32,"caption":"Maison Rondeau"},"image":{"@id":"https:\/\/www.maisonrondeau.com\/en#\/schema\/logo\/image\/"},"sameAs":["https:\/\/www.facebook.com\/maisonrondeau","http:\/\/ca.linkedin.com\/company\/maison-rondeau"]}]}},"_links":{"self":[{"href":"https:\/\/www.maisonrondeau.com\/en\/wp-json\/wp\/v2\/product\/5266","targetHints":{"allow":["GET"]}}],"collection":[{"href":"https:\/\/www.maisonrondeau.com\/en\/wp-json\/wp\/v2\/product"}],"about":[{"href":"https:\/\/www.maisonrondeau.com\/en\/wp-json\/wp\/v2\/types\/product"}],"replies":[{"embeddable":true,"href":"https:\/\/www.maisonrondeau.com\/en\/wp-json\/wp\/v2\/comments?post=5266"}],"wp:featuredmedia":[{"embeddable":true,"href":"https:\/\/www.maisonrondeau.com\/en\/wp-json\/wp\/v2\/media\/12758"}],"wp:attachment":[{"href":"https:\/\/www.maisonrondeau.com\/en\/wp-json\/wp\/v2\/media?parent=5266"}],"wp:term":[{"taxonomy":"product_brand","embeddable":true,"href":"https:\/\/www.maisonrondeau.com\/en\/wp-json\/wp\/v2\/product_brand?post=5266"},{"taxonomy":"product_cat","embeddable":true,"href":"https:\/\/www.maisonrondeau.com\/en\/wp-json\/wp\/v2\/product_cat?post=5266"},{"taxonomy":"product_tag","embeddable":true,"href":"https:\/\/www.maisonrondeau.com\/en\/wp-json\/wp\/v2\/product_tag?post=5266"}],"curies":[{"name":"wp","href":"https:\/\/api.w.org\/{rel}","templated":true}]}}