{"id":15667,"date":"2024-10-02T14:28:48","date_gmt":"2024-10-02T14:39:55","guid":{"rendered":"https:\/\/www.maisonrondeau.com\/?post_type=product&#038;p=15667"},"modified":"2024-10-02T16:41:08","modified_gmt":"2024-10-02T16:41:08","slug":"coffee-bowl-dudson-evo-pearl-cafe-au-lait-bowl-10-oz-18-box","status":"publish","type":"product","link":"https:\/\/www.maisonrondeau.com\/en\/product\/coffee-bowl-dudson-evo-pearl-cafe-au-lait-bowl-10-oz-18-box","title":{"rendered":"Coffee bowl &#8211; Dudson Evo Pearl &#8211; Caf\u00e9 au lait bowl &#8211; 10 oz &#8211; 18\/box"},"content":{"rendered":"<p><strong>Price per unit; 10.00 $<\/strong><br \/>\n<strong>Sold by the box: 18 unit\u00e9s \/ box<\/strong><br \/>\n<strong>Item# : 4EVP099R<\/strong><\/p>\n<p>The Dudson porcelain coffee bowl offers clean aesthetics and reliable durability for the everyday needs of professionals.<\/p>\n<p><span style=\"background-color: #f0f0f1;\">Forme : Conique<br \/>\nMat\u00e9riau : Porcelaine<br \/>\nCouleur : Cr\u00e8me<br \/>\nCapacit\u00e9 : 10 oz<br \/>\nDiam\u00e8tre : 3 3\/4 po<br \/>\nHauteur : 3 po<br \/>\nLave-vaisselle : Oui<br \/>\nMicro-ondes :  Oui<br \/>\nCarton de : 18 unit\u00e9s<br \/>\nPoids du carton : 19 lb<br \/>\nQuantit\u00e9 disponible : 78 unit\u00e9s &#8211; 6.5 dz<br \/>\n<\/span><\/p>\n","protected":false},"excerpt":{"rendered":"<p>Price per unit; 10.00 $ Sold by the box: 18 unit\u00e9s \/ box Item# : 4EVP099R The Dudson porcelain coffee bowl offers clean aesthetics and reliable durability for the everyday needs of professionals. Forme : Conique Mat\u00e9riau : Porcelaine Couleur : Cr\u00e8me Capacit\u00e9 : 10 oz Diam\u00e8tre : 3 3\/4 po Hauteur : 3 po&hellip;<\/p>\n","protected":false},"featured_media":15660,"comment_status":"closed","ping_status":"closed","template":"","meta":{"_acf_changed":false,"inline_featured_image":false},"product_brand":[],"product_cat":[2786,2777],"product_tag":[1812],"class_list":{"0":"post-15667","1":"product","2":"type-product","3":"status-publish","4":"has-post-thumbnail","6":"product_cat-bowl","7":"product_cat-dishes","8":"product_tag-liquidation","9":"brand-dudson","11":"first","12":"instock","13":"shipping-taxable","14":"purchasable","15":"product-type-simple"},"acf":[],"yoast_head":"<!-- This site is optimized with the Yoast SEO plugin v27.5 - https:\/\/yoast.com\/product\/yoast-seo-wordpress\/ -->\n<title>Coffee bowl - Dudson Evo Pearl - Caf\u00e9 au lait bowl - 10 oz - 18\/box<\/title>\n<meta name=\"description\" content=\"Coffee bowl - Capacity: 10 oz - Diameter: 3 3\/4 in. - Height: 3 in. - Material: Porcelain - Color: Cream - Dishwasher: Yes - Microwave: Yes\" \/>\n<meta name=\"robots\" content=\"index, follow, max-snippet:-1, max-image-preview:large, max-video-preview:-1\" \/>\n<link rel=\"canonical\" href=\"https:\/\/www.maisonrondeau.com\/en\/product\/coffee-bowl-dudson-evo-pearl-cafe-au-lait-bowl-10-oz-18-box\" \/>\n<meta property=\"og:locale\" content=\"en_US\" \/>\n<meta property=\"og:type\" content=\"article\" \/>\n<meta property=\"og:title\" content=\"Coffee bowl - Dudson Evo Pearl - Caf\u00e9 au lait bowl - 10 oz - 18\/box\" \/>\n<meta property=\"og:description\" content=\"Coffee bowl - Capacity: 10 oz - Diameter: 3 3\/4 in. - Height: 3 in. - Material: Porcelain - Color: Cream - Dishwasher: Yes - Microwave: Yes\" \/>\n<meta property=\"og:url\" content=\"https:\/\/www.maisonrondeau.com\/en\/product\/coffee-bowl-dudson-evo-pearl-cafe-au-lait-bowl-10-oz-18-box\" \/>\n<meta property=\"og:site_name\" content=\"Maison Rondeau\" \/>\n<meta property=\"article:publisher\" content=\"https:\/\/www.facebook.com\/maisonrondeau\" \/>\n<meta property=\"article:modified_time\" content=\"2024-10-02T16:41:08+00:00\" \/>\n<meta property=\"og:image\" content=\"https:\/\/www.maisonrondeau.com\/wp-content\/uploads\/2024\/10\/dudson-4EVP099R-1.jpg\" \/>\n\t<meta property=\"og:image:width\" content=\"1000\" \/>\n\t<meta property=\"og:image:height\" content=\"1000\" \/>\n\t<meta property=\"og:image:type\" content=\"image\/jpeg\" \/>\n<meta name=\"twitter:card\" content=\"summary_large_image\" \/>\n<meta name=\"twitter:label1\" content=\"Est. reading time\" \/>\n\t<meta name=\"twitter:data1\" content=\"1 minute\" \/>\n<!-- \/ Yoast SEO plugin. -->","yoast_head_json":{"title":"Coffee bowl - Dudson Evo Pearl - Caf\u00e9 au lait bowl - 10 oz - 18\/box","description":"Coffee bowl - Capacity: 10 oz - Diameter: 3 3\/4 in. - Height: 3 in. - Material: Porcelain - Color: Cream - Dishwasher: Yes - Microwave: Yes","robots":{"index":"index","follow":"follow","max-snippet":"max-snippet:-1","max-image-preview":"max-image-preview:large","max-video-preview":"max-video-preview:-1"},"canonical":"https:\/\/www.maisonrondeau.com\/en\/product\/coffee-bowl-dudson-evo-pearl-cafe-au-lait-bowl-10-oz-18-box","og_locale":"en_US","og_type":"article","og_title":"Coffee bowl - Dudson Evo Pearl - Caf\u00e9 au lait bowl - 10 oz - 18\/box","og_description":"Coffee bowl - Capacity: 10 oz - Diameter: 3 3\/4 in. - Height: 3 in. - Material: Porcelain - Color: Cream - Dishwasher: Yes - Microwave: Yes","og_url":"https:\/\/www.maisonrondeau.com\/en\/product\/coffee-bowl-dudson-evo-pearl-cafe-au-lait-bowl-10-oz-18-box","og_site_name":"Maison Rondeau","article_publisher":"https:\/\/www.facebook.com\/maisonrondeau","article_modified_time":"2024-10-02T16:41:08+00:00","og_image":[{"width":1000,"height":1000,"url":"https:\/\/www.maisonrondeau.com\/wp-content\/uploads\/2024\/10\/dudson-4EVP099R-1.jpg","type":"image\/jpeg"}],"twitter_card":"summary_large_image","twitter_misc":{"Est. reading time":"1 minute"},"schema":{"@context":"https:\/\/schema.org","@graph":[{"@type":"WebPage","@id":"https:\/\/www.maisonrondeau.com\/en\/product\/coffee-bowl-dudson-evo-pearl-cafe-au-lait-bowl-10-oz-18-box","url":"https:\/\/www.maisonrondeau.com\/en\/product\/coffee-bowl-dudson-evo-pearl-cafe-au-lait-bowl-10-oz-18-box","name":"Coffee bowl - Dudson Evo Pearl - Caf\u00e9 au lait bowl - 10 oz - 18\/box","isPartOf":{"@id":"https:\/\/www.maisonrondeau.com\/en#website"},"primaryImageOfPage":{"@id":"https:\/\/www.maisonrondeau.com\/en\/product\/coffee-bowl-dudson-evo-pearl-cafe-au-lait-bowl-10-oz-18-box#primaryimage"},"image":{"@id":"https:\/\/www.maisonrondeau.com\/en\/product\/coffee-bowl-dudson-evo-pearl-cafe-au-lait-bowl-10-oz-18-box#primaryimage"},"thumbnailUrl":"https:\/\/www.maisonrondeau.com\/wp-content\/uploads\/2024\/10\/dudson-4EVP099R-1.jpg","datePublished":"2024-10-02T14:39:55+00:00","dateModified":"2024-10-02T16:41:08+00:00","description":"Coffee bowl - Capacity: 10 oz - Diameter: 3 3\/4 in. - Height: 3 in. - Material: Porcelain - Color: Cream - Dishwasher: Yes - Microwave: Yes","breadcrumb":{"@id":"https:\/\/www.maisonrondeau.com\/en\/product\/coffee-bowl-dudson-evo-pearl-cafe-au-lait-bowl-10-oz-18-box#breadcrumb"},"inLanguage":"en-CA","potentialAction":[{"@type":"ReadAction","target":["https:\/\/www.maisonrondeau.com\/en\/product\/coffee-bowl-dudson-evo-pearl-cafe-au-lait-bowl-10-oz-18-box"]}]},{"@type":"ImageObject","inLanguage":"en-CA","@id":"https:\/\/www.maisonrondeau.com\/en\/product\/coffee-bowl-dudson-evo-pearl-cafe-au-lait-bowl-10-oz-18-box#primaryimage","url":"https:\/\/www.maisonrondeau.com\/wp-content\/uploads\/2024\/10\/dudson-4EVP099R-1.jpg","contentUrl":"https:\/\/www.maisonrondeau.com\/wp-content\/uploads\/2024\/10\/dudson-4EVP099R-1.jpg","width":1000,"height":1000},{"@type":"BreadcrumbList","@id":"https:\/\/www.maisonrondeau.com\/en\/product\/coffee-bowl-dudson-evo-pearl-cafe-au-lait-bowl-10-oz-18-box#breadcrumb","itemListElement":[{"@type":"ListItem","position":1,"name":"Home","item":"https:\/\/www.maisonrondeau.com\/en"},{"@type":"ListItem","position":2,"name":"Catalog","item":"https:\/\/www.maisonrondeau.com\/en\/catalog"},{"@type":"ListItem","position":3,"name":"Coffee bowl &#8211; Dudson Evo Pearl &#8211; Caf\u00e9 au lait bowl &#8211; 10 oz &#8211; 18\/box"}]},{"@type":"WebSite","@id":"https:\/\/www.maisonrondeau.com\/en#website","url":"https:\/\/www.maisonrondeau.com\/en","name":"Maison Rondeau","description":"L\u00e0 o\u00f9 l\u2019exp\u00e9rience rejoint les tendances.","publisher":{"@id":"https:\/\/www.maisonrondeau.com\/en#organization"},"potentialAction":[{"@type":"SearchAction","target":{"@type":"EntryPoint","urlTemplate":"https:\/\/www.maisonrondeau.com\/en?s={search_term_string}"},"query-input":{"@type":"PropertyValueSpecification","valueRequired":true,"valueName":"search_term_string"}}],"inLanguage":"en-CA"},{"@type":"Organization","@id":"https:\/\/www.maisonrondeau.com\/en#organization","name":"Maison Rondeau","alternateName":"Maison Rondeau \u00c9quipements de Restaurant","url":"https:\/\/www.maisonrondeau.com\/en","logo":{"@type":"ImageObject","inLanguage":"en-CA","@id":"https:\/\/www.maisonrondeau.com\/en#\/schema\/logo\/image\/","url":"https:\/\/www.maisonrondeau.com\/wp-content\/uploads\/2019\/07\/maisonrondeau-1.png","contentUrl":"https:\/\/www.maisonrondeau.com\/wp-content\/uploads\/2019\/07\/maisonrondeau-1.png","width":100,"height":32,"caption":"Maison Rondeau"},"image":{"@id":"https:\/\/www.maisonrondeau.com\/en#\/schema\/logo\/image\/"},"sameAs":["https:\/\/www.facebook.com\/maisonrondeau","http:\/\/ca.linkedin.com\/company\/maison-rondeau"]}]}},"_links":{"self":[{"href":"https:\/\/www.maisonrondeau.com\/en\/wp-json\/wp\/v2\/product\/15667","targetHints":{"allow":["GET"]}}],"collection":[{"href":"https:\/\/www.maisonrondeau.com\/en\/wp-json\/wp\/v2\/product"}],"about":[{"href":"https:\/\/www.maisonrondeau.com\/en\/wp-json\/wp\/v2\/types\/product"}],"replies":[{"embeddable":true,"href":"https:\/\/www.maisonrondeau.com\/en\/wp-json\/wp\/v2\/comments?post=15667"}],"wp:featuredmedia":[{"embeddable":true,"href":"https:\/\/www.maisonrondeau.com\/en\/wp-json\/wp\/v2\/media\/15660"}],"wp:attachment":[{"href":"https:\/\/www.maisonrondeau.com\/en\/wp-json\/wp\/v2\/media?parent=15667"}],"wp:term":[{"taxonomy":"product_brand","embeddable":true,"href":"https:\/\/www.maisonrondeau.com\/en\/wp-json\/wp\/v2\/product_brand?post=15667"},{"taxonomy":"product_cat","embeddable":true,"href":"https:\/\/www.maisonrondeau.com\/en\/wp-json\/wp\/v2\/product_cat?post=15667"},{"taxonomy":"product_tag","embeddable":true,"href":"https:\/\/www.maisonrondeau.com\/en\/wp-json\/wp\/v2\/product_tag?post=15667"}],"curies":[{"name":"wp","href":"https:\/\/api.w.org\/{rel}","templated":true}]}}