{"id":15117,"date":"2024-09-09T14:43:40","date_gmt":"2024-09-09T14:46:57","guid":{"rendered":"https:\/\/www.maisonrondeau.com\/?post_type=product&#038;p=15117"},"modified":"2024-09-09T14:56:03","modified_gmt":"2024-09-09T14:56:03","slug":"ice-o-matic-b700-30-680-lb-vertical-ice-storage-bin","status":"publish","type":"product","link":"https:\/\/www.maisonrondeau.com\/en\/product\/ice-o-matic-b700-30-680-lb-vertical-ice-storage-bin","title":{"rendered":"Ice-O-Matic B700-30 &#8211; 680 lb vertical ice storage bin"},"content":{"rendered":"<p><a href=\"https:\/\/www.maisonrondeau.com\/wp-content\/uploads\/2024\/09\/Data-sheet-Ice-O-Matic-B700-30.pdf\" target=\"_blank\" rel=\"noopener noreferrer\"><img decoding=\"async\" src=\"\/wp-content\/uploads\/2023\/06\/Bouton-Fiche-Technique-EN.jpg\" alt=\"Data sheet - Ice-O-Matic B700-30\" \/><\/a><\/p>\n<p><strong>Item# : C025.B700-30<\/strong><\/p>\n<p><strong>Product features<\/strong><br \/>\nKit adaptateur universel inclus pour faciliter l\u2019int\u00e9gration avec divers syst\u00e8mes de machines \u00e0 gla\u00e7ons<br \/>\nStorage capacity for up to 680 lbs of ice, ideal for high-demand environments<br \/>\nMade of high-quality stainless steel for increased strength and extended durability<br \/>\nThe inside of the bin is lined with polyethylene, offering excellent corrosion resistance and ensuring product longevity<br \/>\nThe bin operates on a first-in, first-out principle, ensuring that the oldest ice is used first<br \/>\nDoor can be held open to allow employees to safely retrieve ice, reducing the risk of injury caused by closing the door<br \/>\nEquipped with an anti-ice shield that controls flow and prevents spillage, ensuring clean and efficient ice management<br \/>\nUniversal adapter kit included for easy integration with various ice machine systems<\/p>\n<p><span style=\"background-color: #f0f0f1;\"><br \/>\n<strong>Specifications<\/strong><br \/>\nBrand: Ice-O-Matic<br \/>\nModel: B700-30<br \/>\nCapacity: 680 lbs<br \/>\nConstruction: Stainless steel<br \/>\nWidth: 30 inches<br \/>\nDepth: 31 inches<br \/>\nHeight: 60 inches<br \/>\nWeight: 212 lbs.<br \/>\nInsulation: 1.5- to 3-inch polyethylene<br \/>\nCompatibility: Ice-O-Matic icemakers<br \/>\nAdjustable feet: height from 6 to 7 inches<br \/>\nWarranty: 2 years parts and labor<\/span><\/p>\n","protected":false},"excerpt":{"rendered":"<p>Item# : C025.B700-30 Product features Kit adaptateur universel inclus pour faciliter l\u2019int\u00e9gration avec divers syst\u00e8mes de machines \u00e0 gla\u00e7ons Storage capacity for up to 680 lbs of ice, ideal for high-demand environments Made of high-quality stainless steel for increased strength and extended durability The inside of the bin is lined with polyethylene, offering excellent corrosion&hellip;<\/p>\n","protected":false},"featured_media":15116,"comment_status":"closed","ping_status":"closed","template":"","meta":{"_acf_changed":false,"inline_featured_image":false},"product_brand":[],"product_cat":[2764,2763,2752],"product_tag":[1574,1820],"class_list":{"0":"post-15117","1":"product","2":"type-product","3":"status-publish","4":"has-post-thumbnail","6":"product_cat-cuber-bin-distributor","7":"product_cat-ice-machine","8":"product_cat-refrigeration","9":"product_tag-ice-machine","10":"product_tag-refrigeration-en","12":"first","13":"instock","14":"shipping-taxable","15":"product-type-simple"},"acf":[],"yoast_head":"<!-- This site is optimized with the Yoast SEO plugin v27.3 - https:\/\/yoast.com\/product\/yoast-seo-wordpress\/ -->\n<title>Ice-O-Matic B700-30 - 680 lb vertical ice storage bin<\/title>\n<meta name=\"description\" content=\"Storage capacity for up to 680 lbs of ice - Polyethylene-lined bin - Made of stainless steel - Equipped with an ice shield\" \/>\n<meta name=\"robots\" content=\"index, follow, max-snippet:-1, max-image-preview:large, max-video-preview:-1\" \/>\n<link rel=\"canonical\" href=\"https:\/\/www.maisonrondeau.com\/en\/product\/ice-o-matic-b700-30-680-lb-vertical-ice-storage-bin\" \/>\n<meta property=\"og:locale\" content=\"en_US\" \/>\n<meta property=\"og:type\" content=\"article\" \/>\n<meta property=\"og:title\" content=\"Ice-O-Matic B700-30 - 680 lb vertical ice storage bin\" \/>\n<meta property=\"og:description\" content=\"Storage capacity for up to 680 lbs of ice - Polyethylene-lined bin - Made of stainless steel - Equipped with an ice shield\" \/>\n<meta property=\"og:url\" content=\"https:\/\/www.maisonrondeau.com\/en\/product\/ice-o-matic-b700-30-680-lb-vertical-ice-storage-bin\" \/>\n<meta property=\"og:site_name\" content=\"Maison Rondeau\" \/>\n<meta property=\"article:publisher\" content=\"https:\/\/www.facebook.com\/maisonrondeau\" \/>\n<meta property=\"article:modified_time\" content=\"2024-09-09T14:56:03+00:00\" \/>\n<meta property=\"og:image\" content=\"https:\/\/www.maisonrondeau.com\/wp-content\/uploads\/2024\/09\/Ice-O-Matic-B700-30.jpg\" \/>\n\t<meta property=\"og:image:width\" content=\"1000\" \/>\n\t<meta property=\"og:image:height\" content=\"1000\" \/>\n\t<meta property=\"og:image:type\" content=\"image\/jpeg\" \/>\n<meta name=\"twitter:card\" content=\"summary_large_image\" \/>\n<meta name=\"twitter:label1\" content=\"Est. reading time\" \/>\n\t<meta name=\"twitter:data1\" content=\"2 minutes\" \/>\n<!-- \/ Yoast SEO plugin. -->","yoast_head_json":{"title":"Ice-O-Matic B700-30 - 680 lb vertical ice storage bin","description":"Storage capacity for up to 680 lbs of ice - Polyethylene-lined bin - Made of stainless steel - Equipped with an ice shield","robots":{"index":"index","follow":"follow","max-snippet":"max-snippet:-1","max-image-preview":"max-image-preview:large","max-video-preview":"max-video-preview:-1"},"canonical":"https:\/\/www.maisonrondeau.com\/en\/product\/ice-o-matic-b700-30-680-lb-vertical-ice-storage-bin","og_locale":"en_US","og_type":"article","og_title":"Ice-O-Matic B700-30 - 680 lb vertical ice storage bin","og_description":"Storage capacity for up to 680 lbs of ice - Polyethylene-lined bin - Made of stainless steel - Equipped with an ice shield","og_url":"https:\/\/www.maisonrondeau.com\/en\/product\/ice-o-matic-b700-30-680-lb-vertical-ice-storage-bin","og_site_name":"Maison Rondeau","article_publisher":"https:\/\/www.facebook.com\/maisonrondeau","article_modified_time":"2024-09-09T14:56:03+00:00","og_image":[{"width":1000,"height":1000,"url":"https:\/\/www.maisonrondeau.com\/wp-content\/uploads\/2024\/09\/Ice-O-Matic-B700-30.jpg","type":"image\/jpeg"}],"twitter_card":"summary_large_image","twitter_misc":{"Est. reading time":"2 minutes"},"schema":{"@context":"https:\/\/schema.org","@graph":[{"@type":"WebPage","@id":"https:\/\/www.maisonrondeau.com\/en\/product\/ice-o-matic-b700-30-680-lb-vertical-ice-storage-bin","url":"https:\/\/www.maisonrondeau.com\/en\/product\/ice-o-matic-b700-30-680-lb-vertical-ice-storage-bin","name":"Ice-O-Matic B700-30 - 680 lb vertical ice storage bin","isPartOf":{"@id":"https:\/\/www.maisonrondeau.com\/en#website"},"primaryImageOfPage":{"@id":"https:\/\/www.maisonrondeau.com\/en\/product\/ice-o-matic-b700-30-680-lb-vertical-ice-storage-bin#primaryimage"},"image":{"@id":"https:\/\/www.maisonrondeau.com\/en\/product\/ice-o-matic-b700-30-680-lb-vertical-ice-storage-bin#primaryimage"},"thumbnailUrl":"https:\/\/www.maisonrondeau.com\/wp-content\/uploads\/2024\/09\/Ice-O-Matic-B700-30.jpg","datePublished":"2024-09-09T14:46:57+00:00","dateModified":"2024-09-09T14:56:03+00:00","description":"Storage capacity for up to 680 lbs of ice - Polyethylene-lined bin - Made of stainless steel - Equipped with an ice shield","breadcrumb":{"@id":"https:\/\/www.maisonrondeau.com\/en\/product\/ice-o-matic-b700-30-680-lb-vertical-ice-storage-bin#breadcrumb"},"inLanguage":"en-CA","potentialAction":[{"@type":"ReadAction","target":["https:\/\/www.maisonrondeau.com\/en\/product\/ice-o-matic-b700-30-680-lb-vertical-ice-storage-bin"]}]},{"@type":"ImageObject","inLanguage":"en-CA","@id":"https:\/\/www.maisonrondeau.com\/en\/product\/ice-o-matic-b700-30-680-lb-vertical-ice-storage-bin#primaryimage","url":"https:\/\/www.maisonrondeau.com\/wp-content\/uploads\/2024\/09\/Ice-O-Matic-B700-30.jpg","contentUrl":"https:\/\/www.maisonrondeau.com\/wp-content\/uploads\/2024\/09\/Ice-O-Matic-B700-30.jpg","width":1000,"height":1000,"caption":"Ice-O-Matic B700-30"},{"@type":"BreadcrumbList","@id":"https:\/\/www.maisonrondeau.com\/en\/product\/ice-o-matic-b700-30-680-lb-vertical-ice-storage-bin#breadcrumb","itemListElement":[{"@type":"ListItem","position":1,"name":"Home","item":"https:\/\/www.maisonrondeau.com\/en"},{"@type":"ListItem","position":2,"name":"Catalog","item":"https:\/\/www.maisonrondeau.com\/en\/catalog"},{"@type":"ListItem","position":3,"name":"Ice-O-Matic B700-30 &#8211; 680 lb vertical ice storage bin"}]},{"@type":"WebSite","@id":"https:\/\/www.maisonrondeau.com\/en#website","url":"https:\/\/www.maisonrondeau.com\/en","name":"Maison Rondeau","description":"L\u00e0 o\u00f9 l\u2019exp\u00e9rience rejoint les tendances.","publisher":{"@id":"https:\/\/www.maisonrondeau.com\/en#organization"},"potentialAction":[{"@type":"SearchAction","target":{"@type":"EntryPoint","urlTemplate":"https:\/\/www.maisonrondeau.com\/en?s={search_term_string}"},"query-input":{"@type":"PropertyValueSpecification","valueRequired":true,"valueName":"search_term_string"}}],"inLanguage":"en-CA"},{"@type":"Organization","@id":"https:\/\/www.maisonrondeau.com\/en#organization","name":"Maison Rondeau","alternateName":"Maison Rondeau \u00c9quipements de Restaurant","url":"https:\/\/www.maisonrondeau.com\/en","logo":{"@type":"ImageObject","inLanguage":"en-CA","@id":"https:\/\/www.maisonrondeau.com\/en#\/schema\/logo\/image\/","url":"https:\/\/www.maisonrondeau.com\/wp-content\/uploads\/2019\/07\/maisonrondeau-1.png","contentUrl":"https:\/\/www.maisonrondeau.com\/wp-content\/uploads\/2019\/07\/maisonrondeau-1.png","width":100,"height":32,"caption":"Maison Rondeau"},"image":{"@id":"https:\/\/www.maisonrondeau.com\/en#\/schema\/logo\/image\/"},"sameAs":["https:\/\/www.facebook.com\/maisonrondeau","http:\/\/ca.linkedin.com\/company\/maison-rondeau"]}]}},"_links":{"self":[{"href":"https:\/\/www.maisonrondeau.com\/en\/wp-json\/wp\/v2\/product\/15117","targetHints":{"allow":["GET"]}}],"collection":[{"href":"https:\/\/www.maisonrondeau.com\/en\/wp-json\/wp\/v2\/product"}],"about":[{"href":"https:\/\/www.maisonrondeau.com\/en\/wp-json\/wp\/v2\/types\/product"}],"replies":[{"embeddable":true,"href":"https:\/\/www.maisonrondeau.com\/en\/wp-json\/wp\/v2\/comments?post=15117"}],"wp:featuredmedia":[{"embeddable":true,"href":"https:\/\/www.maisonrondeau.com\/en\/wp-json\/wp\/v2\/media\/15116"}],"wp:attachment":[{"href":"https:\/\/www.maisonrondeau.com\/en\/wp-json\/wp\/v2\/media?parent=15117"}],"wp:term":[{"taxonomy":"product_brand","embeddable":true,"href":"https:\/\/www.maisonrondeau.com\/en\/wp-json\/wp\/v2\/product_brand?post=15117"},{"taxonomy":"product_cat","embeddable":true,"href":"https:\/\/www.maisonrondeau.com\/en\/wp-json\/wp\/v2\/product_cat?post=15117"},{"taxonomy":"product_tag","embeddable":true,"href":"https:\/\/www.maisonrondeau.com\/en\/wp-json\/wp\/v2\/product_tag?post=15117"}],"curies":[{"name":"wp","href":"https:\/\/api.w.org\/{rel}","templated":true}]}}