{"id":14846,"date":"2024-07-15T16:18:31","date_gmt":"2024-07-15T16:23:44","guid":{"rendered":"https:\/\/www.maisonrondeau.com\/?post_type=product&#038;p=14846"},"modified":"2024-07-15T16:23:45","modified_gmt":"2024-07-15T16:23:45","slug":"true-tcgg-48-hc-ld-curved-glass-display-case-48-wide-black","status":"publish","type":"product","link":"https:\/\/www.maisonrondeau.com\/en\/product\/true-tcgg-48-hc-ld-curved-glass-display-case-48-wide-black","title":{"rendered":"True TCGG-48-HC-LD &#8211; Curved glass display case &#8211; 48&#8243; wide &#8211; Black"},"content":{"rendered":"<p><a href=\"https:\/\/www.maisonrondeau.com\/wp-content\/uploads\/2024\/07\/Data_sheet-TCGG-48-HC-LD.pdf\" target=\"_blank\" rel=\"noopener noreferrer\"><img decoding=\"async\" src=\"\/wp-content\/uploads\/2023\/06\/Bouton-Fiche-Technique-EN.jpg\" alt=\"Data sheet - True TCGG-48-HC-LD\" \/><\/a><\/p>\n<p><strong>Item# : T040.TCGG-48<\/strong><\/p>\n<p><strong>Product features<\/strong><br \/>\nTwo thermally insulated, double-glazed glass rear doors close automatically.<br \/>\nEach door has a 12&#8243; extruded handle.<br \/>\nTwo sturdy PVC-coated metal shelves are adjustable to different angles<br \/>\nThree interior LED lights keep products visible<br \/>\nBlack laminated vinyl exterior with stainless steel top and trim<br \/>\nSturdy white aluminum interior allows food to stand out<br \/>\nStainless steel floor has rounded corners for easy cleaning<br \/>\nOn-site expanded polyurethane insulation traps cold air and strengthens the cabinet<br \/>\nHeavy-duty steel frame rail is powder-coated black for corrosion resistance<br \/>\nFoot levelers keep unit stable on uneven floors<br \/>\nCurved, double-glazed front glass is insulated for efficiency and tempered for safety<br \/>\nDesigned to operate in environments up to 75\u00b0F or 55% humidity<br \/>\nGravity coil refrigeration system provides high humidity to ensure meats, cheeses and other products stay fresh<br \/>\nUses R134A refrigerant metered by a self-contained capillary tube system<br \/>\nEvaporator coil, large condenser and compressor maintain uniform temperatures<br \/>\nEvaporator is epoxy-coated for corrosion resistance<br \/>\nSliding condensing unit for easy cleaning and maintenance<br \/>\nAutomatic defrost system is activated and deactivated according to time to minimize frost build-up<\/p>\n<p><span style=\"background-color: #f0f0f1;\"><br \/>\n<strong>Specifications<\/strong><br \/>\nMarque : True<br \/>\nMod\u00e8le : TCGG-48-HC-LD<br \/>\nCapacit\u00e9 : 23,5 cu. pi.<br \/>\nNombre de portes : 2<br \/>\nType de porte : Portes coulissantes<br \/>\nNombre d&#8217;\u00e9tag\u00e8res : 2<br \/>\nType de r\u00e9frig\u00e9rant : R-290 (Hydrocarbure)<br \/>\n\u00c9cart de temp\u00e9rature : 38\u00b0F \u00e0 40\u00b0F (3,3\u00b0C \u00e0 4,4\u00b0C)<br \/>\nConstruction ext\u00e9rieur : acier lamin\u00e9 \u00e0 froid<br \/>\nConstruction int\u00e9rieur : C\u00f4t\u00e9s et dessus en aluminium blanc avec plancher en acier inoxydable<br \/>\n\u00c9clairage : LED<br \/>\nLargeur : 48 1\/4 pouces<br \/>\nProfondeur : 35 1\/4 pouces<br \/>\nHauteur : 47 3\/4 pouces<br \/>\nPoids : 550 livres<br \/>\nAmp\u00e8res : 11,8 amp\u00e8res<br \/>\nHertz : 60 Hertz<br \/>\nPhase : 1 phase<br \/>\nTension : 115 Volts<br \/>\nPuissance : 1\/3 HP<br \/>\nType de connecteur : NEMA 5-15P<\/span><\/p>\n","protected":false},"excerpt":{"rendered":"<p>Item# : T040.TCGG-48 Product features Two thermally insulated, double-glazed glass rear doors close automatically. Each door has a 12&#8243; extruded handle. Two sturdy PVC-coated metal shelves are adjustable to different angles Three interior LED lights keep products visible Black laminated vinyl exterior with stainless steel top and trim Sturdy white aluminum interior allows food to&hellip;<\/p>\n","protected":false},"featured_media":14841,"comment_status":"closed","ping_status":"closed","template":"","meta":{"_acf_changed":false,"inline_featured_image":false},"product_brand":[],"product_cat":[2768,2752],"product_tag":[1820],"class_list":{"0":"post-14846","1":"product","2":"type-product","3":"status-publish","4":"has-post-thumbnail","6":"product_cat-display","7":"product_cat-refrigeration","8":"product_tag-refrigeration-en","9":"brand-true","11":"first","12":"instock","13":"shipping-taxable","14":"product-type-simple"},"acf":[],"yoast_head":"<!-- This site is optimized with the Yoast SEO plugin v27.5 - https:\/\/yoast.com\/product\/yoast-seo-wordpress\/ -->\n<title>True TCGG-48-HC-LD - Curved glass display case<\/title>\n<meta name=\"description\" content=\"48&quot; wide - Black - Temperature range: 38\u00b0F to 40\u00b0F (3.3\u00b0C to 4.4\u00b0C) - 2 sliding doors - Two metal shelves - LED interior lights\" \/>\n<meta name=\"robots\" content=\"index, follow, max-snippet:-1, max-image-preview:large, max-video-preview:-1\" \/>\n<link rel=\"canonical\" href=\"https:\/\/www.maisonrondeau.com\/en\/product\/true-tcgg-48-hc-ld-curved-glass-display-case-48-wide-black\" \/>\n<meta property=\"og:locale\" content=\"en_US\" \/>\n<meta property=\"og:type\" content=\"article\" \/>\n<meta property=\"og:title\" content=\"True TCGG-48-HC-LD - Curved glass display case\" \/>\n<meta property=\"og:description\" content=\"48&quot; wide - Black - Temperature range: 38\u00b0F to 40\u00b0F (3.3\u00b0C to 4.4\u00b0C) - 2 sliding doors - Two metal shelves - LED interior lights\" \/>\n<meta property=\"og:url\" content=\"https:\/\/www.maisonrondeau.com\/en\/product\/true-tcgg-48-hc-ld-curved-glass-display-case-48-wide-black\" \/>\n<meta property=\"og:site_name\" content=\"Maison Rondeau\" \/>\n<meta property=\"article:publisher\" content=\"https:\/\/www.facebook.com\/maisonrondeau\" \/>\n<meta property=\"article:modified_time\" content=\"2024-07-15T16:23:45+00:00\" \/>\n<meta property=\"og:image\" content=\"https:\/\/www.maisonrondeau.com\/wp-content\/uploads\/2024\/07\/True-TCGG-48.jpg\" \/>\n\t<meta property=\"og:image:width\" content=\"1000\" \/>\n\t<meta property=\"og:image:height\" content=\"1000\" \/>\n\t<meta property=\"og:image:type\" content=\"image\/jpeg\" \/>\n<meta name=\"twitter:card\" content=\"summary_large_image\" \/>\n<meta name=\"twitter:label1\" content=\"Est. reading time\" \/>\n\t<meta name=\"twitter:data1\" content=\"1 minute\" \/>\n<!-- \/ Yoast SEO plugin. -->","yoast_head_json":{"title":"True TCGG-48-HC-LD - Curved glass display case","description":"48\" wide - Black - Temperature range: 38\u00b0F to 40\u00b0F (3.3\u00b0C to 4.4\u00b0C) - 2 sliding doors - Two metal shelves - LED interior lights","robots":{"index":"index","follow":"follow","max-snippet":"max-snippet:-1","max-image-preview":"max-image-preview:large","max-video-preview":"max-video-preview:-1"},"canonical":"https:\/\/www.maisonrondeau.com\/en\/product\/true-tcgg-48-hc-ld-curved-glass-display-case-48-wide-black","og_locale":"en_US","og_type":"article","og_title":"True TCGG-48-HC-LD - Curved glass display case","og_description":"48\" wide - Black - Temperature range: 38\u00b0F to 40\u00b0F (3.3\u00b0C to 4.4\u00b0C) - 2 sliding doors - Two metal shelves - LED interior lights","og_url":"https:\/\/www.maisonrondeau.com\/en\/product\/true-tcgg-48-hc-ld-curved-glass-display-case-48-wide-black","og_site_name":"Maison Rondeau","article_publisher":"https:\/\/www.facebook.com\/maisonrondeau","article_modified_time":"2024-07-15T16:23:45+00:00","og_image":[{"width":1000,"height":1000,"url":"https:\/\/www.maisonrondeau.com\/wp-content\/uploads\/2024\/07\/True-TCGG-48.jpg","type":"image\/jpeg"}],"twitter_card":"summary_large_image","twitter_misc":{"Est. reading time":"1 minute"},"schema":{"@context":"https:\/\/schema.org","@graph":[{"@type":"WebPage","@id":"https:\/\/www.maisonrondeau.com\/en\/product\/true-tcgg-48-hc-ld-curved-glass-display-case-48-wide-black","url":"https:\/\/www.maisonrondeau.com\/en\/product\/true-tcgg-48-hc-ld-curved-glass-display-case-48-wide-black","name":"True TCGG-48-HC-LD - Curved glass display case","isPartOf":{"@id":"https:\/\/www.maisonrondeau.com\/en#website"},"primaryImageOfPage":{"@id":"https:\/\/www.maisonrondeau.com\/en\/product\/true-tcgg-48-hc-ld-curved-glass-display-case-48-wide-black#primaryimage"},"image":{"@id":"https:\/\/www.maisonrondeau.com\/en\/product\/true-tcgg-48-hc-ld-curved-glass-display-case-48-wide-black#primaryimage"},"thumbnailUrl":"https:\/\/www.maisonrondeau.com\/wp-content\/uploads\/2024\/07\/True-TCGG-48.jpg","datePublished":"2024-07-15T16:23:44+00:00","dateModified":"2024-07-15T16:23:45+00:00","description":"48\" wide - Black - Temperature range: 38\u00b0F to 40\u00b0F (3.3\u00b0C to 4.4\u00b0C) - 2 sliding doors - Two metal shelves - LED interior lights","breadcrumb":{"@id":"https:\/\/www.maisonrondeau.com\/en\/product\/true-tcgg-48-hc-ld-curved-glass-display-case-48-wide-black#breadcrumb"},"inLanguage":"en-CA","potentialAction":[{"@type":"ReadAction","target":["https:\/\/www.maisonrondeau.com\/en\/product\/true-tcgg-48-hc-ld-curved-glass-display-case-48-wide-black"]}]},{"@type":"ImageObject","inLanguage":"en-CA","@id":"https:\/\/www.maisonrondeau.com\/en\/product\/true-tcgg-48-hc-ld-curved-glass-display-case-48-wide-black#primaryimage","url":"https:\/\/www.maisonrondeau.com\/wp-content\/uploads\/2024\/07\/True-TCGG-48.jpg","contentUrl":"https:\/\/www.maisonrondeau.com\/wp-content\/uploads\/2024\/07\/True-TCGG-48.jpg","width":1000,"height":1000,"caption":"True TCGG-48"},{"@type":"BreadcrumbList","@id":"https:\/\/www.maisonrondeau.com\/en\/product\/true-tcgg-48-hc-ld-curved-glass-display-case-48-wide-black#breadcrumb","itemListElement":[{"@type":"ListItem","position":1,"name":"Home","item":"https:\/\/www.maisonrondeau.com\/en"},{"@type":"ListItem","position":2,"name":"Catalog","item":"https:\/\/www.maisonrondeau.com\/en\/catalog"},{"@type":"ListItem","position":3,"name":"True TCGG-48-HC-LD &#8211; Curved glass display case &#8211; 48&Prime; wide &#8211; Black"}]},{"@type":"WebSite","@id":"https:\/\/www.maisonrondeau.com\/en#website","url":"https:\/\/www.maisonrondeau.com\/en","name":"Maison Rondeau","description":"L\u00e0 o\u00f9 l\u2019exp\u00e9rience rejoint les tendances.","publisher":{"@id":"https:\/\/www.maisonrondeau.com\/en#organization"},"potentialAction":[{"@type":"SearchAction","target":{"@type":"EntryPoint","urlTemplate":"https:\/\/www.maisonrondeau.com\/en?s={search_term_string}"},"query-input":{"@type":"PropertyValueSpecification","valueRequired":true,"valueName":"search_term_string"}}],"inLanguage":"en-CA"},{"@type":"Organization","@id":"https:\/\/www.maisonrondeau.com\/en#organization","name":"Maison Rondeau","alternateName":"Maison Rondeau \u00c9quipements de Restaurant","url":"https:\/\/www.maisonrondeau.com\/en","logo":{"@type":"ImageObject","inLanguage":"en-CA","@id":"https:\/\/www.maisonrondeau.com\/en#\/schema\/logo\/image\/","url":"https:\/\/www.maisonrondeau.com\/wp-content\/uploads\/2019\/07\/maisonrondeau-1.png","contentUrl":"https:\/\/www.maisonrondeau.com\/wp-content\/uploads\/2019\/07\/maisonrondeau-1.png","width":100,"height":32,"caption":"Maison Rondeau"},"image":{"@id":"https:\/\/www.maisonrondeau.com\/en#\/schema\/logo\/image\/"},"sameAs":["https:\/\/www.facebook.com\/maisonrondeau","http:\/\/ca.linkedin.com\/company\/maison-rondeau"]}]}},"_links":{"self":[{"href":"https:\/\/www.maisonrondeau.com\/en\/wp-json\/wp\/v2\/product\/14846","targetHints":{"allow":["GET"]}}],"collection":[{"href":"https:\/\/www.maisonrondeau.com\/en\/wp-json\/wp\/v2\/product"}],"about":[{"href":"https:\/\/www.maisonrondeau.com\/en\/wp-json\/wp\/v2\/types\/product"}],"replies":[{"embeddable":true,"href":"https:\/\/www.maisonrondeau.com\/en\/wp-json\/wp\/v2\/comments?post=14846"}],"wp:featuredmedia":[{"embeddable":true,"href":"https:\/\/www.maisonrondeau.com\/en\/wp-json\/wp\/v2\/media\/14841"}],"wp:attachment":[{"href":"https:\/\/www.maisonrondeau.com\/en\/wp-json\/wp\/v2\/media?parent=14846"}],"wp:term":[{"taxonomy":"product_brand","embeddable":true,"href":"https:\/\/www.maisonrondeau.com\/en\/wp-json\/wp\/v2\/product_brand?post=14846"},{"taxonomy":"product_cat","embeddable":true,"href":"https:\/\/www.maisonrondeau.com\/en\/wp-json\/wp\/v2\/product_cat?post=14846"},{"taxonomy":"product_tag","embeddable":true,"href":"https:\/\/www.maisonrondeau.com\/en\/wp-json\/wp\/v2\/product_tag?post=14846"}],"curies":[{"name":"wp","href":"https:\/\/api.w.org\/{rel}","templated":true}]}}