{"id":13022,"date":"2024-01-10T19:44:52","date_gmt":"2024-01-10T19:47:51","guid":{"rendered":"https:\/\/www.maisonrondeau.com\/?post_type=product&#038;p=13022"},"modified":"2024-01-10T19:47:52","modified_gmt":"2024-01-10T19:47:52","slug":"churchill-spgsev101-dinner-plate-stonecast-peppercorn-grey-10-1-4-in-peppercorn-grey","status":"publish","type":"product","link":"https:\/\/www.maisonrondeau.com\/en\/product\/churchill-spgsev101-dinner-plate-stonecast-peppercorn-grey-10-1-4-in-peppercorn-grey","title":{"rendered":"CHURCHILL SPGSEV101 Dinner plate &#8211; Stonecast Peppercorn Grey &#8211; 10 1\/4 in &#8211; Peppercorn Grey"},"content":{"rendered":"<p><a href=\"https:\/\/www.maisonrondeau.com\/wp-content\/uploads\/2024\/01\/Brochure-Churchill-collections-stonecast.pdf\" target=\"_blank\" rel=\"noopener noreferrer\"><img decoding=\"async\" src=\"\/wp-content\/uploads\/2024\/01\/Bouton-Brochure-EN.jpg\" alt=\"Brochure Churchill - Stonecast\" \/><\/a><\/p>\n<p><strong>Item N\u00b0: D021.SPGS-EV-101<\/strong><\/p>\n<p>L&#8217;assiette plate CHURCHILL SPGSEV101 fait partie de la gamme Stonecast Peppercorn Grey et vous s\u00e9duira par son design \u00e9l\u00e9gant. Avec un diam\u00e8tre de 10 1\/4 po, cette assiette plate offre amplement d&#8217;espace pour pr\u00e9senter vos plats avec style.<br \/>\nFabriqu\u00e9e avec soin, cette assiette plate pr\u00e9sente une finition en Gris poivre qui lui conf\u00e8re un aspect sophistiqu\u00e9 et contemporain. La couleur gris poivre ajoute une touche de modernit\u00e9 et de raffinement \u00e0 votre table.<br \/>\nCon\u00e7ue pour \u00eatre durable et r\u00e9sistante, cette assiette plate est adapt\u00e9e \u00e0 une utilisation quotidienne dans la cuisine. Elle est \u00e9galement adapt\u00e9e \u00e0 une utilisation au micro-ondes et au lave-vaisselle, offrant ainsi une grande praticit\u00e9.<br \/>\nL&#8217;assiette plate CHURCHILL SPGSEV101 &#8211; Stonecast Peppercorn Grey &#8211; 10 1\/4 po &#8211; Gris poivre est un choix id\u00e9al pour ceux qui recherchent une assiette de qualit\u00e9 sup\u00e9rieure qui allie style contemporain et fonctionnalit\u00e9. Elle ajoutera une touche d&#8217;\u00e9l\u00e9gance et de caract\u00e8re \u00e0 vos repas, impressionnant ainsi vos convives.<\/p>\n<p><span style=\"background-color: #f0f0f1;\"><br \/>\n<strong>Caract\u00e9ristiques<\/strong><br \/>\nC\u00e9ramique finition \u00e9maille super vitrifi\u00e9e<br \/>\nDiam\u00e8tre : 10 1\/4 po (26 cm)<br \/>\nCouleur\t : Gris poivre<br \/>\nCarton de 12 assiettes<br \/>\nChaque pi\u00e8ce est unique<br \/>\nPasse au lave-vaisselle et au micro-ondes<\/span><\/p>\n","protected":false},"excerpt":{"rendered":"<p>Item N\u00b0: D021.SPGS-EV-101 L&#8217;assiette plate CHURCHILL SPGSEV101 fait partie de la gamme Stonecast Peppercorn Grey et vous s\u00e9duira par son design \u00e9l\u00e9gant. Avec un diam\u00e8tre de 10 1\/4 po, cette assiette plate offre amplement d&#8217;espace pour pr\u00e9senter vos plats avec style. Fabriqu\u00e9e avec soin, cette assiette plate pr\u00e9sente une finition en Gris poivre qui lui&hellip;<\/p>\n","protected":false},"featured_media":13019,"comment_status":"closed","ping_status":"closed","template":"","meta":{"_acf_changed":false,"inline_featured_image":false},"product_brand":[],"product_cat":[2777,2780,2782],"product_tag":[],"class_list":{"0":"post-13022","1":"product","2":"type-product","3":"status-publish","4":"has-post-thumbnail","6":"product_cat-dishes","7":"product_cat-plate","8":"product_cat-round-plate","9":"brand-churchill-en","11":"first","12":"instock","13":"shipping-taxable","14":"product-type-simple"},"acf":[],"yoast_head":"<!-- This site is optimized with the Yoast SEO plugin v27.3 - https:\/\/yoast.com\/product\/yoast-seo-wordpress\/ -->\n<title>CHURCHILL SPGSEV101 Dinner plate - 10 1\/4&quot; - Peppercorn Grey<\/title>\n<meta name=\"description\" content=\"The CHURCHILL SPGSEV101 - Stonecast Peppercorn Grey - 10 1\/4&quot; - Gris poivre is an ideal choice for those looking for a high-quality dinner plate.\" \/>\n<meta name=\"robots\" content=\"index, follow, max-snippet:-1, max-image-preview:large, max-video-preview:-1\" \/>\n<link rel=\"canonical\" href=\"https:\/\/www.maisonrondeau.com\/en\/product\/churchill-spgsev101-dinner-plate-stonecast-peppercorn-grey-10-1-4-in-peppercorn-grey\" \/>\n<meta property=\"og:locale\" content=\"en_US\" \/>\n<meta property=\"og:type\" content=\"article\" \/>\n<meta property=\"og:title\" content=\"CHURCHILL SPGSEV101 Dinner plate - 10 1\/4&quot; - Peppercorn Grey\" \/>\n<meta property=\"og:description\" content=\"The CHURCHILL SPGSEV101 - Stonecast Peppercorn Grey - 10 1\/4&quot; - Gris poivre is an ideal choice for those looking for a high-quality dinner plate.\" \/>\n<meta property=\"og:url\" content=\"https:\/\/www.maisonrondeau.com\/en\/product\/churchill-spgsev101-dinner-plate-stonecast-peppercorn-grey-10-1-4-in-peppercorn-grey\" \/>\n<meta property=\"og:site_name\" content=\"Maison Rondeau\" \/>\n<meta property=\"article:publisher\" content=\"https:\/\/www.facebook.com\/maisonrondeau\" \/>\n<meta property=\"article:modified_time\" content=\"2024-01-10T19:47:52+00:00\" \/>\n<meta property=\"og:image\" content=\"https:\/\/www.maisonrondeau.com\/wp-content\/uploads\/2024\/01\/Assiette-churchill-SPGSEV101-plate.jpg\" \/>\n\t<meta property=\"og:image:width\" content=\"600\" \/>\n\t<meta property=\"og:image:height\" content=\"600\" \/>\n\t<meta property=\"og:image:type\" content=\"image\/jpeg\" \/>\n<meta name=\"twitter:card\" content=\"summary_large_image\" \/>\n<meta name=\"twitter:label1\" content=\"Est. reading time\" \/>\n\t<meta name=\"twitter:data1\" content=\"1 minute\" \/>\n<!-- \/ Yoast SEO plugin. -->","yoast_head_json":{"title":"CHURCHILL SPGSEV101 Dinner plate - 10 1\/4\" - Peppercorn Grey","description":"The CHURCHILL SPGSEV101 - Stonecast Peppercorn Grey - 10 1\/4\" - Gris poivre is an ideal choice for those looking for a high-quality dinner plate.","robots":{"index":"index","follow":"follow","max-snippet":"max-snippet:-1","max-image-preview":"max-image-preview:large","max-video-preview":"max-video-preview:-1"},"canonical":"https:\/\/www.maisonrondeau.com\/en\/product\/churchill-spgsev101-dinner-plate-stonecast-peppercorn-grey-10-1-4-in-peppercorn-grey","og_locale":"en_US","og_type":"article","og_title":"CHURCHILL SPGSEV101 Dinner plate - 10 1\/4\" - Peppercorn Grey","og_description":"The CHURCHILL SPGSEV101 - Stonecast Peppercorn Grey - 10 1\/4\" - Gris poivre is an ideal choice for those looking for a high-quality dinner plate.","og_url":"https:\/\/www.maisonrondeau.com\/en\/product\/churchill-spgsev101-dinner-plate-stonecast-peppercorn-grey-10-1-4-in-peppercorn-grey","og_site_name":"Maison Rondeau","article_publisher":"https:\/\/www.facebook.com\/maisonrondeau","article_modified_time":"2024-01-10T19:47:52+00:00","og_image":[{"width":600,"height":600,"url":"https:\/\/www.maisonrondeau.com\/wp-content\/uploads\/2024\/01\/Assiette-churchill-SPGSEV101-plate.jpg","type":"image\/jpeg"}],"twitter_card":"summary_large_image","twitter_misc":{"Est. reading time":"1 minute"},"schema":{"@context":"https:\/\/schema.org","@graph":[{"@type":"WebPage","@id":"https:\/\/www.maisonrondeau.com\/en\/product\/churchill-spgsev101-dinner-plate-stonecast-peppercorn-grey-10-1-4-in-peppercorn-grey","url":"https:\/\/www.maisonrondeau.com\/en\/product\/churchill-spgsev101-dinner-plate-stonecast-peppercorn-grey-10-1-4-in-peppercorn-grey","name":"CHURCHILL SPGSEV101 Dinner plate - 10 1\/4\" - Peppercorn Grey","isPartOf":{"@id":"https:\/\/www.maisonrondeau.com\/en#website"},"primaryImageOfPage":{"@id":"https:\/\/www.maisonrondeau.com\/en\/product\/churchill-spgsev101-dinner-plate-stonecast-peppercorn-grey-10-1-4-in-peppercorn-grey#primaryimage"},"image":{"@id":"https:\/\/www.maisonrondeau.com\/en\/product\/churchill-spgsev101-dinner-plate-stonecast-peppercorn-grey-10-1-4-in-peppercorn-grey#primaryimage"},"thumbnailUrl":"https:\/\/www.maisonrondeau.com\/wp-content\/uploads\/2024\/01\/Assiette-churchill-SPGSEV101-plate.jpg","datePublished":"2024-01-10T19:47:51+00:00","dateModified":"2024-01-10T19:47:52+00:00","description":"The CHURCHILL SPGSEV101 - Stonecast Peppercorn Grey - 10 1\/4\" - Gris poivre is an ideal choice for those looking for a high-quality dinner plate.","breadcrumb":{"@id":"https:\/\/www.maisonrondeau.com\/en\/product\/churchill-spgsev101-dinner-plate-stonecast-peppercorn-grey-10-1-4-in-peppercorn-grey#breadcrumb"},"inLanguage":"en-CA","potentialAction":[{"@type":"ReadAction","target":["https:\/\/www.maisonrondeau.com\/en\/product\/churchill-spgsev101-dinner-plate-stonecast-peppercorn-grey-10-1-4-in-peppercorn-grey"]}]},{"@type":"ImageObject","inLanguage":"en-CA","@id":"https:\/\/www.maisonrondeau.com\/en\/product\/churchill-spgsev101-dinner-plate-stonecast-peppercorn-grey-10-1-4-in-peppercorn-grey#primaryimage","url":"https:\/\/www.maisonrondeau.com\/wp-content\/uploads\/2024\/01\/Assiette-churchill-SPGSEV101-plate.jpg","contentUrl":"https:\/\/www.maisonrondeau.com\/wp-content\/uploads\/2024\/01\/Assiette-churchill-SPGSEV101-plate.jpg","width":600,"height":600,"caption":"Churchill SPGSEV101"},{"@type":"BreadcrumbList","@id":"https:\/\/www.maisonrondeau.com\/en\/product\/churchill-spgsev101-dinner-plate-stonecast-peppercorn-grey-10-1-4-in-peppercorn-grey#breadcrumb","itemListElement":[{"@type":"ListItem","position":1,"name":"Home","item":"https:\/\/www.maisonrondeau.com\/en"},{"@type":"ListItem","position":2,"name":"Catalog","item":"https:\/\/www.maisonrondeau.com\/en\/catalog"},{"@type":"ListItem","position":3,"name":"CHURCHILL SPGSEV101 Dinner plate &#8211; Stonecast Peppercorn Grey &#8211; 10 1\/4 in &#8211; Peppercorn Grey"}]},{"@type":"WebSite","@id":"https:\/\/www.maisonrondeau.com\/en#website","url":"https:\/\/www.maisonrondeau.com\/en","name":"Maison Rondeau","description":"L\u00e0 o\u00f9 l\u2019exp\u00e9rience rejoint les tendances.","publisher":{"@id":"https:\/\/www.maisonrondeau.com\/en#organization"},"potentialAction":[{"@type":"SearchAction","target":{"@type":"EntryPoint","urlTemplate":"https:\/\/www.maisonrondeau.com\/en?s={search_term_string}"},"query-input":{"@type":"PropertyValueSpecification","valueRequired":true,"valueName":"search_term_string"}}],"inLanguage":"en-CA"},{"@type":"Organization","@id":"https:\/\/www.maisonrondeau.com\/en#organization","name":"Maison Rondeau","alternateName":"Maison Rondeau \u00c9quipements de Restaurant","url":"https:\/\/www.maisonrondeau.com\/en","logo":{"@type":"ImageObject","inLanguage":"en-CA","@id":"https:\/\/www.maisonrondeau.com\/en#\/schema\/logo\/image\/","url":"https:\/\/www.maisonrondeau.com\/wp-content\/uploads\/2019\/07\/maisonrondeau-1.png","contentUrl":"https:\/\/www.maisonrondeau.com\/wp-content\/uploads\/2019\/07\/maisonrondeau-1.png","width":100,"height":32,"caption":"Maison Rondeau"},"image":{"@id":"https:\/\/www.maisonrondeau.com\/en#\/schema\/logo\/image\/"},"sameAs":["https:\/\/www.facebook.com\/maisonrondeau","http:\/\/ca.linkedin.com\/company\/maison-rondeau"]}]}},"_links":{"self":[{"href":"https:\/\/www.maisonrondeau.com\/en\/wp-json\/wp\/v2\/product\/13022","targetHints":{"allow":["GET"]}}],"collection":[{"href":"https:\/\/www.maisonrondeau.com\/en\/wp-json\/wp\/v2\/product"}],"about":[{"href":"https:\/\/www.maisonrondeau.com\/en\/wp-json\/wp\/v2\/types\/product"}],"replies":[{"embeddable":true,"href":"https:\/\/www.maisonrondeau.com\/en\/wp-json\/wp\/v2\/comments?post=13022"}],"wp:featuredmedia":[{"embeddable":true,"href":"https:\/\/www.maisonrondeau.com\/en\/wp-json\/wp\/v2\/media\/13019"}],"wp:attachment":[{"href":"https:\/\/www.maisonrondeau.com\/en\/wp-json\/wp\/v2\/media?parent=13022"}],"wp:term":[{"taxonomy":"product_brand","embeddable":true,"href":"https:\/\/www.maisonrondeau.com\/en\/wp-json\/wp\/v2\/product_brand?post=13022"},{"taxonomy":"product_cat","embeddable":true,"href":"https:\/\/www.maisonrondeau.com\/en\/wp-json\/wp\/v2\/product_cat?post=13022"},{"taxonomy":"product_tag","embeddable":true,"href":"https:\/\/www.maisonrondeau.com\/en\/wp-json\/wp\/v2\/product_tag?post=13022"}],"curies":[{"name":"wp","href":"https:\/\/api.w.org\/{rel}","templated":true}]}}