{"id":12962,"date":"2024-01-09T20:21:21","date_gmt":"2024-01-09T20:30:53","guid":{"rendered":"https:\/\/www.maisonrondeau.com\/?post_type=product&#038;p=12962"},"modified":"2024-01-09T20:30:53","modified_gmt":"2024-01-09T20:30:53","slug":"churchill-swhsze121-zest-bowl-stonecast-barley-white-12-oz-4-3-4-in-dia-x-2-1-2-in-h-barley-white","status":"publish","type":"product","link":"https:\/\/www.maisonrondeau.com\/en\/product\/churchill-swhsze121-zest-bowl-stonecast-barley-white-12-oz-4-3-4-in-dia-x-2-1-2-in-h-barley-white","title":{"rendered":"CHURCHILL SWHSZE121 Zest Bowl &#8211; Stonecast Barley White &#8211; 12 oz &#8211; 4 3\/4 in. dia. x 2 1\/2 in. H &#8211; Barley White"},"content":{"rendered":"<p><a href=\"https:\/\/www.maisonrondeau.com\/wp-content\/uploads\/2024\/01\/Brochure-Churchill-collections-stonecast.pdf\" target=\"_blank\" rel=\"noopener noreferrer\"><img decoding=\"async\" src=\"\/wp-content\/uploads\/2024\/01\/Bouton-Brochure-EN.jpg\" alt=\"Brochure Churchill - Stonecast\" \/><\/a><\/p>\n<p><strong>Item N\u00b0: D021.SWHS-ZE-121<\/strong><\/p>\n<p>The CHURCHILL SWHSZE121 zest bowl is part of the Stonecast Barley White range and will win you over with its elegant design. With a capacity of 12 oz, this zest bowl is ideal for grating or zesting your favorite citrus fruits.<br \/>\nCarefully crafted, this zest bowl features a Barley White finish for a sober, refined look. The Barley White color adds a touch of sophistication and simplicity to your kitchen.<br \/>\nDesigned to be durable and long-lasting, this zest bowl is suitable for everyday use in the kitchen. It is also suitable for microwave and dishwasher use, offering great practicality.<br \/>\nThe CHURCHILL SWHSZE121 Zest Bowl &#8211; Stonecast Barley White &#8211; 12 oz &#8211; 4 3\/4&#8243; dia. x 2 1\/2&#8243; H &#8211; Barley White is an ideal choice for those looking for a high-quality zest bowl that combines contemporary style and functionality. It will add a touch of elegance and sophistication to your kitchen, facilitating your culinary preparations.<\/p>\n<p><span style=\"background-color: #f0f0f1;\"><br \/>\n<strong>Caract\u00e9ristiques<\/strong><br \/>\nC\u00e9ramique finition \u00e9maille super vitrifi\u00e9e<br \/>\nDiam\u00e8tre : 4 3\/4 x 2 1\/2 po (12,1 x 6,5 cm)<br \/>\nCapacit\u00e9 : 34 cl &#8211; 12.0 fl oz<br \/>\nCouleur\t : Blanc d\u2019orge<br \/>\nCarton de 12 bols<br \/>\nChaque pi\u00e8ce est unique<br \/>\nPasse au lave-vaisselle et au micro-ondes<\/span><\/p>\n","protected":false},"excerpt":{"rendered":"<p>Item N\u00b0: D021.SWHS-ZE-121 The CHURCHILL SWHSZE121 zest bowl is part of the Stonecast Barley White range and will win you over with its elegant design. With a capacity of 12 oz, this zest bowl is ideal for grating or zesting your favorite citrus fruits. Carefully crafted, this zest bowl features a Barley White finish for&hellip;<\/p>\n","protected":false},"featured_media":12960,"comment_status":"closed","ping_status":"closed","template":"","meta":{"_acf_changed":false,"inline_featured_image":false},"product_brand":[],"product_cat":[2786,2777],"product_tag":[],"class_list":{"0":"post-12962","1":"product","2":"type-product","3":"status-publish","4":"has-post-thumbnail","6":"product_cat-bowl","7":"product_cat-dishes","8":"brand-churchill-en","10":"first","11":"instock","12":"shipping-taxable","13":"product-type-simple"},"acf":[],"yoast_head":"<!-- This site is optimized with the Yoast SEO plugin v27.3 - https:\/\/yoast.com\/product\/yoast-seo-wordpress\/ -->\n<title>CHURCHILL SWHSZE121 Zest Bowl - 12 oz - 4 3\/4 in. x 2 1\/2 in.<\/title>\n<meta name=\"description\" content=\"The CHURCHILL SWHSZE121 Zest Bowl - 12 oz - 4 3\/4&quot; dia. x 2 1\/2&quot; H - Barley White - is an ideal choice for those looking for a high-quality zest bowl\" \/>\n<meta name=\"robots\" content=\"index, follow, max-snippet:-1, max-image-preview:large, max-video-preview:-1\" \/>\n<link rel=\"canonical\" href=\"https:\/\/www.maisonrondeau.com\/en\/product\/churchill-swhsze121-zest-bowl-stonecast-barley-white-12-oz-4-3-4-in-dia-x-2-1-2-in-h-barley-white\" \/>\n<meta property=\"og:locale\" content=\"en_US\" \/>\n<meta property=\"og:type\" content=\"article\" \/>\n<meta property=\"og:title\" content=\"CHURCHILL SWHSZE121 Zest Bowl - 12 oz - 4 3\/4 in. x 2 1\/2 in.\" \/>\n<meta property=\"og:description\" content=\"The CHURCHILL SWHSZE121 Zest Bowl - 12 oz - 4 3\/4&quot; dia. x 2 1\/2&quot; H - Barley White - is an ideal choice for those looking for a high-quality zest bowl\" \/>\n<meta property=\"og:url\" content=\"https:\/\/www.maisonrondeau.com\/en\/product\/churchill-swhsze121-zest-bowl-stonecast-barley-white-12-oz-4-3-4-in-dia-x-2-1-2-in-h-barley-white\" \/>\n<meta property=\"og:site_name\" content=\"Maison Rondeau\" \/>\n<meta property=\"article:publisher\" content=\"https:\/\/www.facebook.com\/maisonrondeau\" \/>\n<meta property=\"og:image\" content=\"https:\/\/www.maisonrondeau.com\/wp-content\/uploads\/2024\/01\/Bol-churchill-SWHSZE121.jpg\" \/>\n\t<meta property=\"og:image:width\" content=\"600\" \/>\n\t<meta property=\"og:image:height\" content=\"600\" \/>\n\t<meta property=\"og:image:type\" content=\"image\/jpeg\" \/>\n<meta name=\"twitter:card\" content=\"summary_large_image\" \/>\n<meta name=\"twitter:label1\" content=\"Est. reading time\" \/>\n\t<meta name=\"twitter:data1\" content=\"1 minute\" \/>\n<!-- \/ Yoast SEO plugin. -->","yoast_head_json":{"title":"CHURCHILL SWHSZE121 Zest Bowl - 12 oz - 4 3\/4 in. x 2 1\/2 in.","description":"The CHURCHILL SWHSZE121 Zest Bowl - 12 oz - 4 3\/4\" dia. x 2 1\/2\" H - Barley White - is an ideal choice for those looking for a high-quality zest bowl","robots":{"index":"index","follow":"follow","max-snippet":"max-snippet:-1","max-image-preview":"max-image-preview:large","max-video-preview":"max-video-preview:-1"},"canonical":"https:\/\/www.maisonrondeau.com\/en\/product\/churchill-swhsze121-zest-bowl-stonecast-barley-white-12-oz-4-3-4-in-dia-x-2-1-2-in-h-barley-white","og_locale":"en_US","og_type":"article","og_title":"CHURCHILL SWHSZE121 Zest Bowl - 12 oz - 4 3\/4 in. x 2 1\/2 in.","og_description":"The CHURCHILL SWHSZE121 Zest Bowl - 12 oz - 4 3\/4\" dia. x 2 1\/2\" H - Barley White - is an ideal choice for those looking for a high-quality zest bowl","og_url":"https:\/\/www.maisonrondeau.com\/en\/product\/churchill-swhsze121-zest-bowl-stonecast-barley-white-12-oz-4-3-4-in-dia-x-2-1-2-in-h-barley-white","og_site_name":"Maison Rondeau","article_publisher":"https:\/\/www.facebook.com\/maisonrondeau","og_image":[{"width":600,"height":600,"url":"https:\/\/www.maisonrondeau.com\/wp-content\/uploads\/2024\/01\/Bol-churchill-SWHSZE121.jpg","type":"image\/jpeg"}],"twitter_card":"summary_large_image","twitter_misc":{"Est. reading time":"1 minute"},"schema":{"@context":"https:\/\/schema.org","@graph":[{"@type":"WebPage","@id":"https:\/\/www.maisonrondeau.com\/en\/product\/churchill-swhsze121-zest-bowl-stonecast-barley-white-12-oz-4-3-4-in-dia-x-2-1-2-in-h-barley-white","url":"https:\/\/www.maisonrondeau.com\/en\/product\/churchill-swhsze121-zest-bowl-stonecast-barley-white-12-oz-4-3-4-in-dia-x-2-1-2-in-h-barley-white","name":"CHURCHILL SWHSZE121 Zest Bowl - 12 oz - 4 3\/4 in. x 2 1\/2 in.","isPartOf":{"@id":"https:\/\/www.maisonrondeau.com\/en#website"},"primaryImageOfPage":{"@id":"https:\/\/www.maisonrondeau.com\/en\/product\/churchill-swhsze121-zest-bowl-stonecast-barley-white-12-oz-4-3-4-in-dia-x-2-1-2-in-h-barley-white#primaryimage"},"image":{"@id":"https:\/\/www.maisonrondeau.com\/en\/product\/churchill-swhsze121-zest-bowl-stonecast-barley-white-12-oz-4-3-4-in-dia-x-2-1-2-in-h-barley-white#primaryimage"},"thumbnailUrl":"https:\/\/www.maisonrondeau.com\/wp-content\/uploads\/2024\/01\/Bol-churchill-SWHSZE121.jpg","datePublished":"2024-01-09T20:30:53+00:00","description":"The CHURCHILL SWHSZE121 Zest Bowl - 12 oz - 4 3\/4\" dia. x 2 1\/2\" H - Barley White - is an ideal choice for those looking for a high-quality zest bowl","breadcrumb":{"@id":"https:\/\/www.maisonrondeau.com\/en\/product\/churchill-swhsze121-zest-bowl-stonecast-barley-white-12-oz-4-3-4-in-dia-x-2-1-2-in-h-barley-white#breadcrumb"},"inLanguage":"en-CA","potentialAction":[{"@type":"ReadAction","target":["https:\/\/www.maisonrondeau.com\/en\/product\/churchill-swhsze121-zest-bowl-stonecast-barley-white-12-oz-4-3-4-in-dia-x-2-1-2-in-h-barley-white"]}]},{"@type":"ImageObject","inLanguage":"en-CA","@id":"https:\/\/www.maisonrondeau.com\/en\/product\/churchill-swhsze121-zest-bowl-stonecast-barley-white-12-oz-4-3-4-in-dia-x-2-1-2-in-h-barley-white#primaryimage","url":"https:\/\/www.maisonrondeau.com\/wp-content\/uploads\/2024\/01\/Bol-churchill-SWHSZE121.jpg","contentUrl":"https:\/\/www.maisonrondeau.com\/wp-content\/uploads\/2024\/01\/Bol-churchill-SWHSZE121.jpg","width":600,"height":600,"caption":"Churchill SWHSZE121"},{"@type":"BreadcrumbList","@id":"https:\/\/www.maisonrondeau.com\/en\/product\/churchill-swhsze121-zest-bowl-stonecast-barley-white-12-oz-4-3-4-in-dia-x-2-1-2-in-h-barley-white#breadcrumb","itemListElement":[{"@type":"ListItem","position":1,"name":"Home","item":"https:\/\/www.maisonrondeau.com\/en"},{"@type":"ListItem","position":2,"name":"Catalog","item":"https:\/\/www.maisonrondeau.com\/en\/catalog"},{"@type":"ListItem","position":3,"name":"CHURCHILL SWHSZE121 Zest Bowl &#8211; Stonecast Barley White &#8211; 12 oz &#8211; 4 3\/4 in. dia. x 2 1\/2 in. H &#8211; Barley White"}]},{"@type":"WebSite","@id":"https:\/\/www.maisonrondeau.com\/en#website","url":"https:\/\/www.maisonrondeau.com\/en","name":"Maison Rondeau","description":"L\u00e0 o\u00f9 l\u2019exp\u00e9rience rejoint les tendances.","publisher":{"@id":"https:\/\/www.maisonrondeau.com\/en#organization"},"potentialAction":[{"@type":"SearchAction","target":{"@type":"EntryPoint","urlTemplate":"https:\/\/www.maisonrondeau.com\/en?s={search_term_string}"},"query-input":{"@type":"PropertyValueSpecification","valueRequired":true,"valueName":"search_term_string"}}],"inLanguage":"en-CA"},{"@type":"Organization","@id":"https:\/\/www.maisonrondeau.com\/en#organization","name":"Maison Rondeau","alternateName":"Maison Rondeau \u00c9quipements de Restaurant","url":"https:\/\/www.maisonrondeau.com\/en","logo":{"@type":"ImageObject","inLanguage":"en-CA","@id":"https:\/\/www.maisonrondeau.com\/en#\/schema\/logo\/image\/","url":"https:\/\/www.maisonrondeau.com\/wp-content\/uploads\/2019\/07\/maisonrondeau-1.png","contentUrl":"https:\/\/www.maisonrondeau.com\/wp-content\/uploads\/2019\/07\/maisonrondeau-1.png","width":100,"height":32,"caption":"Maison Rondeau"},"image":{"@id":"https:\/\/www.maisonrondeau.com\/en#\/schema\/logo\/image\/"},"sameAs":["https:\/\/www.facebook.com\/maisonrondeau","http:\/\/ca.linkedin.com\/company\/maison-rondeau"]}]}},"_links":{"self":[{"href":"https:\/\/www.maisonrondeau.com\/en\/wp-json\/wp\/v2\/product\/12962","targetHints":{"allow":["GET"]}}],"collection":[{"href":"https:\/\/www.maisonrondeau.com\/en\/wp-json\/wp\/v2\/product"}],"about":[{"href":"https:\/\/www.maisonrondeau.com\/en\/wp-json\/wp\/v2\/types\/product"}],"replies":[{"embeddable":true,"href":"https:\/\/www.maisonrondeau.com\/en\/wp-json\/wp\/v2\/comments?post=12962"}],"wp:featuredmedia":[{"embeddable":true,"href":"https:\/\/www.maisonrondeau.com\/en\/wp-json\/wp\/v2\/media\/12960"}],"wp:attachment":[{"href":"https:\/\/www.maisonrondeau.com\/en\/wp-json\/wp\/v2\/media?parent=12962"}],"wp:term":[{"taxonomy":"product_brand","embeddable":true,"href":"https:\/\/www.maisonrondeau.com\/en\/wp-json\/wp\/v2\/product_brand?post=12962"},{"taxonomy":"product_cat","embeddable":true,"href":"https:\/\/www.maisonrondeau.com\/en\/wp-json\/wp\/v2\/product_cat?post=12962"},{"taxonomy":"product_tag","embeddable":true,"href":"https:\/\/www.maisonrondeau.com\/en\/wp-json\/wp\/v2\/product_tag?post=12962"}],"curies":[{"name":"wp","href":"https:\/\/api.w.org\/{rel}","templated":true}]}}