{"id":12812,"date":"2023-12-22T16:50:22","date_gmt":"2023-12-22T16:56:48","guid":{"rendered":"https:\/\/www.maisonrondeau.com\/?post_type=product&#038;p=12812"},"modified":"2023-12-22T16:56:48","modified_gmt":"2023-12-22T16:56:48","slug":"ts-b-0156-add-on-faucet-for-pre-rinse-units-12-po-nozzle-3-po-nipple","status":"publish","type":"product","link":"https:\/\/www.maisonrondeau.com\/en\/product\/ts-b-0156-add-on-faucet-for-pre-rinse-units-12-po-nozzle-3-po-nipple","title":{"rendered":"T&#038;S B-0156 Add-On Faucet for Pre-Rinse Units &#8211; 12 po Nozzle &#8211; 3 po Nipple"},"content":{"rendered":"<p><a href=\"\/wp-content\/uploads\/2023\/12\/Data_sheet-TS-B-0156.pdf\" target=\"_blank\" rel=\"noopener noreferrer\"><img decoding=\"async\" src=\"\/wp-content\/uploads\/2023\/06\/Bouton-Fiche-Technique-EN.jpg\" alt=\"Data sheet T&amp;S B-0156\" \/><\/a><\/p>\n<p>&nbsp;<\/p>\n<p>The T&#038;S B-0156 is an additional faucet designed specifically for pre-rinse units. This faucet is perfect for commercial kitchens and is designed for use with existing pre-rinse systems.<br \/>\nThis additional faucet features a 12&#8243; nozzle for effective rinsing of kitchen utensils and work surfaces. The nozzle is specially designed to deliver a powerful, precise jet of water.<br \/>\nWith a 3-inch nipple, this additional faucet easily adapts to existing pre-rinse units, offering quick and convenient installation. It is designed to provide optimum water flow.<br \/>\nThe T&#038;S B-0156 is made from high-quality materials to ensure durability and resistance to intensive commercial use. It is designed to withstand the rigors of everyday commercial kitchens, delivering reliable, consistent performance.<\/p>\n<p><span style=\"background-color: #f0f0f1;\"><br \/>\n<strong>Features T&amp;S B-0156<\/strong><br \/>\n12 po swivel nozzle<br \/>\n3 po nipple with 3\/8 po NPT male inlet<br \/>\nMaterial: Polished chrome-plated brass body, tubular nozzle and nipple, chrome-plated metal handle<br \/>\nNozzle: 12 po swivel<br \/>\nNozzle flow rate: 9.73 GPM (36.83 L\/min)<br \/>\nMaximum pressure: 125 psi (8.62 bar)<br \/>\nMinimum pressure: 20 psi (1.38 bar)<br \/>\nMaximum temperature: 140 F (60 \u2103)<br \/>\nMinimum temperature: 40 F (4.44 \u2103)<\/span><\/p>\n","protected":false},"excerpt":{"rendered":"<p>&nbsp; The T&#038;S B-0156 is an additional faucet designed specifically for pre-rinse units. This faucet is perfect for commercial kitchens and is designed for use with existing pre-rinse systems. This additional faucet features a 12&#8243; nozzle for effective rinsing of kitchen utensils and work surfaces. The nozzle is specially designed to deliver a powerful, precise&hellip;<\/p>\n","protected":false},"featured_media":12808,"comment_status":"closed","ping_status":"closed","template":"","meta":{"_acf_changed":false,"inline_featured_image":false},"product_brand":[],"product_cat":[2717,2709],"product_tag":[],"class_list":{"0":"post-12812","1":"product","2":"type-product","3":"status-publish","4":"has-post-thumbnail","6":"product_cat-faucets","7":"product_cat-washing","8":"brand-ts-en-2","10":"first","11":"instock","12":"shipping-taxable","13":"product-type-simple"},"acf":[],"yoast_head":"<!-- This site is optimized with the Yoast SEO plugin v27.5 - https:\/\/yoast.com\/product\/yoast-seo-wordpress\/ -->\n<title>T&amp;S B-0156 Add-On Faucet for Pre-Rinse Units - 12 po Nozzle<\/title>\n<meta name=\"description\" content=\"The T&amp;S B-0156 is an additional faucet for pre-rinse units. This faucet is perfect for commercial kitchens. Ideal for catering establishments.\" \/>\n<meta name=\"robots\" content=\"index, follow, max-snippet:-1, max-image-preview:large, max-video-preview:-1\" \/>\n<link rel=\"canonical\" href=\"https:\/\/www.maisonrondeau.com\/en\/product\/ts-b-0156-add-on-faucet-for-pre-rinse-units-12-po-nozzle-3-po-nipple\" \/>\n<meta property=\"og:locale\" content=\"en_US\" \/>\n<meta property=\"og:type\" content=\"article\" \/>\n<meta property=\"og:title\" content=\"T&amp;S B-0156 Add-On Faucet for Pre-Rinse Units - 12 po Nozzle\" \/>\n<meta property=\"og:description\" content=\"The T&amp;S B-0156 is an additional faucet for pre-rinse units. This faucet is perfect for commercial kitchens. Ideal for catering establishments.\" \/>\n<meta property=\"og:url\" content=\"https:\/\/www.maisonrondeau.com\/en\/product\/ts-b-0156-add-on-faucet-for-pre-rinse-units-12-po-nozzle-3-po-nipple\" \/>\n<meta property=\"og:site_name\" content=\"Maison Rondeau\" \/>\n<meta property=\"article:publisher\" content=\"https:\/\/www.facebook.com\/maisonrondeau\" \/>\n<meta name=\"twitter:card\" content=\"summary_large_image\" \/>\n<!-- \/ Yoast SEO plugin. -->","yoast_head_json":{"title":"T&S B-0156 Add-On Faucet for Pre-Rinse Units - 12 po Nozzle","description":"The T&S B-0156 is an additional faucet for pre-rinse units. This faucet is perfect for commercial kitchens. Ideal for catering establishments.","robots":{"index":"index","follow":"follow","max-snippet":"max-snippet:-1","max-image-preview":"max-image-preview:large","max-video-preview":"max-video-preview:-1"},"canonical":"https:\/\/www.maisonrondeau.com\/en\/product\/ts-b-0156-add-on-faucet-for-pre-rinse-units-12-po-nozzle-3-po-nipple","og_locale":"en_US","og_type":"article","og_title":"T&S B-0156 Add-On Faucet for Pre-Rinse Units - 12 po Nozzle","og_description":"The T&S B-0156 is an additional faucet for pre-rinse units. This faucet is perfect for commercial kitchens. Ideal for catering establishments.","og_url":"https:\/\/www.maisonrondeau.com\/en\/product\/ts-b-0156-add-on-faucet-for-pre-rinse-units-12-po-nozzle-3-po-nipple","og_site_name":"Maison Rondeau","article_publisher":"https:\/\/www.facebook.com\/maisonrondeau","twitter_card":"summary_large_image","schema":{"@context":"https:\/\/schema.org","@graph":[{"@type":"WebPage","@id":"https:\/\/www.maisonrondeau.com\/en\/product\/ts-b-0156-add-on-faucet-for-pre-rinse-units-12-po-nozzle-3-po-nipple","url":"https:\/\/www.maisonrondeau.com\/en\/product\/ts-b-0156-add-on-faucet-for-pre-rinse-units-12-po-nozzle-3-po-nipple","name":"T&S B-0156 Add-On Faucet for Pre-Rinse Units - 12 po Nozzle","isPartOf":{"@id":"https:\/\/www.maisonrondeau.com\/en#website"},"primaryImageOfPage":{"@id":"https:\/\/www.maisonrondeau.com\/en\/product\/ts-b-0156-add-on-faucet-for-pre-rinse-units-12-po-nozzle-3-po-nipple#primaryimage"},"image":{"@id":"https:\/\/www.maisonrondeau.com\/en\/product\/ts-b-0156-add-on-faucet-for-pre-rinse-units-12-po-nozzle-3-po-nipple#primaryimage"},"thumbnailUrl":"https:\/\/www.maisonrondeau.com\/wp-content\/uploads\/2023\/12\/TS-B-0156-Robinet_supplementaire_pour_unites_de_prerincage.jpg","datePublished":"2023-12-22T16:56:48+00:00","description":"The T&S B-0156 is an additional faucet for pre-rinse units. This faucet is perfect for commercial kitchens. Ideal for catering establishments.","breadcrumb":{"@id":"https:\/\/www.maisonrondeau.com\/en\/product\/ts-b-0156-add-on-faucet-for-pre-rinse-units-12-po-nozzle-3-po-nipple#breadcrumb"},"inLanguage":"en-CA","potentialAction":[{"@type":"ReadAction","target":["https:\/\/www.maisonrondeau.com\/en\/product\/ts-b-0156-add-on-faucet-for-pre-rinse-units-12-po-nozzle-3-po-nipple"]}]},{"@type":"ImageObject","inLanguage":"en-CA","@id":"https:\/\/www.maisonrondeau.com\/en\/product\/ts-b-0156-add-on-faucet-for-pre-rinse-units-12-po-nozzle-3-po-nipple#primaryimage","url":"https:\/\/www.maisonrondeau.com\/wp-content\/uploads\/2023\/12\/TS-B-0156-Robinet_supplementaire_pour_unites_de_prerincage.jpg","contentUrl":"https:\/\/www.maisonrondeau.com\/wp-content\/uploads\/2023\/12\/TS-B-0156-Robinet_supplementaire_pour_unites_de_prerincage.jpg","width":600,"height":600,"caption":"T&S B-0156 - Robinet suppl\u00e9mentaire pour unit\u00e9s de pr\u00e9rin\u00e7age"},{"@type":"BreadcrumbList","@id":"https:\/\/www.maisonrondeau.com\/en\/product\/ts-b-0156-add-on-faucet-for-pre-rinse-units-12-po-nozzle-3-po-nipple#breadcrumb","itemListElement":[{"@type":"ListItem","position":1,"name":"Home","item":"https:\/\/www.maisonrondeau.com\/en"},{"@type":"ListItem","position":2,"name":"Catalog","item":"https:\/\/www.maisonrondeau.com\/en\/catalog"},{"@type":"ListItem","position":3,"name":"T&#038;S B-0156 Add-On Faucet for Pre-Rinse Units &#8211; 12 po Nozzle &#8211; 3 po Nipple"}]},{"@type":"WebSite","@id":"https:\/\/www.maisonrondeau.com\/en#website","url":"https:\/\/www.maisonrondeau.com\/en","name":"Maison Rondeau","description":"L\u00e0 o\u00f9 l\u2019exp\u00e9rience rejoint les tendances.","publisher":{"@id":"https:\/\/www.maisonrondeau.com\/en#organization"},"potentialAction":[{"@type":"SearchAction","target":{"@type":"EntryPoint","urlTemplate":"https:\/\/www.maisonrondeau.com\/en?s={search_term_string}"},"query-input":{"@type":"PropertyValueSpecification","valueRequired":true,"valueName":"search_term_string"}}],"inLanguage":"en-CA"},{"@type":"Organization","@id":"https:\/\/www.maisonrondeau.com\/en#organization","name":"Maison Rondeau","alternateName":"Maison Rondeau \u00c9quipements de Restaurant","url":"https:\/\/www.maisonrondeau.com\/en","logo":{"@type":"ImageObject","inLanguage":"en-CA","@id":"https:\/\/www.maisonrondeau.com\/en#\/schema\/logo\/image\/","url":"https:\/\/www.maisonrondeau.com\/wp-content\/uploads\/2019\/07\/maisonrondeau-1.png","contentUrl":"https:\/\/www.maisonrondeau.com\/wp-content\/uploads\/2019\/07\/maisonrondeau-1.png","width":100,"height":32,"caption":"Maison Rondeau"},"image":{"@id":"https:\/\/www.maisonrondeau.com\/en#\/schema\/logo\/image\/"},"sameAs":["https:\/\/www.facebook.com\/maisonrondeau","http:\/\/ca.linkedin.com\/company\/maison-rondeau"]}]}},"_links":{"self":[{"href":"https:\/\/www.maisonrondeau.com\/en\/wp-json\/wp\/v2\/product\/12812","targetHints":{"allow":["GET"]}}],"collection":[{"href":"https:\/\/www.maisonrondeau.com\/en\/wp-json\/wp\/v2\/product"}],"about":[{"href":"https:\/\/www.maisonrondeau.com\/en\/wp-json\/wp\/v2\/types\/product"}],"replies":[{"embeddable":true,"href":"https:\/\/www.maisonrondeau.com\/en\/wp-json\/wp\/v2\/comments?post=12812"}],"wp:featuredmedia":[{"embeddable":true,"href":"https:\/\/www.maisonrondeau.com\/en\/wp-json\/wp\/v2\/media\/12808"}],"wp:attachment":[{"href":"https:\/\/www.maisonrondeau.com\/en\/wp-json\/wp\/v2\/media?parent=12812"}],"wp:term":[{"taxonomy":"product_brand","embeddable":true,"href":"https:\/\/www.maisonrondeau.com\/en\/wp-json\/wp\/v2\/product_brand?post=12812"},{"taxonomy":"product_cat","embeddable":true,"href":"https:\/\/www.maisonrondeau.com\/en\/wp-json\/wp\/v2\/product_cat?post=12812"},{"taxonomy":"product_tag","embeddable":true,"href":"https:\/\/www.maisonrondeau.com\/en\/wp-json\/wp\/v2\/product_tag?post=12812"}],"curies":[{"name":"wp","href":"https:\/\/api.w.org\/{rel}","templated":true}]}}