{"id":11680,"date":"2023-09-06T16:27:42","date_gmt":"2023-09-06T16:33:49","guid":{"rendered":"https:\/\/www.maisonrondeau.com\/?post_type=product&#038;p=11680"},"modified":"2023-09-06T16:33:49","modified_gmt":"2023-09-06T16:33:49","slug":"kool-it-kgm42-display-cooler-2-glass-doors-37-1ft3","status":"publish","type":"product","link":"https:\/\/www.maisonrondeau.com\/en\/product\/kool-it-kgm42-display-cooler-2-glass-doors-37-1ft3","title":{"rendered":"KOOL-IT KGM42 display cooler &#8211; 2 glass doors &#8211; 37.1ft3"},"content":{"rendered":"<p><a href=\"https:\/\/www.maisonrondeau.com\/wp-content\/uploads\/2023\/09\/Data-sheet-KGM-36_KGM-42_KGM-50_KGM-75.pdf\" target=\"_blank\" rel=\"noopener noreferrer\"><img decoding=\"async\" src=\"\/wp-content\/uploads\/2023\/06\/Bouton-Fiche-Technique-EN.jpg\" alt=\"Technical data KOOL-IT KGM-42 - display cooler - 2 glass doors - EN\" \/><\/a><\/p>\n<p>&nbsp;<\/p>\n<p><em>Item# : M069.KGM-42<\/em><\/p>\n<p>The KOOL-IT KGM42 display cooler case is a top-quality piece of equipment designed specifically to meet the needs of food industry professionals. With its advanced features and generous storage capacity, it offers a practical and efficient solution for the presentation and preservation of chilled foods.<br \/>\nThanks to its modern, attractive design, the KGM42 is ideal for establishments such as supermarkets, bakeries, caf\u00e9s and restaurants. It can be used to display a wide variety of products, such as drinks, pastries, sandwiches and much more.<br \/>\nThe KGM42 refrigerated display features a high-performance cooling system that ensures a constant, uniform temperature inside the unit. This keeps food at optimum temperature, preserving freshness and quality for longer.<br \/>\nWith its generous storage capacity, the KGM42 offers ample space to organize and display products efficiently. Adjustable shelves allow customization to the specific needs of each establishment, offering optimum flexibility.<br \/>\nThe KGM42 display cooler is also designed for easy maintenance. Stainless steel surfaces and removable shelves ensure optimum hygiene and easy cleaning.<br \/>\nIn short, the KOOL-IT KGM42 display cooler unit is an ideal choice for food industry professionals looking for quality equipment for the presentation and preservation of chilled food. With its modern design, advanced cooling performance and ease of maintenance, it offers a practical and aesthetic solution for showcasing products and satisfying customer expectations.<\/p>\n<p><span style=\"background-color: #f0f0f1;\"><br \/>\n<strong>Features KOOL-IT KGM-42<\/strong><br \/>\nStorage capacity: 37.1 ft3<br \/>\nCooling temperature from 33\u00b0 to 40\u00b0F<br \/>\nInterior LED lighting<br \/>\nR290 refrigerant<br \/>\nCFC-free, high-density polyurethane foam insulation<br \/>\nElectronic thermostat: easy, precise temperature adjustment<br \/>\nPositive airflow throughout with forced air movement<br \/>\nSelf-closing, lockable door<br \/>\nReplaceable magnetic seal<br \/>\nTriple-glazed glass door<br \/>\nDoor heating system (to prevent condensation)<br \/>\n8 adjustable polyethylene-coated metal shelves.<br \/>\nEnergy Star certification<br \/>\nPowder-coated steel interior, white<br \/>\nExterior powder-coated steel, black<br \/>\nInner base in stainless steel<\/span><\/p>\n<p><span style=\"background-color: #f0f0f1;\"><br \/>\n<strong>Specifications:<\/strong><br \/>\nVoltage: 115 volts<br \/>\nCurrent: 3.3 amps<br \/>\nHertz: 60 Hertz<br \/>\nPhase: 1 phase<br \/>\nConnection: NEMA 5-15P<\/span><\/p>\n<p><span style=\"background-color: #f0f0f1;\"><br \/>\n<strong>Dimensions:<\/strong><br \/>\nWidth: 52.3 in.<br \/>\nDepth: 28.4 in.<br \/>\nHeight: 79.5 in.<br \/>\nWeight: 353 lb<br \/>\nVolume: 37.1 ft3<\/span><\/p>\n","protected":false},"excerpt":{"rendered":"<p>&nbsp; Item# : M069.KGM-42 The KOOL-IT KGM42 display cooler case is a top-quality piece of equipment designed specifically to meet the needs of food industry professionals. With its advanced features and generous storage capacity, it offers a practical and efficient solution for the presentation and preservation of chilled foods. Thanks to its modern, attractive design,&hellip;<\/p>\n","protected":false},"featured_media":11679,"comment_status":"closed","ping_status":"closed","template":"","meta":{"_acf_changed":false,"inline_featured_image":false},"product_brand":[],"product_cat":[2774,2752,2771],"product_tag":[1820],"class_list":{"0":"post-11680","1":"product","2":"type-product","3":"status-publish","4":"has-post-thumbnail","6":"product_cat-glass-door","7":"product_cat-refrigeration","8":"product_cat-refrigerator","9":"product_tag-refrigeration-en","10":"brand-kool-it-en","12":"first","13":"instock","14":"shipping-taxable","15":"product-type-simple"},"acf":[],"yoast_head":"<!-- This site is optimized with the Yoast SEO plugin v27.5 - https:\/\/yoast.com\/product\/yoast-seo-wordpress\/ -->\n<title>KOOL-IT KGM42 display cooler - 2 glass doors - 37.1ft3<\/title>\n<meta name=\"description\" content=\"The KOOL-IT KGM42 display cooler - 2 doors is a commercial unit with a storage capacity of 37.1 cu. ft. Temperature range 33\u00b0 to 40\u00b0F\" \/>\n<meta name=\"robots\" content=\"index, follow, max-snippet:-1, max-image-preview:large, max-video-preview:-1\" \/>\n<link rel=\"canonical\" href=\"https:\/\/www.maisonrondeau.com\/en\/product\/kool-it-kgm42-display-cooler-2-glass-doors-37-1ft3\" \/>\n<meta property=\"og:locale\" content=\"en_US\" \/>\n<meta property=\"og:type\" content=\"article\" \/>\n<meta property=\"og:title\" content=\"KOOL-IT KGM42 display cooler - 2 glass doors - 37.1ft3\" \/>\n<meta property=\"og:description\" content=\"The KOOL-IT KGM42 display cooler - 2 doors is a commercial unit with a storage capacity of 37.1 cu. ft. Temperature range 33\u00b0 to 40\u00b0F\" \/>\n<meta property=\"og:url\" content=\"https:\/\/www.maisonrondeau.com\/en\/product\/kool-it-kgm42-display-cooler-2-glass-doors-37-1ft3\" \/>\n<meta property=\"og:site_name\" content=\"Maison Rondeau\" \/>\n<meta property=\"article:publisher\" content=\"https:\/\/www.facebook.com\/maisonrondeau\" \/>\n<meta property=\"og:image\" content=\"https:\/\/www.maisonrondeau.com\/wp-content\/uploads\/2023\/09\/KOOL-IT-KGM42-presentoir-refrigere.jpg\" \/>\n\t<meta property=\"og:image:width\" content=\"600\" \/>\n\t<meta property=\"og:image:height\" content=\"600\" \/>\n\t<meta property=\"og:image:type\" content=\"image\/jpeg\" \/>\n<meta name=\"twitter:card\" content=\"summary_large_image\" \/>\n<!-- \/ Yoast SEO plugin. -->","yoast_head_json":{"title":"KOOL-IT KGM42 display cooler - 2 glass doors - 37.1ft3","description":"The KOOL-IT KGM42 display cooler - 2 doors is a commercial unit with a storage capacity of 37.1 cu. ft. Temperature range 33\u00b0 to 40\u00b0F","robots":{"index":"index","follow":"follow","max-snippet":"max-snippet:-1","max-image-preview":"max-image-preview:large","max-video-preview":"max-video-preview:-1"},"canonical":"https:\/\/www.maisonrondeau.com\/en\/product\/kool-it-kgm42-display-cooler-2-glass-doors-37-1ft3","og_locale":"en_US","og_type":"article","og_title":"KOOL-IT KGM42 display cooler - 2 glass doors - 37.1ft3","og_description":"The KOOL-IT KGM42 display cooler - 2 doors is a commercial unit with a storage capacity of 37.1 cu. ft. Temperature range 33\u00b0 to 40\u00b0F","og_url":"https:\/\/www.maisonrondeau.com\/en\/product\/kool-it-kgm42-display-cooler-2-glass-doors-37-1ft3","og_site_name":"Maison Rondeau","article_publisher":"https:\/\/www.facebook.com\/maisonrondeau","og_image":[{"width":600,"height":600,"url":"https:\/\/www.maisonrondeau.com\/wp-content\/uploads\/2023\/09\/KOOL-IT-KGM42-presentoir-refrigere.jpg","type":"image\/jpeg"}],"twitter_card":"summary_large_image","schema":{"@context":"https:\/\/schema.org","@graph":[{"@type":"WebPage","@id":"https:\/\/www.maisonrondeau.com\/en\/product\/kool-it-kgm42-display-cooler-2-glass-doors-37-1ft3","url":"https:\/\/www.maisonrondeau.com\/en\/product\/kool-it-kgm42-display-cooler-2-glass-doors-37-1ft3","name":"KOOL-IT KGM42 display cooler - 2 glass doors - 37.1ft3","isPartOf":{"@id":"https:\/\/www.maisonrondeau.com\/en#website"},"primaryImageOfPage":{"@id":"https:\/\/www.maisonrondeau.com\/en\/product\/kool-it-kgm42-display-cooler-2-glass-doors-37-1ft3#primaryimage"},"image":{"@id":"https:\/\/www.maisonrondeau.com\/en\/product\/kool-it-kgm42-display-cooler-2-glass-doors-37-1ft3#primaryimage"},"thumbnailUrl":"https:\/\/www.maisonrondeau.com\/wp-content\/uploads\/2023\/09\/KOOL-IT-KGM42-presentoir-refrigere.jpg","datePublished":"2023-09-06T16:33:49+00:00","description":"The KOOL-IT KGM42 display cooler - 2 doors is a commercial unit with a storage capacity of 37.1 cu. ft. Temperature range 33\u00b0 to 40\u00b0F","breadcrumb":{"@id":"https:\/\/www.maisonrondeau.com\/en\/product\/kool-it-kgm42-display-cooler-2-glass-doors-37-1ft3#breadcrumb"},"inLanguage":"en-CA","potentialAction":[{"@type":"ReadAction","target":["https:\/\/www.maisonrondeau.com\/en\/product\/kool-it-kgm42-display-cooler-2-glass-doors-37-1ft3"]}]},{"@type":"ImageObject","inLanguage":"en-CA","@id":"https:\/\/www.maisonrondeau.com\/en\/product\/kool-it-kgm42-display-cooler-2-glass-doors-37-1ft3#primaryimage","url":"https:\/\/www.maisonrondeau.com\/wp-content\/uploads\/2023\/09\/KOOL-IT-KGM42-presentoir-refrigere.jpg","contentUrl":"https:\/\/www.maisonrondeau.com\/wp-content\/uploads\/2023\/09\/KOOL-IT-KGM42-presentoir-refrigere.jpg","width":600,"height":600,"caption":"KOOL-IT KGM42 - Pr\u00e9sentoir r\u00e9frig\u00e9r\u00e9"},{"@type":"BreadcrumbList","@id":"https:\/\/www.maisonrondeau.com\/en\/product\/kool-it-kgm42-display-cooler-2-glass-doors-37-1ft3#breadcrumb","itemListElement":[{"@type":"ListItem","position":1,"name":"Home","item":"https:\/\/www.maisonrondeau.com\/en"},{"@type":"ListItem","position":2,"name":"Catalog","item":"https:\/\/www.maisonrondeau.com\/en\/catalog"},{"@type":"ListItem","position":3,"name":"KOOL-IT KGM42 display cooler &#8211; 2 glass doors &#8211; 37.1ft3"}]},{"@type":"WebSite","@id":"https:\/\/www.maisonrondeau.com\/en#website","url":"https:\/\/www.maisonrondeau.com\/en","name":"Maison Rondeau","description":"L\u00e0 o\u00f9 l\u2019exp\u00e9rience rejoint les tendances.","publisher":{"@id":"https:\/\/www.maisonrondeau.com\/en#organization"},"potentialAction":[{"@type":"SearchAction","target":{"@type":"EntryPoint","urlTemplate":"https:\/\/www.maisonrondeau.com\/en?s={search_term_string}"},"query-input":{"@type":"PropertyValueSpecification","valueRequired":true,"valueName":"search_term_string"}}],"inLanguage":"en-CA"},{"@type":"Organization","@id":"https:\/\/www.maisonrondeau.com\/en#organization","name":"Maison Rondeau","alternateName":"Maison Rondeau \u00c9quipements de Restaurant","url":"https:\/\/www.maisonrondeau.com\/en","logo":{"@type":"ImageObject","inLanguage":"en-CA","@id":"https:\/\/www.maisonrondeau.com\/en#\/schema\/logo\/image\/","url":"https:\/\/www.maisonrondeau.com\/wp-content\/uploads\/2019\/07\/maisonrondeau-1.png","contentUrl":"https:\/\/www.maisonrondeau.com\/wp-content\/uploads\/2019\/07\/maisonrondeau-1.png","width":100,"height":32,"caption":"Maison Rondeau"},"image":{"@id":"https:\/\/www.maisonrondeau.com\/en#\/schema\/logo\/image\/"},"sameAs":["https:\/\/www.facebook.com\/maisonrondeau","http:\/\/ca.linkedin.com\/company\/maison-rondeau"]}]}},"_links":{"self":[{"href":"https:\/\/www.maisonrondeau.com\/en\/wp-json\/wp\/v2\/product\/11680","targetHints":{"allow":["GET"]}}],"collection":[{"href":"https:\/\/www.maisonrondeau.com\/en\/wp-json\/wp\/v2\/product"}],"about":[{"href":"https:\/\/www.maisonrondeau.com\/en\/wp-json\/wp\/v2\/types\/product"}],"replies":[{"embeddable":true,"href":"https:\/\/www.maisonrondeau.com\/en\/wp-json\/wp\/v2\/comments?post=11680"}],"wp:featuredmedia":[{"embeddable":true,"href":"https:\/\/www.maisonrondeau.com\/en\/wp-json\/wp\/v2\/media\/11679"}],"wp:attachment":[{"href":"https:\/\/www.maisonrondeau.com\/en\/wp-json\/wp\/v2\/media?parent=11680"}],"wp:term":[{"taxonomy":"product_brand","embeddable":true,"href":"https:\/\/www.maisonrondeau.com\/en\/wp-json\/wp\/v2\/product_brand?post=11680"},{"taxonomy":"product_cat","embeddable":true,"href":"https:\/\/www.maisonrondeau.com\/en\/wp-json\/wp\/v2\/product_cat?post=11680"},{"taxonomy":"product_tag","embeddable":true,"href":"https:\/\/www.maisonrondeau.com\/en\/wp-json\/wp\/v2\/product_tag?post=11680"}],"curies":[{"name":"wp","href":"https:\/\/api.w.org\/{rel}","templated":true}]}}