{"id":11569,"date":"2023-08-22T14:44:52","date_gmt":"2023-08-22T15:09:33","guid":{"rendered":"https:\/\/www.maisonrondeau.com\/?post_type=product&#038;p=11569"},"modified":"2023-08-22T15:09:34","modified_gmt":"2023-08-22T15:09:34","slug":"ikon-ib81r-3-door-refrigerator-volume-61-cu-ft","status":"publish","type":"product","link":"https:\/\/www.maisonrondeau.com\/en\/product\/ikon-ib81r-3-door-refrigerator-volume-61-cu-ft","title":{"rendered":"Ikon IB81R &#8211; 3-door refrigerator &#8211; Volume 61 cu. ft."},"content":{"rendered":"<p><a href=\"\/wp-content\/uploads\/2023\/08\/technical-data-refrigerators-Ikon-IB19R-IB27R-IB54R-IB81R.pdf\" target=\"_blank\" rel=\"noopener noreferrer\"><img decoding=\"async\" src=\"\/wp-content\/uploads\/2023\/06\/Bouton-Fiche-Technique-EN.jpg\" alt=\"Fiche technique Ikon IB81R - R\u00e9frig\u00e9rateur \u00e0 trois portes - EN\" \/><\/a><\/p>\n<p>&nbsp;<\/p>\n<p><em>Item# : M069.IB-81R<\/em><\/p>\n<p>The Ikon IB81R commercial refrigerator is an ideal choice for professionals who require high-volume fresh and chilled storage. It&#8217;s a spacious 61 cu. ft. unit that offers ample storage space for a variety of foodstuffs. It features 9 adjustable shelves for customized storage. This Ikon IB81R refrigerator also features an efficient cooling system that guarantees a constant temperature for exceptional preservation quality. It is equipped with interior LED lighting, making it easy to see the various items stored. What&#8217;s more, the door can be locked to guarantee the safety of stored items. All in all, the Ikon IB81R refrigerator is a practical and reliable choice for professionals looking for a quality storage solution for their food products.<\/p>\n<p><span style=\"background-color:#F0F0F1;\"><br \/>\n<strong>Features of the Ikon IB81R refrigerator<\/strong><br \/>\n\u2022 Refrigerator type: 3-door<br \/>\n\u2022 Storage capacity: 61 ft3<br \/>\n\u2022 CFC-free refrigerant and insulation<br \/>\n\u2022 Refrigerant type: R290<br \/>\n\u2022 LED interior lighting<br \/>\n\u2022 Electronic temperature control<br \/>\n\u2022 Fingerprint-resistant stainless steel finish<br \/>\n\u2022 9 adjustable shelves in robust, epoxy-coated steel<br \/>\n\u2022 Electronic thermostat and digital temperature display<br \/>\n\u2022 Easy-to-mount 4&#8243; castors (lockable at front)<br \/>\n\u2022 Integrated heating element in condensate drip tray to evaporate excess water<br \/>\n\u2022 Self-closing, lockable doors that can also be left open at 90 degrees<br \/>\n\u2022 Magnetic seal (can be replaced without tools)<br \/>\n\u2022 Temperature: 33 to 40 \u00b0F \/ 0.5 to 4 \u00b0C<br \/>\n\u2022 1\/4 HP compressor<br \/>\n\u2022 Electrical: 115\/60\/1 with NEMA 5-15P plug<br \/>\n\u2022 Amps: 7<br \/>\n\u2022 2-year parts and labor warranty, 5-year compressor warranty<\/span><\/p>\n<p><span style=\"background-color:#F0F0F1;\"><br \/>\n<strong>Dimensions<\/strong><br \/>\nDimensions<br \/>\nWidth: 81 in.<br \/>\nDepth: 32.7 in.<br \/>\nHeight: 82.3<br \/>\nWeight: 598 lb<br \/>\nVolume: 39.6 ft3<\/span><\/p>\n","protected":false},"excerpt":{"rendered":"<p>&nbsp; Item# : M069.IB-81R The Ikon IB81R commercial refrigerator is an ideal choice for professionals who require high-volume fresh and chilled storage. It&#8217;s a spacious 61 cu. ft. unit that offers ample storage space for a variety of foodstuffs. It features 9 adjustable shelves for customized storage. This Ikon IB81R refrigerator also features an efficient&hellip;<\/p>\n","protected":false},"featured_media":11566,"comment_status":"closed","ping_status":"closed","template":"","meta":{"_acf_changed":false,"inline_featured_image":false},"product_brand":[],"product_cat":[2773,2752,2771],"product_tag":[1820],"class_list":{"0":"post-11569","1":"product","2":"type-product","3":"status-publish","4":"has-post-thumbnail","6":"product_cat-full-door","7":"product_cat-refrigeration","8":"product_cat-refrigerator","9":"product_tag-refrigeration-en","10":"brand-ikon-en","12":"first","13":"instock","14":"shipping-taxable","15":"product-type-simple"},"acf":[],"yoast_head":"<!-- This site is optimized with the Yoast SEO plugin v27.5 - https:\/\/yoast.com\/product\/yoast-seo-wordpress\/ -->\n<title>Ikon IB81R - 3-door refrigerator - Volume 61 cu. ft.<\/title>\n<meta name=\"description\" content=\"The Ikon IB81R commercial refrigerator is an ideal choice for professionals who require high-volume storage of fresh and chilled products.\" \/>\n<meta name=\"robots\" content=\"index, follow, max-snippet:-1, max-image-preview:large, max-video-preview:-1\" \/>\n<link rel=\"canonical\" href=\"https:\/\/www.maisonrondeau.com\/en\/product\/ikon-ib81r-3-door-refrigerator-volume-61-cu-ft\" \/>\n<meta property=\"og:locale\" content=\"en_US\" \/>\n<meta property=\"og:type\" content=\"article\" \/>\n<meta property=\"og:title\" content=\"Ikon IB81R - 3-door refrigerator - Volume 61 cu. ft.\" \/>\n<meta property=\"og:description\" content=\"The Ikon IB81R commercial refrigerator is an ideal choice for professionals who require high-volume storage of fresh and chilled products.\" \/>\n<meta property=\"og:url\" content=\"https:\/\/www.maisonrondeau.com\/en\/product\/ikon-ib81r-3-door-refrigerator-volume-61-cu-ft\" \/>\n<meta property=\"og:site_name\" content=\"Maison Rondeau\" \/>\n<meta property=\"article:publisher\" content=\"https:\/\/www.facebook.com\/maisonrondeau\" \/>\n<meta property=\"article:modified_time\" content=\"2023-08-22T15:09:34+00:00\" \/>\n<meta property=\"og:image\" content=\"https:\/\/www.maisonrondeau.com\/wp-content\/uploads\/2023\/08\/Ikon-IB81R-refrigerator-commercial-3-door.jpg\" \/>\n\t<meta property=\"og:image:width\" content=\"600\" \/>\n\t<meta property=\"og:image:height\" content=\"600\" \/>\n\t<meta property=\"og:image:type\" content=\"image\/jpeg\" \/>\n<meta name=\"twitter:card\" content=\"summary_large_image\" \/>\n<!-- \/ Yoast SEO plugin. -->","yoast_head_json":{"title":"Ikon IB81R - 3-door refrigerator - Volume 61 cu. ft.","description":"The Ikon IB81R commercial refrigerator is an ideal choice for professionals who require high-volume storage of fresh and chilled products.","robots":{"index":"index","follow":"follow","max-snippet":"max-snippet:-1","max-image-preview":"max-image-preview:large","max-video-preview":"max-video-preview:-1"},"canonical":"https:\/\/www.maisonrondeau.com\/en\/product\/ikon-ib81r-3-door-refrigerator-volume-61-cu-ft","og_locale":"en_US","og_type":"article","og_title":"Ikon IB81R - 3-door refrigerator - Volume 61 cu. ft.","og_description":"The Ikon IB81R commercial refrigerator is an ideal choice for professionals who require high-volume storage of fresh and chilled products.","og_url":"https:\/\/www.maisonrondeau.com\/en\/product\/ikon-ib81r-3-door-refrigerator-volume-61-cu-ft","og_site_name":"Maison Rondeau","article_publisher":"https:\/\/www.facebook.com\/maisonrondeau","article_modified_time":"2023-08-22T15:09:34+00:00","og_image":[{"width":600,"height":600,"url":"https:\/\/www.maisonrondeau.com\/wp-content\/uploads\/2023\/08\/Ikon-IB81R-refrigerator-commercial-3-door.jpg","type":"image\/jpeg"}],"twitter_card":"summary_large_image","schema":{"@context":"https:\/\/schema.org","@graph":[{"@type":"WebPage","@id":"https:\/\/www.maisonrondeau.com\/en\/product\/ikon-ib81r-3-door-refrigerator-volume-61-cu-ft","url":"https:\/\/www.maisonrondeau.com\/en\/product\/ikon-ib81r-3-door-refrigerator-volume-61-cu-ft","name":"Ikon IB81R - 3-door refrigerator - Volume 61 cu. ft.","isPartOf":{"@id":"https:\/\/www.maisonrondeau.com\/en#website"},"primaryImageOfPage":{"@id":"https:\/\/www.maisonrondeau.com\/en\/product\/ikon-ib81r-3-door-refrigerator-volume-61-cu-ft#primaryimage"},"image":{"@id":"https:\/\/www.maisonrondeau.com\/en\/product\/ikon-ib81r-3-door-refrigerator-volume-61-cu-ft#primaryimage"},"thumbnailUrl":"https:\/\/www.maisonrondeau.com\/wp-content\/uploads\/2023\/08\/Ikon-IB81R-refrigerator-commercial-3-door.jpg","datePublished":"2023-08-22T15:09:33+00:00","dateModified":"2023-08-22T15:09:34+00:00","description":"The Ikon IB81R commercial refrigerator is an ideal choice for professionals who require high-volume storage of fresh and chilled products.","breadcrumb":{"@id":"https:\/\/www.maisonrondeau.com\/en\/product\/ikon-ib81r-3-door-refrigerator-volume-61-cu-ft#breadcrumb"},"inLanguage":"en-CA","potentialAction":[{"@type":"ReadAction","target":["https:\/\/www.maisonrondeau.com\/en\/product\/ikon-ib81r-3-door-refrigerator-volume-61-cu-ft"]}]},{"@type":"ImageObject","inLanguage":"en-CA","@id":"https:\/\/www.maisonrondeau.com\/en\/product\/ikon-ib81r-3-door-refrigerator-volume-61-cu-ft#primaryimage","url":"https:\/\/www.maisonrondeau.com\/wp-content\/uploads\/2023\/08\/Ikon-IB81R-refrigerator-commercial-3-door.jpg","contentUrl":"https:\/\/www.maisonrondeau.com\/wp-content\/uploads\/2023\/08\/Ikon-IB81R-refrigerator-commercial-3-door.jpg","width":600,"height":600,"caption":"Ikon IB81R - Refrigerator Commercial - 3 door"},{"@type":"BreadcrumbList","@id":"https:\/\/www.maisonrondeau.com\/en\/product\/ikon-ib81r-3-door-refrigerator-volume-61-cu-ft#breadcrumb","itemListElement":[{"@type":"ListItem","position":1,"name":"Home","item":"https:\/\/www.maisonrondeau.com\/en"},{"@type":"ListItem","position":2,"name":"Catalog","item":"https:\/\/www.maisonrondeau.com\/en\/catalog"},{"@type":"ListItem","position":3,"name":"Ikon IB81R &#8211; 3-door refrigerator &#8211; Volume 61 cu. ft."}]},{"@type":"WebSite","@id":"https:\/\/www.maisonrondeau.com\/en#website","url":"https:\/\/www.maisonrondeau.com\/en","name":"Maison Rondeau","description":"L\u00e0 o\u00f9 l\u2019exp\u00e9rience rejoint les tendances.","publisher":{"@id":"https:\/\/www.maisonrondeau.com\/en#organization"},"potentialAction":[{"@type":"SearchAction","target":{"@type":"EntryPoint","urlTemplate":"https:\/\/www.maisonrondeau.com\/en?s={search_term_string}"},"query-input":{"@type":"PropertyValueSpecification","valueRequired":true,"valueName":"search_term_string"}}],"inLanguage":"en-CA"},{"@type":"Organization","@id":"https:\/\/www.maisonrondeau.com\/en#organization","name":"Maison Rondeau","alternateName":"Maison Rondeau \u00c9quipements de Restaurant","url":"https:\/\/www.maisonrondeau.com\/en","logo":{"@type":"ImageObject","inLanguage":"en-CA","@id":"https:\/\/www.maisonrondeau.com\/en#\/schema\/logo\/image\/","url":"https:\/\/www.maisonrondeau.com\/wp-content\/uploads\/2019\/07\/maisonrondeau-1.png","contentUrl":"https:\/\/www.maisonrondeau.com\/wp-content\/uploads\/2019\/07\/maisonrondeau-1.png","width":100,"height":32,"caption":"Maison Rondeau"},"image":{"@id":"https:\/\/www.maisonrondeau.com\/en#\/schema\/logo\/image\/"},"sameAs":["https:\/\/www.facebook.com\/maisonrondeau","http:\/\/ca.linkedin.com\/company\/maison-rondeau"]}]}},"_links":{"self":[{"href":"https:\/\/www.maisonrondeau.com\/en\/wp-json\/wp\/v2\/product\/11569","targetHints":{"allow":["GET"]}}],"collection":[{"href":"https:\/\/www.maisonrondeau.com\/en\/wp-json\/wp\/v2\/product"}],"about":[{"href":"https:\/\/www.maisonrondeau.com\/en\/wp-json\/wp\/v2\/types\/product"}],"replies":[{"embeddable":true,"href":"https:\/\/www.maisonrondeau.com\/en\/wp-json\/wp\/v2\/comments?post=11569"}],"wp:featuredmedia":[{"embeddable":true,"href":"https:\/\/www.maisonrondeau.com\/en\/wp-json\/wp\/v2\/media\/11566"}],"wp:attachment":[{"href":"https:\/\/www.maisonrondeau.com\/en\/wp-json\/wp\/v2\/media?parent=11569"}],"wp:term":[{"taxonomy":"product_brand","embeddable":true,"href":"https:\/\/www.maisonrondeau.com\/en\/wp-json\/wp\/v2\/product_brand?post=11569"},{"taxonomy":"product_cat","embeddable":true,"href":"https:\/\/www.maisonrondeau.com\/en\/wp-json\/wp\/v2\/product_cat?post=11569"},{"taxonomy":"product_tag","embeddable":true,"href":"https:\/\/www.maisonrondeau.com\/en\/wp-json\/wp\/v2\/product_tag?post=11569"}],"curies":[{"name":"wp","href":"https:\/\/api.w.org\/{rel}","templated":true}]}}