{"id":11296,"date":"2023-06-28T20:40:16","date_gmt":"2023-06-29T15:00:49","guid":{"rendered":"https:\/\/www.maisonrondeau.com\/?post_type=product&#038;p=11296"},"modified":"2023-07-03T12:29:32","modified_gmt":"2023-07-03T12:29:32","slug":"icombi-pro-xs-6-2-3-rational-professional-mini-electric-oven","status":"publish","type":"product","link":"https:\/\/www.maisonrondeau.com\/en\/product\/icombi-pro-xs-6-2-3-rational-professional-mini-electric-oven","title":{"rendered":"iCombi Pro XS 6-2\/3 Rational \u2013 Professional mini electric oven"},"content":{"rendered":"<p><a href=\"\/wp-content\/uploads\/2023\/06\/Datasheet_iCombiPro_XS_E_Standard_en-INT.pdf\" target=\"_blank\" rel=\"noopener noreferrer\"><img decoding=\"async\" src=\"\/wp-content\/uploads\/2023\/06\/Bouton-Fiche-Technique-EN.jpg\" alt=\"iCombi Pro XS 6-2\/3 Rational \u2013 Professional mini electric oven\" \/><\/a><\/p>\n<p>&nbsp;<\/p>\n<p><em>Item# : CA1ERRA.0000210 \u2013 CA1ERRE.0000211<\/em><\/p>\n<p>In the iCombi Pro range from Rational, we present you with the mini electric professional oven that offers great capacities. Not so mini, in fact, as it can cook from 20 to 80 meals a day. It&#8217;s equipped with an intelligent cooking system and can be connected to &#8220;<a href=\"#connectedcooking\">ConnectedCooking<\/a>&#8221; to be managed and controlled from anywhere. You can program your recipes and let your iCombi Pro manage the perfect cooking for you, or take complete manual control of the cooking process with steam, convection or combiner cooking modes. The iCombi Pro XS 6-2\/3 Rational, professional mini electric oven handles most of the cooking processes used in professional kitchens; poultry, meat, fish, egg products, desserts, fillings, vegetables, bakery products&#8230; And it has all the cooking processes; saut\u00e9ing, poaching, steaming, roasting, grilling and baking.<\/p>\n<blockquote><p>\n<strong>Discover the 4 intelligent assistants: iCombi Pro XS 6-2\/3 Rational &#8211; Professional mini electric oven<\/strong><br \/>\n<a href=\"#idensitycontrol\"><img decoding=\"async\" src=\"\/wp-content\/uploads\/2023\/06\/Fonction-iDensityControl-Rational-1-e1688046494778.png\" width=\"200px\" alt=\"Fonction iDensityControl Rational - iCombi Pro\" \/><\/a><br \/>\n<a href=\"#icookingsuite\"><img decoding=\"async\" src=\"https:\/\/www.maisonrondeau.com\/wp-content\/uploads\/2023\/06\/Fonction-iCookingSuite-Rational-1-e1688046517771.png\" width=\"200px\" alt=\"Fonction iCookingSuite Rational - iCombi Pro\" \/><\/a><br \/>\n<a href=\"#iproductionmanager\"><img decoding=\"async\" src=\"\/wp-content\/uploads\/2023\/06\/Fonction-iProductionManager-Rational-1.png\" width=\"200px\" alt=\"Fonction iProductionManager Rational - iCombi Pro\" \/><\/a><br \/>\n<a href=\"#icaresystem\"><img decoding=\"async\" src=\"\/wp-content\/uploads\/2023\/06\/Fonction-iCareSystem-Rational-1-e1688046533327.png\" width=\"200px\" alt=\"Fonction iCareSystem Rational - iCombi Pro\" \/><\/a>\n<\/p><\/blockquote>\n<p><span style=\"background-color:#F0F0F1;\"><br \/>\n<strong>TECHNICAL SPECIFICATIONS<\/strong><br \/>\n<strong>Dimensions (W x H x D)<\/strong><br \/>\n\u2022 Cooking system (body): 25 3\/4 x 22 3\/8 x 21 7\/8 inch<br \/>\n\u2022 Cooking system (complete): 25 3\/4 x 23 1\/2 x 24 1\/2 inch<br \/>\n\u2022 Cooking system with packaging: 37 1\/4 x 30 3\/8 x 35 7\/8 inch<br \/>\n\u2022 Maximum working height top rack*: \u2264 63 inch<br \/>\n*with use of an appropriate RATIONAL base frame<\/span><\/p>\n<p><span style=\"background-color:#F0F0F1;\"><strong>Weight<\/strong><br \/>\n\u2022 Maximum loading quantities\/rack: 22 lbs<br \/>\n\u2022 Maximum total loading quantities: 44 lbs<br \/>\n\u2022 Weight electric unit without packaging: 137 lbs<br \/>\n\u2022 Weight electric unit with packaging: 185 lbs<\/span><\/p>\n<p><span style=\"background-color:#F0F0F1;\"><strong>Connection requirements electric<\/strong><br \/>\n<strong>Voltage 1 ph 208 V \/ 240 V<\/strong><br \/>\n\u2022 Electrical connected loads: 5,7 kW<br \/>\n\u2022 Steam mode output: 5,4 kW<br \/>\n\u2022 Convection mode output: 5,4 kW<br \/>\n\u2022 Fuse: 30 A<br \/>\n\u2022 Running AMPS: 27,4 A (208 V) \/ 24 A (240 V)<br \/>\n\u2022 Cable connection: 3xAWG 8 SOOW90\u00b0C avec NEMA Plug 6-50P<br \/>\n<strong>Voltage 3 ph 208 V \/ 240 V<\/strong><br \/>\n\u2022 Electrical connected loads: 5,7 kW<br \/>\n\u2022 Steam mode output: 5,4 kW<br \/>\n\u2022 Convection mode output: 5,4 kW<br \/>\n\u2022 Fuse: 20 A<br \/>\n\u2022 Running AMPS: 15.9 A (208 V) \/ 15.5 A (240 V)<br \/>\n\u2022 Cable connection: 4xAWG 12 SOOW90\u00b0C avec NEMA Plug 15-30P<br \/>\nConnection cable not included<\/span><\/p>\n<p><span style=\"background-color:#F0F0F1;\"><strong>Sp\u00e9cificit\u00e9s de raccordement \u00e0 l\u2019eau<\/strong><br \/>\n\u2022 Water inlet (pressure hose) respectively: 3\/4 \u201c<br \/>\n\u2022 Water pressure (flow pressure) respectively: 14,5 \u2013 87,0 PSI<br \/>\n\u2022 Max. flow: 3 gal\/min<br \/>\n\u2022 Sewage disposal: 1 1\/2 &#8221; OD<br \/>\n\u2022 Max. short-term wastewater volume: 0.11 gal\/sec<br \/>\nOnly use temperature-resistant waste water pipes<\/span><\/p>\n<p><span style=\"background-color:#F0F0F1;\"><strong>Quality requirements Water<\/strong><br \/>\nUntreated water hardness can vary from 0 to 24.5 gr\/gal (0 to 420ppm). We do not recommend treated water hardness < 5 gr\/gal (86ppm), as the water may be corrosive. Sodium ion exchangers are not recommended; H+ ion exchange systems are recommended. Water that does not meet the following minimum standards must be treated appropriately.<\/span><\/p>\n<p><span style=\"background-color:#F0F0F1;\"><strong>Exhaust air and thermal load connection specifications<\/strong><br \/>\n\u2022 Latent thermal load: 966 BTU \/ h<br \/>\n\u2022 Sensitive heat emission: 1280 BTU \/ h<br \/>\n\u2022 Acoustic emission: 52 dBA<\/span><\/p>\n<p><span style=\"background-color:#F0F0F1;\"><strong>Connection specifications Data<\/strong><br \/>\n\u2022 Data interface: LAN RJ 45<br \/>\n\u2022 Data interface: WiFi IEEE 802.11 a\/g\/n<\/span><\/p>\n<p>&nbsp;<\/p>\n<p><span id=\"idensitycontrol\"><img decoding=\"async\" src=\"\/wp-content\/uploads\/2023\/06\/Fonction-iDensityControl-Rational-1-e1688046494778.png\" width=\"200px\" alt=\"Fonction iDensityControl Rational - iCombi Pro\" \/><\/span><br \/>\n<div style=\"width: 400px;\" class=\"wp-video\"><video class=\"wp-video-shortcode\" id=\"video-11296-1\" width=\"400\" height=\"225\" preload=\"metadata\" controls=\"controls\"><source type=\"video\/mp4\" src=\"https:\/\/www.maisonrondeau.com\/wp-content\/uploads\/2023\/06\/iDensityControl.-Everything-you-do-you-can-now-do-even-better-_-RATIONAL.mp4?_=1\" \/><a href=\"https:\/\/www.maisonrondeau.com\/wp-content\/uploads\/2023\/06\/iDensityControl.-Everything-you-do-you-can-now-do-even-better-_-RATIONAL.mp4\">https:\/\/www.maisonrondeau.com\/wp-content\/uploads\/2023\/06\/iDensityControl.-Everything-you-do-you-can-now-do-even-better-_-RATIONAL.mp4<\/a><\/video><\/div><br \/>\n<strong>iDensityControl<\/strong> is the intelligent climate management system in the iCombi Pro. Thanks to the interaction of sensors, high-performance heating system and live steam generator as well as its active dehumidification, the right cooking chamber climate is always available. The intelligent air turbulence ensures the best possible energy input into the food. This therefore ensures exceptional productivity with high food quality, uniformity and minimal energy consumption.<\/p>\n<p>&nbsp;<\/p>\n<p><span id=\"icookingsuite\"><img decoding=\"async\" src=\"\/wp-content\/uploads\/2023\/06\/Fonction-iCookingSuite-Rational-1-e1688046517771.png\" width=\"200px\" alt=\"Fonction iCookingSuite Rational - iCombi Pro\" \/><\/span><br \/>\n<div style=\"width: 400px;\" class=\"wp-video\"><video class=\"wp-video-shortcode\" id=\"video-11296-2\" width=\"400\" height=\"225\" preload=\"metadata\" controls=\"controls\"><source type=\"video\/mp4\" src=\"https:\/\/www.maisonrondeau.com\/wp-content\/uploads\/2023\/06\/iCookingSuite.-Reliably-to-the-desired-result.-Without-supervision.-_-RATIONAL.mp4?_=2\" \/><a href=\"https:\/\/www.maisonrondeau.com\/wp-content\/uploads\/2023\/06\/iCookingSuite.-Reliably-to-the-desired-result.-Without-supervision.-_-RATIONAL.mp4\">https:\/\/www.maisonrondeau.com\/wp-content\/uploads\/2023\/06\/iCookingSuite.-Reliably-to-the-desired-result.-Without-supervision.-_-RATIONAL.mp4<\/a><\/video><\/div><br \/>\n<strong>iCookingSuite<\/strong> is the cooking intelligence in the iCombi Pro. Initially, the user selects the cooking path from 7 operating modes and\/or 4 cooking methods to suit the food. The desired cooking result is also specified by the user. The unit suggests browning and cooking degree adjustments. Intelligent sensors recognise the size, quantity and condition of the food. Depending on the cooking progress, all important cooking parameters such as temperature, cooking chamber climate, air speed and cooking time are adjusted to the second. The desired result is achieved with the best possible quality and in the shortest possible time. If desired, you can interrupt the cooking process and adjust the cooking result. The user can switch to iProductionManager or manual mode at any time. With the iCookingSuite, time, raw products and energy can be easily saved and without extra control effort, with standardised food quality.<\/p>\n<p>&nbsp;<\/p>\n<p><span id=\"iproductionmanager\"><img decoding=\"async\" src=\"\/wp-content\/uploads\/2023\/06\/Fonction-iProductionManager-Rational-1.png\" width=\"200px\" alt=\"Fonction iProductionManager Rational - iCombi Pro\" \/><\/span><br \/>\n<div style=\"width: 400px;\" class=\"wp-video\"><video class=\"wp-video-shortcode\" id=\"video-11296-3\" width=\"400\" height=\"225\" preload=\"metadata\" controls=\"controls\"><source type=\"video\/mp4\" src=\"https:\/\/www.maisonrondeau.com\/wp-content\/uploads\/2023\/06\/iProductionManager-RATIONAL-_-iCombi-Pro.mp4?_=3\" \/><a href=\"https:\/\/www.maisonrondeau.com\/wp-content\/uploads\/2023\/06\/iProductionManager-RATIONAL-_-iCombi-Pro.mp4\">https:\/\/www.maisonrondeau.com\/wp-content\/uploads\/2023\/06\/iProductionManager-RATIONAL-_-iCombi-Pro.mp4<\/a><\/video><\/div><br \/>\n<strong>iProductionManager<\/strong> organises the production process intelligently and flexibly. This includes which products can be cooked together on different inserts, the optimal order of the dishes and the monitoring of the cooking path. The iProductionManager supports you with information on inserting or removing dishes. Depending on the cooking process, the tickets can be placed anywhere or can be aligned with a specific target time. The iProductionManager arranges the food sequence accordingly and automatically makes the correct settings. The user decides if the food is cooked in an energy-optimised or timeoptimised manner. Simple monitoring activities are no longer necessary, and working time and energy are saved.<\/p>\n<p>&nbsp;<\/p>\n<p><span id=\"icaresystem\"><img decoding=\"async\" src=\"\/wp-content\/uploads\/2023\/06\/Fonction-iCareSystem-Rational-1-e1688046533327.png\" width=\"200px\" alt=\"Fonction iCareSystem Rational - iCombi Pro\" \/><\/span><br \/>\n<div style=\"width: 400px;\" class=\"wp-video\"><video class=\"wp-video-shortcode\" id=\"video-11296-4\" width=\"400\" height=\"225\" preload=\"metadata\" controls=\"controls\"><source type=\"video\/mp4\" src=\"https:\/\/www.maisonrondeau.com\/wp-content\/uploads\/2023\/06\/iCareSystem.-Brilliant.-You-wouldnt-even-guess-it-had-been-at-work-for-hours.-_-RATIONAL.mp4?_=4\" \/><a href=\"https:\/\/www.maisonrondeau.com\/wp-content\/uploads\/2023\/06\/iCareSystem.-Brilliant.-You-wouldnt-even-guess-it-had-been-at-work-for-hours.-_-RATIONAL.mp4\">https:\/\/www.maisonrondeau.com\/wp-content\/uploads\/2023\/06\/iCareSystem.-Brilliant.-You-wouldnt-even-guess-it-had-been-at-work-for-hours.-_-RATIONAL.mp4<\/a><\/video><\/div><br \/>\n<strong>iCareSystem<\/strong> is the intelligent cleaning and descaling system in the iCombi Pro XS 6-2\/3. It recognises the current degree of dirt and calcification and suggests the ideal cleaning level and chemical quantity from 9 cleaning programmes. The quick interim cleaning cleans the iCombi Pro XS 6-2\/3 in less than 30 minutes. All cleaning programmes can also run unsupervised overnight. With a low consumption of phosphate-free care products, water and energy, the iCareSystem is particularly economical and environmentally friendly. This keeps the iCombi Pro hygienically clean without any manual work and at a minimal cost.<\/p>\n<p>&nbsp;<\/p>\n<p><span id=\"connectedcooking\"><strong><u>ConnectedCooking &#8211; How to connect iCombi Pro<\/u><\/strong><\/span><\/p>\n<div style=\"width: 400px;\" class=\"wp-video\"><video class=\"wp-video-shortcode\" id=\"video-11296-5\" width=\"400\" height=\"225\" preload=\"metadata\" controls=\"controls\"><source type=\"video\/mp4\" src=\"https:\/\/www.maisonrondeau.com\/wp-content\/uploads\/2023\/06\/How_to_connect_iCombiPro_ConnectedCooking-EN.mp4?_=5\" \/><a href=\"https:\/\/www.maisonrondeau.com\/wp-content\/uploads\/2023\/06\/How_to_connect_iCombiPro_ConnectedCooking-EN.mp4\">https:\/\/www.maisonrondeau.com\/wp-content\/uploads\/2023\/06\/How_to_connect_iCombiPro_ConnectedCooking-EN.mp4<\/a><\/video><\/div>\n<p>&nbsp;<\/p>\n<p><strong><u>Lamb curry demonstration video &#8211; iCombi Pro<\/u><\/strong><\/p>\n<div style=\"width: 400px;\" class=\"wp-video\"><video class=\"wp-video-shortcode\" id=\"video-11296-6\" width=\"400\" height=\"225\" preload=\"metadata\" controls=\"controls\"><source type=\"video\/mp4\" src=\"https:\/\/www.maisonrondeau.com\/wp-content\/uploads\/2023\/06\/Lamb_curry_demonstration_video-iCombi_Pro-EN.mp4?_=6\" \/><a href=\"https:\/\/www.maisonrondeau.com\/wp-content\/uploads\/2023\/06\/Lamb_curry_demonstration_video-iCombi_Pro-EN.mp4\">https:\/\/www.maisonrondeau.com\/wp-content\/uploads\/2023\/06\/Lamb_curry_demonstration_video-iCombi_Pro-EN.mp4<\/a><\/video><\/div>\n<p>&nbsp;<\/p>\n<p><strong><u>How to make semi-preserves on video &#8211; iCombi Pro<\/u><\/strong><\/p>\n<div style=\"width: 400px;\" class=\"wp-video\"><video class=\"wp-video-shortcode\" id=\"video-11296-7\" width=\"400\" height=\"225\" preload=\"metadata\" controls=\"controls\"><source type=\"video\/mp4\" src=\"https:\/\/www.maisonrondeau.com\/wp-content\/uploads\/2023\/06\/How_to_make_semi-preserves_on_video-iCombi_Pro-EN.mp4?_=7\" \/><a href=\"https:\/\/www.maisonrondeau.com\/wp-content\/uploads\/2023\/06\/How_to_make_semi-preserves_on_video-iCombi_Pro-EN.mp4\">https:\/\/www.maisonrondeau.com\/wp-content\/uploads\/2023\/06\/How_to_make_semi-preserves_on_video-iCombi_Pro-EN.mp4<\/a><\/video><\/div>\n","protected":false},"excerpt":{"rendered":"<p>&nbsp; Item# : CA1ERRA.0000210 \u2013 CA1ERRE.0000211 In the iCombi Pro range from Rational, we present you with the mini electric professional oven that offers great capacities. Not so mini, in fact, as it can cook from 20 to 80 meals a day. It&#8217;s equipped with an intelligent cooking system and can be connected to &#8220;ConnectedCooking&#8221;&hellip;<\/p>\n","protected":false},"featured_media":11316,"comment_status":"closed","ping_status":"closed","template":"","meta":{"_acf_changed":false,"inline_featured_image":false},"product_brand":[],"product_cat":[2655,2654,2656],"product_tag":[1916,1803],"class_list":{"0":"post-11296","1":"product","2":"type-product","3":"status-publish","4":"has-post-thumbnail","6":"product_cat-combi","7":"product_cat-cooking","8":"product_cat-electric-combi","9":"product_tag-combi-en","10":"product_tag-cuisson-en","11":"brand-rational","13":"first","14":"instock","15":"shipping-taxable","16":"product-type-simple"},"acf":[],"yoast_head":"<!-- This site is optimized with the Yoast SEO plugin v27.5 - https:\/\/yoast.com\/product\/yoast-seo-wordpress\/ -->\n<title>iCombi Pro XS 6-2\/3 Rational \u2013 Professional mini electric oven<\/title>\n<meta name=\"description\" content=\"Discover the 4 intelligent assistants: iCombi Pro XS 6-2\/3 Rational - Professional mini electric oven. It can cook from 20 to 80 meals a day.\" \/>\n<meta name=\"robots\" content=\"index, follow, max-snippet:-1, max-image-preview:large, max-video-preview:-1\" \/>\n<link rel=\"canonical\" href=\"https:\/\/www.maisonrondeau.com\/en\/product\/icombi-pro-xs-6-2-3-rational-professional-mini-electric-oven\" \/>\n<meta property=\"og:locale\" content=\"en_US\" \/>\n<meta property=\"og:type\" content=\"article\" \/>\n<meta property=\"og:title\" content=\"iCombi Pro XS 6-2\/3 Rational \u2013 Professional mini electric oven\" \/>\n<meta property=\"og:description\" content=\"Discover the 4 intelligent assistants: iCombi Pro XS 6-2\/3 Rational - Professional mini electric oven. It can cook from 20 to 80 meals a day.\" \/>\n<meta property=\"og:url\" content=\"https:\/\/www.maisonrondeau.com\/en\/product\/icombi-pro-xs-6-2-3-rational-professional-mini-electric-oven\" \/>\n<meta property=\"og:site_name\" content=\"Maison Rondeau\" \/>\n<meta property=\"article:publisher\" content=\"https:\/\/www.facebook.com\/maisonrondeau\" \/>\n<meta property=\"article:modified_time\" content=\"2023-07-03T12:29:32+00:00\" \/>\n<meta property=\"og:image\" content=\"https:\/\/www.maisonrondeau.com\/wp-content\/uploads\/2023\/06\/iCombi-Pro-XS-E-Standard-front-door-closed.jpg\" \/>\n\t<meta property=\"og:image:width\" content=\"600\" \/>\n\t<meta property=\"og:image:height\" content=\"600\" \/>\n\t<meta property=\"og:image:type\" content=\"image\/jpeg\" \/>\n<meta name=\"twitter:card\" content=\"summary_large_image\" \/>\n<meta name=\"twitter:label1\" content=\"Est. reading time\" \/>\n\t<meta name=\"twitter:data1\" content=\"6 minutes\" \/>\n<!-- \/ Yoast SEO plugin. -->","yoast_head_json":{"title":"iCombi Pro XS 6-2\/3 Rational \u2013 Professional mini electric oven","description":"Discover the 4 intelligent assistants: iCombi Pro XS 6-2\/3 Rational - Professional mini electric oven. It can cook from 20 to 80 meals a day.","robots":{"index":"index","follow":"follow","max-snippet":"max-snippet:-1","max-image-preview":"max-image-preview:large","max-video-preview":"max-video-preview:-1"},"canonical":"https:\/\/www.maisonrondeau.com\/en\/product\/icombi-pro-xs-6-2-3-rational-professional-mini-electric-oven","og_locale":"en_US","og_type":"article","og_title":"iCombi Pro XS 6-2\/3 Rational \u2013 Professional mini electric oven","og_description":"Discover the 4 intelligent assistants: iCombi Pro XS 6-2\/3 Rational - Professional mini electric oven. It can cook from 20 to 80 meals a day.","og_url":"https:\/\/www.maisonrondeau.com\/en\/product\/icombi-pro-xs-6-2-3-rational-professional-mini-electric-oven","og_site_name":"Maison Rondeau","article_publisher":"https:\/\/www.facebook.com\/maisonrondeau","article_modified_time":"2023-07-03T12:29:32+00:00","og_image":[{"width":600,"height":600,"url":"https:\/\/www.maisonrondeau.com\/wp-content\/uploads\/2023\/06\/iCombi-Pro-XS-E-Standard-front-door-closed.jpg","type":"image\/jpeg"}],"twitter_card":"summary_large_image","twitter_misc":{"Est. reading time":"6 minutes"},"schema":{"@context":"https:\/\/schema.org","@graph":[{"@type":"WebPage","@id":"https:\/\/www.maisonrondeau.com\/en\/product\/icombi-pro-xs-6-2-3-rational-professional-mini-electric-oven","url":"https:\/\/www.maisonrondeau.com\/en\/product\/icombi-pro-xs-6-2-3-rational-professional-mini-electric-oven","name":"iCombi Pro XS 6-2\/3 Rational \u2013 Professional mini electric oven","isPartOf":{"@id":"https:\/\/www.maisonrondeau.com\/en#website"},"primaryImageOfPage":{"@id":"https:\/\/www.maisonrondeau.com\/en\/product\/icombi-pro-xs-6-2-3-rational-professional-mini-electric-oven#primaryimage"},"image":{"@id":"https:\/\/www.maisonrondeau.com\/en\/product\/icombi-pro-xs-6-2-3-rational-professional-mini-electric-oven#primaryimage"},"thumbnailUrl":"https:\/\/www.maisonrondeau.com\/wp-content\/uploads\/2023\/06\/iCombi-Pro-XS-E-Standard-front-door-closed.jpg","datePublished":"2023-06-29T15:00:49+00:00","dateModified":"2023-07-03T12:29:32+00:00","description":"Discover the 4 intelligent assistants: iCombi Pro XS 6-2\/3 Rational - Professional mini electric oven. It can cook from 20 to 80 meals a day.","breadcrumb":{"@id":"https:\/\/www.maisonrondeau.com\/en\/product\/icombi-pro-xs-6-2-3-rational-professional-mini-electric-oven#breadcrumb"},"inLanguage":"en-CA","potentialAction":[{"@type":"ReadAction","target":["https:\/\/www.maisonrondeau.com\/en\/product\/icombi-pro-xs-6-2-3-rational-professional-mini-electric-oven"]}]},{"@type":"ImageObject","inLanguage":"en-CA","@id":"https:\/\/www.maisonrondeau.com\/en\/product\/icombi-pro-xs-6-2-3-rational-professional-mini-electric-oven#primaryimage","url":"https:\/\/www.maisonrondeau.com\/wp-content\/uploads\/2023\/06\/iCombi-Pro-XS-E-Standard-front-door-closed.jpg","contentUrl":"https:\/\/www.maisonrondeau.com\/wp-content\/uploads\/2023\/06\/iCombi-Pro-XS-E-Standard-front-door-closed.jpg","width":600,"height":600,"caption":"iCombi Pro XS E Standard - front door closed"},{"@type":"BreadcrumbList","@id":"https:\/\/www.maisonrondeau.com\/en\/product\/icombi-pro-xs-6-2-3-rational-professional-mini-electric-oven#breadcrumb","itemListElement":[{"@type":"ListItem","position":1,"name":"Home","item":"https:\/\/www.maisonrondeau.com\/en"},{"@type":"ListItem","position":2,"name":"Catalog","item":"https:\/\/www.maisonrondeau.com\/en\/catalog"},{"@type":"ListItem","position":3,"name":"iCombi Pro XS 6-2\/3 Rational \u2013 Professional mini electric oven"}]},{"@type":"WebSite","@id":"https:\/\/www.maisonrondeau.com\/en#website","url":"https:\/\/www.maisonrondeau.com\/en","name":"Maison Rondeau","description":"L\u00e0 o\u00f9 l\u2019exp\u00e9rience rejoint les tendances.","publisher":{"@id":"https:\/\/www.maisonrondeau.com\/en#organization"},"potentialAction":[{"@type":"SearchAction","target":{"@type":"EntryPoint","urlTemplate":"https:\/\/www.maisonrondeau.com\/en?s={search_term_string}"},"query-input":{"@type":"PropertyValueSpecification","valueRequired":true,"valueName":"search_term_string"}}],"inLanguage":"en-CA"},{"@type":"Organization","@id":"https:\/\/www.maisonrondeau.com\/en#organization","name":"Maison Rondeau","alternateName":"Maison Rondeau \u00c9quipements de Restaurant","url":"https:\/\/www.maisonrondeau.com\/en","logo":{"@type":"ImageObject","inLanguage":"en-CA","@id":"https:\/\/www.maisonrondeau.com\/en#\/schema\/logo\/image\/","url":"https:\/\/www.maisonrondeau.com\/wp-content\/uploads\/2019\/07\/maisonrondeau-1.png","contentUrl":"https:\/\/www.maisonrondeau.com\/wp-content\/uploads\/2019\/07\/maisonrondeau-1.png","width":100,"height":32,"caption":"Maison Rondeau"},"image":{"@id":"https:\/\/www.maisonrondeau.com\/en#\/schema\/logo\/image\/"},"sameAs":["https:\/\/www.facebook.com\/maisonrondeau","http:\/\/ca.linkedin.com\/company\/maison-rondeau"]}]}},"_links":{"self":[{"href":"https:\/\/www.maisonrondeau.com\/en\/wp-json\/wp\/v2\/product\/11296","targetHints":{"allow":["GET"]}}],"collection":[{"href":"https:\/\/www.maisonrondeau.com\/en\/wp-json\/wp\/v2\/product"}],"about":[{"href":"https:\/\/www.maisonrondeau.com\/en\/wp-json\/wp\/v2\/types\/product"}],"replies":[{"embeddable":true,"href":"https:\/\/www.maisonrondeau.com\/en\/wp-json\/wp\/v2\/comments?post=11296"}],"wp:featuredmedia":[{"embeddable":true,"href":"https:\/\/www.maisonrondeau.com\/en\/wp-json\/wp\/v2\/media\/11316"}],"wp:attachment":[{"href":"https:\/\/www.maisonrondeau.com\/en\/wp-json\/wp\/v2\/media?parent=11296"}],"wp:term":[{"taxonomy":"product_brand","embeddable":true,"href":"https:\/\/www.maisonrondeau.com\/en\/wp-json\/wp\/v2\/product_brand?post=11296"},{"taxonomy":"product_cat","embeddable":true,"href":"https:\/\/www.maisonrondeau.com\/en\/wp-json\/wp\/v2\/product_cat?post=11296"},{"taxonomy":"product_tag","embeddable":true,"href":"https:\/\/www.maisonrondeau.com\/en\/wp-json\/wp\/v2\/product_tag?post=11296"}],"curies":[{"name":"wp","href":"https:\/\/api.w.org\/{rel}","templated":true}]}}