{"id":474,"date":"2019-07-25T14:38:33","date_gmt":"2019-07-25T14:38:33","guid":{"rendered":"https:\/\/www.maisonrondeau.com\/contact-us\/"},"modified":"2020-02-24T17:11:47","modified_gmt":"2020-02-24T17:11:47","slug":"contact-us","status":"publish","type":"page","link":"https:\/\/www.maisonrondeau.com\/en\/contact-us","title":{"rendered":"Contact Us"},"content":{"rendered":"<address class=\"col-md-6 col-sm-6\" itemscope=\"\" itemprop=\"address\" itemtype=\"http:\/\/schema.org\/PostalAddress\">\n<h5><em class=\"icon-map-marker icon-larger\"><\/em>Store location<\/h5>\n<p><span itemprop=\"streetAddress\">82 Rue Saint Paul,<\/span><br \/>\n<span itemprop=\"addressRegion\">Qu\u00e9bec, QC<\/span> <span itemprop=\"postalCode\">G1K 3V9<\/span>,<br \/>\n<span itemprop=\"addressCountry\">Canada<\/span><\/p>\n<\/address>\n<p><iframe src=\"https:\/\/www.google.com\/maps\/embed?pb=!1m18!1m12!1m3!1d1475.013166182703!2d-71.20570745573906!3d46.8164813157493!2m3!1f0!2f0!3f0!3m2!1i1024!2i768!4f13.1!3m3!1m2!1s0x4cb895e74455090b%3A0x687a1bbc214f8e3a!2sMaison+Rondeau!5e0!3m2!1sen!2sca!4v1531150536180\" style=\"width:100%;\" height=\"320\" frameborder=\"0\" allowfullscreen=\"\"><\/iframe><\/p>\n<h3 class=\"mb-lg\">Send us a message<\/h3>\n<script>\nvar gform;gform||(document.addEventListener(\"gform_main_scripts_loaded\",function(){gform.scriptsLoaded=!0}),document.addEventListener(\"gform\/theme\/scripts_loaded\",function(){gform.themeScriptsLoaded=!0}),window.addEventListener(\"DOMContentLoaded\",function(){gform.domLoaded=!0}),gform={domLoaded:!1,scriptsLoaded:!1,themeScriptsLoaded:!1,isFormEditor:()=>\"function\"==typeof InitializeEditor,callIfLoaded:function(o){return!(!gform.domLoaded||!gform.scriptsLoaded||!gform.themeScriptsLoaded&&!gform.isFormEditor()||(gform.isFormEditor()&&console.warn(\"The use of gform.initializeOnLoaded() is deprecated in the form editor context and will be removed in Gravity Forms 3.1.\"),o(),0))},initializeOnLoaded:function(o){gform.callIfLoaded(o)||(document.addEventListener(\"gform_main_scripts_loaded\",()=>{gform.scriptsLoaded=!0,gform.callIfLoaded(o)}),document.addEventListener(\"gform\/theme\/scripts_loaded\",()=>{gform.themeScriptsLoaded=!0,gform.callIfLoaded(o)}),window.addEventListener(\"DOMContentLoaded\",()=>{gform.domLoaded=!0,gform.callIfLoaded(o)}))},hooks:{action:{},filter:{}},addAction:function(o,r,e,t){gform.addHook(\"action\",o,r,e,t)},addFilter:function(o,r,e,t){gform.addHook(\"filter\",o,r,e,t)},doAction:function(o){gform.doHook(\"action\",o,arguments)},applyFilters:function(o){return gform.doHook(\"filter\",o,arguments)},removeAction:function(o,r){gform.removeHook(\"action\",o,r)},removeFilter:function(o,r,e){gform.removeHook(\"filter\",o,r,e)},addHook:function(o,r,e,t,n){null==gform.hooks[o][r]&&(gform.hooks[o][r]=[]);var d=gform.hooks[o][r];null==n&&(n=r+\"_\"+d.length),gform.hooks[o][r].push({tag:n,callable:e,priority:t=null==t?10:t})},doHook:function(r,o,e){var t;if(e=Array.prototype.slice.call(e,1),null!=gform.hooks[r][o]&&((o=gform.hooks[r][o]).sort(function(o,r){return o.priority-r.priority}),o.forEach(function(o){\"function\"!=typeof(t=o.callable)&&(t=window[t]),\"action\"==r?t.apply(null,e):e[0]=t.apply(null,e)})),\"filter\"==r)return e[0]},removeHook:function(o,r,t,n){var e;null!=gform.hooks[o][r]&&(e=(e=gform.hooks[o][r]).filter(function(o,r,e){return!!(null!=n&&n!=o.tag||null!=t&&t!=o.priority)}),gform.hooks[o][r]=e)}});\n<\/script>\n\n                <div class='gf_browser_gecko gform_wrapper gform_legacy_markup_wrapper gform-theme--no-framework' data-form-theme='legacy' data-form-index='0' id='gform_wrapper_2' style='display:none'><form method='post' enctype='multipart\/form-data'  id='gform_2'  action='\/en\/wp-json\/wp\/v2\/pages\/474' data-formid='2' novalidate> \r\n <input type='hidden' class='gforms-pum' value='{\"closepopup\":false,\"closedelay\":0,\"openpopup\":false,\"openpopup_id\":0}' \/>\n                        <div class='gform-body gform_body'><ul id='gform_fields_2' class='gform_fields left_label form_sublabel_below description_below validation_below'><li id=\"field_2_1\" class=\"gfield gfield--type-name gfield--input-type-name gfield_contains_required field_sublabel_below gfield--no-description field_description_below field_validation_below gfield_visibility_visible\"  ><label class='gfield_label gform-field-label gfield_label_before_complex' >Name<span class=\"gfield_required\"><span class=\"gfield_required gfield_required_asterisk\">*<\/span><\/span><\/label><div class='ginput_complex ginput_container ginput_container--name no_prefix has_first_name no_middle_name has_last_name no_suffix gf_name_has_2 ginput_container_name gform-grid-row' id='input_2_1'>\n                            \n                            <span id='input_2_1_3_container' class='name_first gform-grid-col gform-grid-col--size-auto' >\n                                                    <input type='text' name='input_1.3' id='input_2_1_3' value=''   aria-required='true'     \/>\n                                                    <label for='input_2_1_3' class='gform-field-label gform-field-label--type-sub '>First Name<\/label>\n                                                <\/span>\n                            \n                            <span id='input_2_1_6_container' class='name_last gform-grid-col gform-grid-col--size-auto' >\n                                                    <input type='text' name='input_1.6' id='input_2_1_6' value=''   aria-required='true'     \/>\n                                                    <label for='input_2_1_6' class='gform-field-label gform-field-label--type-sub '>Name<\/label>\n                                                <\/span>\n                            \n                        <\/div><\/li><li id=\"field_2_2\" class=\"gfield gfield--type-email gfield--input-type-email gfield_contains_required field_sublabel_below gfield--no-description field_description_below field_validation_below gfield_visibility_visible\"  ><label class='gfield_label gform-field-label' for='input_2_2'>Email Address<span class=\"gfield_required\"><span class=\"gfield_required gfield_required_asterisk\">*<\/span><\/span><\/label><div class='ginput_container ginput_container_email'>\n                            <input name='input_2' id='input_2_2' type='email' value='' class='medium'    aria-required=\"true\" aria-invalid=\"false\"  \/>\n                        <\/div><\/li><li id=\"field_2_3\" class=\"gfield gfield--type-phone gfield--input-type-phone gfield_contains_required field_sublabel_below gfield--no-description field_description_below field_validation_below gfield_visibility_visible\"  ><label class='gfield_label gform-field-label' for='input_2_3'>Telephone<span class=\"gfield_required\"><span class=\"gfield_required gfield_required_asterisk\">*<\/span><\/span><\/label><div class='ginput_container ginput_container_phone'><input name='input_3' id='input_2_3' type='tel' value='' class='medium'   aria-required=\"true\" aria-invalid=\"false\"   \/><\/div><\/li><li id=\"field_2_4\" class=\"gfield gfield--type-textarea gfield--input-type-textarea field_sublabel_below gfield--no-description field_description_below field_validation_below gfield_visibility_visible\"  ><label class='gfield_label gform-field-label' for='input_2_4'>Comment<\/label><div class='ginput_container ginput_container_textarea'><textarea name='input_4' id='input_2_4' class='textarea medium'    placeholder='Please do not include email addresses here.'  aria-invalid=\"false\"   rows='10' cols='50'><\/textarea><\/div><\/li><li id=\"field_2_10\" class=\"gfield gfield--type-hidden gform_hidden field_sublabel_below gfield--no-description field_description_below field_validation_below gfield_visibility_hidden\"  ><div class='ginput_container ginput_container_text'><input name='input_10' id='input_2_10' type='hidden' class='gform_hidden'  aria-invalid=\"false\" value='' \/><\/div><\/li><li id=\"field_2_11\" class=\"gfield gfield--type-hidden gform_hidden field_sublabel_below gfield--no-description field_description_below field_validation_below gfield_visibility_hidden\"  ><div class='ginput_container ginput_container_text'><input name='input_11' id='input_2_11' type='hidden' class='gform_hidden'  aria-invalid=\"false\" value='' \/><\/div><\/li><li id=\"field_2_12\" class=\"gfield gfield--type-hidden gform_hidden field_sublabel_below gfield--no-description field_description_below field_validation_below gfield_visibility_hidden\"  ><div class='ginput_container ginput_container_text'><input name='input_12' id='input_2_12' type='hidden' class='gform_hidden'  aria-invalid=\"false\" value='' \/><\/div><\/li><li id=\"field_2_13\" class=\"gfield gfield--type-hidden gform_hidden field_sublabel_below gfield--no-description field_description_below field_validation_below gfield_visibility_hidden\"  ><div class='ginput_container ginput_container_text'><input name='input_13' id='input_2_13' type='hidden' class='gform_hidden'  aria-invalid=\"false\" value='' \/><\/div><\/li><li id=\"field_2_14\" class=\"gfield gfield--type-hidden gform_hidden field_sublabel_below gfield--no-description field_description_below field_validation_below gfield_visibility_hidden\"  ><div class='ginput_container ginput_container_text'><input name='input_14' id='input_2_14' type='hidden' class='gform_hidden'  aria-invalid=\"false\" value='' \/><\/div><\/li><li id=\"field_2_15\" class=\"gfield gfield--type-hidden gform_hidden field_sublabel_below gfield--no-description field_description_below field_validation_below gfield_visibility_hidden\"  ><div class='ginput_container ginput_container_text'><input name='input_15' id='input_2_15' type='hidden' class='gform_hidden'  aria-invalid=\"false\" value='' \/><\/div><\/li><li id=\"field_2_16\" class=\"gfield gfield--type-consent gfield--type-choice gfield--width-full consentement-loi25 field_sublabel_below gfield--has-description field_description_below field_validation_below gfield_visibility_visible\"  ><label class='gfield_label gform-field-label gfield_label_before_complex' >Consentement marketing (Loi 25)<\/label><div class='ginput_container ginput_container_consent'><input name='input_16.1' id='input_2_16_1' type='checkbox' value='1'  aria-describedby=\"gfield_consent_description_2_16\"  aria-invalid=\"false\"   \/> <label class=\"gform-field-label gform-field-label--type-inline gfield_consent_label\" for='input_2_16_1' >J'accepte de recevoir des communications marketing de Maison Rondeau par courriel. Je peux me d\u00e9sabonner en tout temps, conform\u00e9ment \u00e0 la Loi 25.<\/label><input type='hidden' name='input_16.2' value='J&#039;accepte de recevoir des communications marketing de Maison Rondeau par courriel. Je peux me d\u00e9sabonner en tout temps, conform\u00e9ment \u00e0 la Loi 25.' class='gform_hidden' \/><input type='hidden' name='input_16.3' value='4' class='gform_hidden' \/><\/div><div class='gfield_description gfield_consent_description' id='gfield_consent_description_2_16' tabindex='0'>Conform\u00e9ment \u00e0 la Loi 25 (Qu\u00e9bec) et \u00e0 la LCAP.<\/div><\/li><li id=\"field_2_17\" class=\"gfield gfield--type-hidden gform_hidden field_sublabel_below gfield--no-description field_description_below field_validation_below gfield_visibility_visible\"  ><div class='ginput_container ginput_container_text'><input name='input_17' id='input_2_17' type='hidden' class='gform_hidden'  aria-invalid=\"false\" value='website' \/><\/div><\/li><li id=\"field_2_18\" class=\"gfield gfield--type-hidden gform_hidden field_sublabel_below gfield--no-description field_description_below field_validation_below gfield_visibility_visible\"  ><div class='ginput_container ginput_container_text'><input name='input_18' id='input_2_18' type='hidden' class='gform_hidden'  aria-invalid=\"false\" value='contact' \/><\/div><\/li><li id=\"field_2_19\" class=\"gfield gfield--type-hidden gform_hidden field_sublabel_below gfield--no-description field_description_below field_validation_below gfield_visibility_visible\"  ><div class='ginput_container ginput_container_text'><input name='input_19' id='input_2_19' type='hidden' class='gform_hidden'  aria-invalid=\"false\" value='https:\/\/www.maisonrondeau.com\/en\/wp-json\/wp\/v2\/pages\/474' \/><\/div><\/li><li id=\"field_2_20\" class=\"gfield gfield--type-hidden gform_hidden field_sublabel_below gfield--no-description field_description_below field_validation_below gfield_visibility_visible\"  ><div class='ginput_container ginput_container_text'><input name='input_20' id='input_2_20' type='hidden' class='gform_hidden'  aria-invalid=\"false\" value='' \/><\/div><\/li><\/ul><\/div>\n        <div class='gform-footer gform_footer left_label'> <input type='submit' id='gform_submit_button_2' class='gform_button button' onclick='gform.submission.handleButtonClick(this);' data-submission-type='submit' value='Submit'  \/> \n            <input type='hidden' class='gform_hidden' name='gform_submission_method' data-js='gform_submission_method_2' value='postback' \/>\n            <input type='hidden' class='gform_hidden' name='gform_theme' data-js='gform_theme_2' id='gform_theme_2' value='legacy' \/>\n            <input type='hidden' class='gform_hidden' name='gform_style_settings' data-js='gform_style_settings_2' id='gform_style_settings_2' value='[]' \/>\n            <input type='hidden' class='gform_hidden' name='is_submit_2' value='1' \/>\n            <input type='hidden' class='gform_hidden' name='gform_submit' value='2' \/>\n            \n            <input type='hidden' class='gform_hidden' name='gform_currency' data-currency='CAD' value='ZSYSMsJW7lQv\/B7s9pPN+uDhI0hXi5PTEuVpLsV3EsAw2JtCKK7ZYPE8PppYInQE9AXYADsTRtvXzmACU6wuQIGRIDN9GQMElp1pusnNNnf1c6k=' \/>\n            <input type='hidden' class='gform_hidden' name='gform_unique_id' value='' \/>\n            <input type='hidden' class='gform_hidden' name='state_2' value='WyJ7XCIxNi4xXCI6XCIxY2RkNjA0NDZiOTA1NGZiYTJmYjlkOWVhMzU1Y2IxN1wiLFwiMTYuMlwiOlwiNTVlM2E3OWIzZjRkNjAwOTdhNGQxYTA5ZjQ4YzNkMjlcIixcIjE2LjNcIjpcIjI3MDU5NzgyYTdkYTBkYmU4ZDJkNGFhODM4ZDZjY2U4XCJ9IiwiZTk0YWE2NDEzYjlmMDk3MjBmMzNjZWRmOWVmYjRmNGEiXQ==' \/>\n            <input type='hidden' autocomplete='off' class='gform_hidden' name='gform_target_page_number_2' id='gform_target_page_number_2' value='0' \/>\n            <input type='hidden' autocomplete='off' class='gform_hidden' name='gform_source_page_number_2' id='gform_source_page_number_2' value='1' \/>\n            <input type='hidden' name='gform_field_values' value='' \/>\n            \n        <\/div>\n                        <\/form>\n                        <\/div><script>\ngform.initializeOnLoaded( function() {gformInitSpinner( 2, 'https:\/\/www.maisonrondeau.com\/wp-content\/plugins\/gravityforms\/images\/spinner.svg', true );jQuery('#gform_ajax_frame_2').on('load',function(){var contents = jQuery(this).contents().find('*').html();var is_postback = contents.indexOf('GF_AJAX_POSTBACK') >= 0;if(!is_postback){return;}var form_content = jQuery(this).contents().find('#gform_wrapper_2');var is_confirmation = jQuery(this).contents().find('#gform_confirmation_wrapper_2').length > 0;var is_redirect = contents.indexOf('gformRedirect(){') >= 0;var is_form = form_content.length > 0 && ! is_redirect && ! is_confirmation;var mt = parseInt(jQuery('html').css('margin-top'), 10) + parseInt(jQuery('body').css('margin-top'), 10) + 100;if(is_form){form_content.find('form').css('opacity', 0);jQuery('#gform_wrapper_2').html(form_content.html());if(form_content.hasClass('gform_validation_error')){jQuery('#gform_wrapper_2').addClass('gform_validation_error');} else {jQuery('#gform_wrapper_2').removeClass('gform_validation_error');}setTimeout( function() { \/* delay the scroll by 50 milliseconds to fix a bug in chrome *\/  }, 50 );if(window['gformInitDatepicker']) {gformInitDatepicker();}if(window['gformInitPriceFields']) {gformInitPriceFields();}var current_page = jQuery('#gform_source_page_number_2').val();gformInitSpinner( 2, 'https:\/\/www.maisonrondeau.com\/wp-content\/plugins\/gravityforms\/images\/spinner.svg', true );jQuery(document).trigger('gform_page_loaded', [2, current_page]);window['gf_submitting_2'] = false;}else if(!is_redirect){var confirmation_content = jQuery(this).contents().find('.GF_AJAX_POSTBACK').html();if(!confirmation_content){confirmation_content = contents;}jQuery('#gform_wrapper_2').replaceWith(confirmation_content);jQuery(document).trigger('gform_confirmation_loaded', [2]);window['gf_submitting_2'] = false;wp.a11y.speak(jQuery('#gform_confirmation_message_2').text());}else{jQuery('#gform_2').append(contents);if(window['gformRedirect']) {gformRedirect();}}jQuery(document).trigger(\"gform_pre_post_render\", [{ formId: \"2\", currentPage: \"current_page\", abort: function() { this.preventDefault(); } }]);        if (event && event.defaultPrevented) {                return;        }        const gformWrapperDiv = document.getElementById( \"gform_wrapper_2\" );        if ( gformWrapperDiv ) {            const visibilitySpan = document.createElement( \"span\" );            visibilitySpan.id = \"gform_visibility_test_2\";            gformWrapperDiv.insertAdjacentElement( \"afterend\", visibilitySpan );        }        const visibilityTestDiv = document.getElementById( \"gform_visibility_test_2\" );        let postRenderFired = false;        function triggerPostRender() {            if ( postRenderFired ) {                return;            }            postRenderFired = true;            gform.core.triggerPostRenderEvents( 2, current_page );            if ( visibilityTestDiv ) {                visibilityTestDiv.parentNode.removeChild( visibilityTestDiv );            }        }        function debounce( func, wait, immediate ) {            var timeout;            return function() {                var context = this, args = arguments;                var later = function() {                    timeout = null;                    if ( !immediate ) func.apply( context, args );                };                var callNow = immediate && !timeout;                clearTimeout( timeout );                timeout = setTimeout( later, wait );                if ( callNow ) func.apply( context, args );            };        }        const debouncedTriggerPostRender = debounce( function() {            triggerPostRender();        }, 200 );        if ( visibilityTestDiv && visibilityTestDiv.offsetParent === null ) {            const observer = new MutationObserver( ( mutations ) => {                mutations.forEach( ( mutation ) => {                    if ( mutation.type === 'attributes' && visibilityTestDiv.offsetParent !== null ) {                        debouncedTriggerPostRender();                        observer.disconnect();                    }                });            });            observer.observe( document.body, {                attributes: true,                childList: false,                subtree: true,                attributeFilter: [ 'style', 'class' ],            });        } else {            triggerPostRender();        }    } );} );\n<\/script>\n\n","protected":false},"excerpt":{"rendered":"<p>Store location 82 Rue Saint Paul, Qu\u00e9bec, QC G1K 3V9, Canada Send us a message<\/p>\n","protected":false},"author":2,"featured_media":0,"parent":0,"menu_order":60,"comment_status":"closed","ping_status":"closed","template":"","meta":{"_acf_changed":false,"inline_featured_image":false,"footnotes":""},"class_list":["post-474","page","type-page","status-publish","hentry"],"acf":[],"yoast_head":"<!-- This site is optimized with the Yoast SEO plugin v27.3 - https:\/\/yoast.com\/product\/yoast-seo-wordpress\/ -->\n<title>Contact Us - Restaurant Equipement Maison Rondeau<\/title>\n<meta name=\"description\" content=\"Maison Rondeau is open Monday to Friday from 8 AM to 5 PM. We will be happy to serve you.\" \/>\n<meta name=\"robots\" content=\"index, follow, max-snippet:-1, max-image-preview:large, max-video-preview:-1\" \/>\n<link rel=\"canonical\" href=\"https:\/\/www.maisonrondeau.com\/en\/contact-us\" \/>\n<meta property=\"og:locale\" content=\"en_US\" \/>\n<meta property=\"og:type\" content=\"article\" \/>\n<meta property=\"og:title\" content=\"Contact Us - Restaurant Equipement Maison Rondeau\" \/>\n<meta property=\"og:description\" content=\"Maison Rondeau is open Monday to Friday from 8 AM to 5 PM. We will be happy to serve you.\" \/>\n<meta property=\"og:url\" content=\"https:\/\/www.maisonrondeau.com\/en\/contact-us\" \/>\n<meta property=\"og:site_name\" content=\"Maison Rondeau\" \/>\n<meta property=\"article:publisher\" content=\"https:\/\/www.facebook.com\/maisonrondeau\" \/>\n<meta property=\"article:modified_time\" content=\"2020-02-24T17:11:47+00:00\" \/>\n<meta name=\"twitter:card\" content=\"summary_large_image\" \/>\n<!-- \/ Yoast SEO plugin. -->","yoast_head_json":{"title":"Contact Us - Restaurant Equipement Maison Rondeau","description":"Maison Rondeau is open Monday to Friday from 8 AM to 5 PM. We will be happy to serve you.","robots":{"index":"index","follow":"follow","max-snippet":"max-snippet:-1","max-image-preview":"max-image-preview:large","max-video-preview":"max-video-preview:-1"},"canonical":"https:\/\/www.maisonrondeau.com\/en\/contact-us","og_locale":"en_US","og_type":"article","og_title":"Contact Us - Restaurant Equipement Maison Rondeau","og_description":"Maison Rondeau is open Monday to Friday from 8 AM to 5 PM. We will be happy to serve you.","og_url":"https:\/\/www.maisonrondeau.com\/en\/contact-us","og_site_name":"Maison Rondeau","article_publisher":"https:\/\/www.facebook.com\/maisonrondeau","article_modified_time":"2020-02-24T17:11:47+00:00","twitter_card":"summary_large_image","schema":{"@context":"https:\/\/schema.org","@graph":[{"@type":"WebPage","@id":"https:\/\/www.maisonrondeau.com\/en\/contact-us","url":"https:\/\/www.maisonrondeau.com\/en\/contact-us","name":"Contact Us - Restaurant Equipement Maison Rondeau","isPartOf":{"@id":"https:\/\/www.maisonrondeau.com\/en#website"},"datePublished":"2019-07-25T14:38:33+00:00","dateModified":"2020-02-24T17:11:47+00:00","description":"Maison Rondeau is open Monday to Friday from 8 AM to 5 PM. We will be happy to serve you.","breadcrumb":{"@id":"https:\/\/www.maisonrondeau.com\/en\/contact-us#breadcrumb"},"inLanguage":"en-CA","potentialAction":[{"@type":"ReadAction","target":["https:\/\/www.maisonrondeau.com\/en\/contact-us"]}]},{"@type":"BreadcrumbList","@id":"https:\/\/www.maisonrondeau.com\/en\/contact-us#breadcrumb","itemListElement":[{"@type":"ListItem","position":1,"name":"Home","item":"https:\/\/www.maisonrondeau.com\/en"},{"@type":"ListItem","position":2,"name":"Contact Us"}]},{"@type":"WebSite","@id":"https:\/\/www.maisonrondeau.com\/en#website","url":"https:\/\/www.maisonrondeau.com\/en","name":"Maison Rondeau","description":"L\u00e0 o\u00f9 l\u2019exp\u00e9rience rejoint les tendances.","publisher":{"@id":"https:\/\/www.maisonrondeau.com\/en#organization"},"potentialAction":[{"@type":"SearchAction","target":{"@type":"EntryPoint","urlTemplate":"https:\/\/www.maisonrondeau.com\/en?s={search_term_string}"},"query-input":{"@type":"PropertyValueSpecification","valueRequired":true,"valueName":"search_term_string"}}],"inLanguage":"en-CA"},{"@type":"Organization","@id":"https:\/\/www.maisonrondeau.com\/en#organization","name":"Maison Rondeau","alternateName":"Maison Rondeau \u00c9quipements de Restaurant","url":"https:\/\/www.maisonrondeau.com\/en","logo":{"@type":"ImageObject","inLanguage":"en-CA","@id":"https:\/\/www.maisonrondeau.com\/en#\/schema\/logo\/image\/","url":"https:\/\/www.maisonrondeau.com\/wp-content\/uploads\/2019\/07\/maisonrondeau-1.png","contentUrl":"https:\/\/www.maisonrondeau.com\/wp-content\/uploads\/2019\/07\/maisonrondeau-1.png","width":100,"height":32,"caption":"Maison Rondeau"},"image":{"@id":"https:\/\/www.maisonrondeau.com\/en#\/schema\/logo\/image\/"},"sameAs":["https:\/\/www.facebook.com\/maisonrondeau","http:\/\/ca.linkedin.com\/company\/maison-rondeau"]}]}},"_links":{"self":[{"href":"https:\/\/www.maisonrondeau.com\/en\/wp-json\/wp\/v2\/pages\/474","targetHints":{"allow":["GET"]}}],"collection":[{"href":"https:\/\/www.maisonrondeau.com\/en\/wp-json\/wp\/v2\/pages"}],"about":[{"href":"https:\/\/www.maisonrondeau.com\/en\/wp-json\/wp\/v2\/types\/page"}],"author":[{"embeddable":true,"href":"https:\/\/www.maisonrondeau.com\/en\/wp-json\/wp\/v2\/users\/2"}],"replies":[{"embeddable":true,"href":"https:\/\/www.maisonrondeau.com\/en\/wp-json\/wp\/v2\/comments?post=474"}],"version-history":[{"count":0,"href":"https:\/\/www.maisonrondeau.com\/en\/wp-json\/wp\/v2\/pages\/474\/revisions"}],"wp:attachment":[{"href":"https:\/\/www.maisonrondeau.com\/en\/wp-json\/wp\/v2\/media?parent=474"}],"curies":[{"name":"wp","href":"https:\/\/api.w.org\/{rel}","templated":true}]}}