{"id":16363,"date":"2024-11-11T17:22:12","date_gmt":"2024-11-11T17:22:12","guid":{"rendered":"https:\/\/www.maisonrondeau.com\/?page_id=16363"},"modified":"2024-11-11T19:02:33","modified_gmt":"2024-11-11T19:02:33","slug":"catalog-of-equipment-and-supplies-for-catering-and-hospitality","status":"publish","type":"page","link":"https:\/\/www.maisonrondeau.com\/en\/catalog-of-equipment-and-supplies-for-catering-and-hospitality","title":{"rendered":"Catalog of equipment and supplies for catering and hospitality"},"content":{"rendered":"\r\n<h1>\r\n\t\tCATALOG &#8211; SUPPLIES &#038; EQUIPMENT\r\n\t<\/h1>\r\n\t<p>Discover our selection of specialized, quality products dedicated to the supply and equipment needs of the restaurant and hotel industries. Browse our comprehensive catalog to discover our range of professional kitchen equipment, as well as our room service solutions. You&#8217;ll find a variety of products, from refrigeration to cooking, preparation, furnishing and cleaning. Not forgetting our assortment of crockery, glassware, cutlery and much more. With our commitment to quality and proven reliability, we are dedicated to providing all our customers with efficient and superior service.<\/p>\r\n\t\t\t\t<a href=\"https:\/\/www.maisonrondeau.com\/en\/catalog\/cooking\" target=\"_self\" itemprop=\"url\" rel=\"noopener\">\r\n\t\t\t\t<img loading=\"lazy\" decoding=\"async\" src=\"https:\/\/www.maisonrondeau.com\/wp-content\/uploads\/2019\/08\/Equipements-et-fournitures-restaurant-hotellerie-Garland-U36-6R-Cuisiniere-150x150.jpg\" alt=\"\u00c9quipements et fournitures restaurant et h\u00f4tellerie - Garland U36-6R Cuisini\u00e8re\" itemprop=\"image\" height=\"150\" width=\"150\" title=\"Equipements-et-fournitures-restaurant-hotellerie-Garland-U36-6R-Cuisiniere\" onerror=\"this.style.display='none'\"  \/>\r\n\t\t\t\t<\/a>\r\n<h3><a href=\"https:\/\/www.maisonrondeau.com\/en\/catalog\/cooking\" target=\"_self\" rel=\"noopener\">Cooking<\/a><\/h3><p>Equip your professional kitchen with quality commercial cooking equipment.<\/p>\r\n\t\t\t\t<a href=\"https:\/\/www.maisonrondeau.com\/en\/catalog\/refrigeration\" target=\"_self\" itemprop=\"url\" rel=\"noopener\">\r\n\t\t\t\t<img loading=\"lazy\" decoding=\"async\" src=\"https:\/\/www.maisonrondeau.com\/wp-content\/uploads\/2024\/11\/Equipements-et-fournitures-restaurant-hotellerie-True-T-49-refrigerateur-150x150.jpg\" alt=\"Equipements-et-fournitures-restaurant h\u00f4tellerie - True T-49 r\u00e9frig\u00e9rateur\" itemprop=\"image\" height=\"150\" width=\"150\" title=\"Equipements-et-fournitures-restaurant-hotellerie-True-T-49-refrigerateur\" onerror=\"this.style.display='none'\"  \/>\r\n\t\t\t\t<\/a>\r\n<h3><a href=\"https:\/\/www.maisonrondeau.com\/en\/catalog\/refrigeration\" target=\"_self\" rel=\"noopener\">Refrigeration<\/a><\/h3><p>Find the professional commercial refrigeration equipment that&#8217;s right for you.<\/p>\r\n\t\t\t\t<a href=\"https:\/\/www.maisonrondeau.com\/en\/catalog\/washing\" target=\"_self\" itemprop=\"url\" rel=\"noopener\">\r\n\t\t\t\t<img loading=\"lazy\" decoding=\"async\" src=\"https:\/\/www.maisonrondeau.com\/wp-content\/uploads\/2024\/11\/Equipements-et-fournitures-restaurant-hotellerie-Hobart-dishwasher-LXeR-150x150.jpg\" alt=\"\u00c9quipements et fournitures pour restaurant et h\u00f4tellerie\" itemprop=\"image\" height=\"150\" width=\"150\" title=\"Equipements-et-fournitures-restaurant-hotellerie-Hobart-dishwasher-LXeR\" onerror=\"this.style.display='none'\"  \/>\r\n\t\t\t\t<\/a>\r\n<h3><a href=\"https:\/\/www.maisonrondeau.com\/en\/catalog\/washing\" target=\"_self\" rel=\"noopener\">Washing<\/a><\/h3><p>Set up your washing area with a suitable commercial dishwasher.<\/p>\r\n\t\t\t\t<a href=\"https:\/\/www.maisonrondeau.com\/en\/catalog\/prepping\" target=\"_self\" itemprop=\"url\" rel=\"noopener\">\r\n\t\t\t\t<img loading=\"lazy\" decoding=\"async\" src=\"https:\/\/www.maisonrondeau.com\/wp-content\/uploads\/2024\/11\/Equipements-et-fournitures-restaurant-hotellerie-Hobart-HL1400-150x150.jpg\" alt=\"\u00c9quipements et fournitures pour restaurant et h\u00f4tellerie\" itemprop=\"image\" height=\"150\" width=\"150\" title=\"Equipements-et-fournitures-restaurant-hotellerie-Hobart-HL1400\" onerror=\"this.style.display='none'\"  \/>\r\n\t\t\t\t<\/a>\r\n<h3><a href=\"https:\/\/www.maisonrondeau.com\/en\/catalog\/prepping\" target=\"_self\" rel=\"noopener\">Prepping<\/a><\/h3><p>Select your catering equipment for food preparation.<\/p>\r\n\t\t\t\t<a href=\"https:\/\/www.maisonrondeau.com\/en\/catalog\/coffee-tea-bar\" target=\"_self\" itemprop=\"url\" rel=\"noopener\">\r\n\t\t\t\t<img loading=\"lazy\" decoding=\"async\" src=\"https:\/\/www.maisonrondeau.com\/wp-content\/uploads\/2024\/11\/Equipements-et-fournitures-restaurant-hotellerie-Bunn-13300.6028-150x150.jpg\" alt=\"\u00c9quipements et fournitures pour restaurant et h\u00f4tellerie -\" itemprop=\"image\" height=\"150\" width=\"150\" title=\"Equipements-et-fournitures-restaurant-hotellerie-Bunn-13300.6028\" onerror=\"this.style.display='none'\"  \/>\r\n\t\t\t\t<\/a>\r\n<h3><a href=\"https:\/\/www.maisonrondeau.com\/en\/catalog\/coffee-tea-bar\" target=\"_self\" rel=\"noopener\">Coffee \/ Tea \/ Bar<\/a><\/h3><p>Offer drinks to your customers with the right commercial equipment.<\/p>\r\n\t\t\t\t<a href=\"https:\/\/www.maisonrondeau.com\/en\/catalog\/dishes\" target=\"_self\" itemprop=\"url\" rel=\"noopener\">\r\n\t\t\t\t<img loading=\"lazy\" decoding=\"async\" src=\"https:\/\/www.maisonrondeau.com\/wp-content\/uploads\/2024\/11\/Equipements-et-fournitures-restaurant-hotellerie-vaisselle-150x150.jpg\" alt=\"\u00c9quipements et fournitures pour restaurant et h\u00f4tellerie - Vaisselle\" itemprop=\"image\" height=\"150\" width=\"150\" title=\"Equipements-et-fournitures-restaurant-hotellerie-vaisselle\" onerror=\"this.style.display='none'\"  \/>\r\n\t\t\t\t<\/a>\r\n<h3><a href=\"https:\/\/www.maisonrondeau.com\/en\/catalog\/dishes\" target=\"_self\" rel=\"noopener\">Dishes<\/a><\/h3><p>Style your restaurant service with elegant, refined tableware.<\/p>\r\n\t\t\t\t<a href=\"https:\/\/www.maisonrondeau.com\/en\/catalog\/cutlery\" target=\"_self\" itemprop=\"url\" rel=\"noopener\">\r\n\t\t\t\t<img loading=\"lazy\" decoding=\"async\" src=\"https:\/\/www.maisonrondeau.com\/wp-content\/uploads\/2024\/11\/Equipements-et-fournitures-restaurant-hotellerie-coutellerie-150x150.jpg\" alt=\"\u00c9quipements et fournitures pour restaurant et h\u00f4tellerie - Coutellerie\" itemprop=\"image\" height=\"150\" width=\"150\" title=\"Equipements-et-fournitures-restaurant-hotellerie-coutellerie\" onerror=\"this.style.display='none'\"  \/>\r\n\t\t\t\t<\/a>\r\n<h3><a href=\"https:\/\/www.maisonrondeau.com\/en\/catalog\/cutlery\" target=\"_self\" rel=\"noopener\">Cutlery<\/a><\/h3><p>Enhance your dining room tables with appropriate cutlery and utensils.<\/p>\r\n\t\t\t\t<a href=\"https:\/\/www.maisonrondeau.com\/en\/catalog\/glassware\" target=\"_self\" itemprop=\"url\" rel=\"noopener\">\r\n\t\t\t\t<img loading=\"lazy\" decoding=\"async\" src=\"https:\/\/www.maisonrondeau.com\/wp-content\/uploads\/2024\/11\/Equipements-et-fournitures-restaurant-hotellerie-verrerie-150x150.jpg\" alt=\"\u00c9quipements et fournitures pour restaurant et h\u00f4tellerie - Verrerie\" itemprop=\"image\" height=\"150\" width=\"150\" title=\"Equipements-et-fournitures-restaurant-hotellerie-verrerie\" onerror=\"this.style.display='none'\"  \/>\r\n\t\t\t\t<\/a>\r\n<h3><a href=\"https:\/\/www.maisonrondeau.com\/en\/catalog\/glassware\" target=\"_self\" rel=\"noopener\">Glassware<\/a><\/h3><p>Vary your drink service with our wide variety of beverage items.<\/p>\r\n\t\t\t\t<a href=\"https:\/\/www.maisonrondeau.com\/en\/catalog\/furnishing\" target=\"_self\" itemprop=\"url\" rel=\"noopener\">\r\n\t\t\t\t<img loading=\"lazy\" decoding=\"async\" src=\"https:\/\/www.maisonrondeau.com\/wp-content\/uploads\/2024\/11\/Equipements-et-fournitures-restaurant-hotellerie-ameublement-restauration-150x150.jpg\" alt=\"\u00c9quipements et fournitures pour restaurant et h\u00f4tellerie - Ameublement restauration\" itemprop=\"image\" height=\"150\" width=\"150\" title=\"Equipements-et-fournitures-restaurant-hotellerie-ameublement-restauration\" onerror=\"this.style.display='none'\"  \/>\r\n\t\t\t\t<\/a>\r\n<h3><a href=\"https:\/\/www.maisonrondeau.com\/en\/catalog\/furnishing\" target=\"_self\" rel=\"noopener\">Furnishing<\/a><\/h3><p>Furnish your interiors and exteriors with quality commercial furniture.<\/p>\r\n\t\t\t\t<a href=\"https:\/\/www.maisonrondeau.com\/en\/catalog\/gift-ideas\" target=\"_self\" itemprop=\"url\" rel=\"noopener\">\r\n\t\t\t\t<img loading=\"lazy\" decoding=\"async\" src=\"https:\/\/www.maisonrondeau.com\/wp-content\/uploads\/2024\/11\/Equipements-et-fournitures-restaurant-hotellerie-idees-cadeaux-150x150.jpg\" alt=\"\u00c9quipements et fournitures pour restaurant et h\u00f4tellerie - Id\u00e9es cadeaux\" itemprop=\"image\" height=\"150\" width=\"150\" title=\"Equipements-et-fournitures-restaurant-hotellerie-idees-cadeaux\" onerror=\"this.style.display='none'\"  \/>\r\n\t\t\t\t<\/a>\r\n<h3><a href=\"https:\/\/www.maisonrondeau.com\/en\/catalog\/gift-ideas\" target=\"_self\" rel=\"noopener\">Gift Ideas<\/a><\/h3><p>Offer the ideal gift to your loved ones with a passion for gastronomy in all our articles.<\/p>\r\n\t\t\t\t<a href=\"https:\/\/www.maisonrondeau.com\/en\/inventory\/liquidation\" target=\"_self\" itemprop=\"url\" rel=\"noopener\">\r\n\t\t\t\t<img loading=\"lazy\" decoding=\"async\" src=\"https:\/\/www.maisonrondeau.com\/wp-content\/uploads\/2024\/11\/Equipements-et-fournitures-restaurant-hotellerie-liquidation-150x150.jpg\" alt=\"\u00c9quipements et fournitures pour restaurant et h\u00f4tellerie - Liquidation\" itemprop=\"image\" height=\"150\" width=\"150\" title=\"Equipements-et-fournitures-restaurant-hotellerie-liquidation\" onerror=\"this.style.display='none'\"  \/>\r\n\t\t\t\t<\/a>\r\n<h3><a href=\"https:\/\/www.maisonrondeau.com\/en\/inventory\/liquidation\" target=\"_self\" rel=\"noopener\">Liquidation<\/a><\/h3><p>Take advantage of the latest catering supplies at great prices.<\/p>\r\n\r\n","protected":false},"excerpt":{"rendered":"<p>CATALOG &#8211; SUPPLIES &#038; EQUIPMENT Discover our selection of specialized, quality products dedicated to the supply and equipment needs of the restaurant and hotel industries. Browse our comprehensive catalog to discover our range of professional kitchen equipment, as well as our room service solutions. You&#8217;ll find a variety of products, from refrigeration to cooking, preparation,&hellip;<\/p>\n","protected":false},"author":827,"featured_media":0,"parent":0,"menu_order":0,"comment_status":"closed","ping_status":"closed","template":"","meta":{"_acf_changed":false,"inline_featured_image":false,"footnotes":""},"class_list":["post-16363","page","type-page","status-publish","hentry"],"acf":[],"yoast_head":"<!-- This site is optimized with the Yoast SEO plugin v27.5 - https:\/\/yoast.com\/product\/yoast-seo-wordpress\/ -->\n<title>Catalog of equipment and supplies for catering and hospitality<\/title>\n<meta name=\"description\" content=\"Catalog of specialized, high-quality products dedicated to the supply and equipment needs of the restaurant and hotel industries.\" \/>\n<meta name=\"robots\" content=\"index, follow, max-snippet:-1, max-image-preview:large, max-video-preview:-1\" \/>\n<link rel=\"canonical\" href=\"https:\/\/www.maisonrondeau.com\/en\/catalog-of-equipment-and-supplies-for-catering-and-hospitality\" \/>\n<meta property=\"og:locale\" content=\"en_US\" \/>\n<meta property=\"og:type\" content=\"article\" \/>\n<meta property=\"og:title\" content=\"Catalog of equipment and supplies for catering and hospitality\" \/>\n<meta property=\"og:description\" content=\"Catalog of specialized, high-quality products dedicated to the supply and equipment needs of the restaurant and hotel industries.\" \/>\n<meta property=\"og:url\" content=\"https:\/\/www.maisonrondeau.com\/en\/catalog-of-equipment-and-supplies-for-catering-and-hospitality\" \/>\n<meta property=\"og:site_name\" content=\"Maison Rondeau\" \/>\n<meta property=\"article:publisher\" content=\"https:\/\/www.facebook.com\/maisonrondeau\" \/>\n<meta property=\"article:modified_time\" content=\"2024-11-11T19:02:33+00:00\" \/>\n<meta property=\"og:image\" content=\"https:\/\/www.maisonrondeau.com\/wp-content\/uploads\/2019\/08\/Equipements-et-fournitures-restaurant-hotellerie-Garland-U36-6R-Cuisiniere-150x150.jpg\" \/>\n<meta name=\"twitter:card\" content=\"summary_large_image\" \/>\n<meta name=\"twitter:label1\" content=\"Est. reading time\" \/>\n\t<meta name=\"twitter:data1\" content=\"4 minutes\" \/>\n<!-- \/ Yoast SEO plugin. -->","yoast_head_json":{"title":"Catalog of equipment and supplies for catering and hospitality","description":"Catalog of specialized, high-quality products dedicated to the supply and equipment needs of the restaurant and hotel industries.","robots":{"index":"index","follow":"follow","max-snippet":"max-snippet:-1","max-image-preview":"max-image-preview:large","max-video-preview":"max-video-preview:-1"},"canonical":"https:\/\/www.maisonrondeau.com\/en\/catalog-of-equipment-and-supplies-for-catering-and-hospitality","og_locale":"en_US","og_type":"article","og_title":"Catalog of equipment and supplies for catering and hospitality","og_description":"Catalog of specialized, high-quality products dedicated to the supply and equipment needs of the restaurant and hotel industries.","og_url":"https:\/\/www.maisonrondeau.com\/en\/catalog-of-equipment-and-supplies-for-catering-and-hospitality","og_site_name":"Maison Rondeau","article_publisher":"https:\/\/www.facebook.com\/maisonrondeau","article_modified_time":"2024-11-11T19:02:33+00:00","og_image":[{"url":"https:\/\/www.maisonrondeau.com\/wp-content\/uploads\/2019\/08\/Equipements-et-fournitures-restaurant-hotellerie-Garland-U36-6R-Cuisiniere-150x150.jpg","type":"","width":"","height":""}],"twitter_card":"summary_large_image","twitter_misc":{"Est. reading time":"4 minutes"},"schema":{"@context":"https:\/\/schema.org","@graph":[{"@type":"WebPage","@id":"https:\/\/www.maisonrondeau.com\/en\/catalog-of-equipment-and-supplies-for-catering-and-hospitality","url":"https:\/\/www.maisonrondeau.com\/en\/catalog-of-equipment-and-supplies-for-catering-and-hospitality","name":"Catalog of equipment and supplies for catering and hospitality","isPartOf":{"@id":"https:\/\/www.maisonrondeau.com\/en#website"},"primaryImageOfPage":{"@id":"https:\/\/www.maisonrondeau.com\/en\/catalog-of-equipment-and-supplies-for-catering-and-hospitality#primaryimage"},"image":{"@id":"https:\/\/www.maisonrondeau.com\/en\/catalog-of-equipment-and-supplies-for-catering-and-hospitality#primaryimage"},"thumbnailUrl":"https:\/\/www.maisonrondeau.com\/wp-content\/uploads\/2019\/08\/Equipements-et-fournitures-restaurant-hotellerie-Garland-U36-6R-Cuisiniere-150x150.jpg","datePublished":"2024-11-11T17:22:12+00:00","dateModified":"2024-11-11T19:02:33+00:00","description":"Catalog of specialized, high-quality products dedicated to the supply and equipment needs of the restaurant and hotel industries.","breadcrumb":{"@id":"https:\/\/www.maisonrondeau.com\/en\/catalog-of-equipment-and-supplies-for-catering-and-hospitality#breadcrumb"},"inLanguage":"en-CA","potentialAction":[{"@type":"ReadAction","target":["https:\/\/www.maisonrondeau.com\/en\/catalog-of-equipment-and-supplies-for-catering-and-hospitality"]}]},{"@type":"ImageObject","inLanguage":"en-CA","@id":"https:\/\/www.maisonrondeau.com\/en\/catalog-of-equipment-and-supplies-for-catering-and-hospitality#primaryimage","url":"https:\/\/www.maisonrondeau.com\/wp-content\/uploads\/2019\/08\/Equipements-et-fournitures-restaurant-hotellerie-Garland-U36-6R-Cuisiniere-150x150.jpg","contentUrl":"https:\/\/www.maisonrondeau.com\/wp-content\/uploads\/2019\/08\/Equipements-et-fournitures-restaurant-hotellerie-Garland-U36-6R-Cuisiniere-150x150.jpg"},{"@type":"BreadcrumbList","@id":"https:\/\/www.maisonrondeau.com\/en\/catalog-of-equipment-and-supplies-for-catering-and-hospitality#breadcrumb","itemListElement":[{"@type":"ListItem","position":1,"name":"Home","item":"https:\/\/www.maisonrondeau.com\/en"},{"@type":"ListItem","position":2,"name":"Catalog of equipment and supplies for catering and hospitality"}]},{"@type":"WebSite","@id":"https:\/\/www.maisonrondeau.com\/en#website","url":"https:\/\/www.maisonrondeau.com\/en","name":"Maison Rondeau","description":"L\u00e0 o\u00f9 l\u2019exp\u00e9rience rejoint les tendances.","publisher":{"@id":"https:\/\/www.maisonrondeau.com\/en#organization"},"potentialAction":[{"@type":"SearchAction","target":{"@type":"EntryPoint","urlTemplate":"https:\/\/www.maisonrondeau.com\/en?s={search_term_string}"},"query-input":{"@type":"PropertyValueSpecification","valueRequired":true,"valueName":"search_term_string"}}],"inLanguage":"en-CA"},{"@type":"Organization","@id":"https:\/\/www.maisonrondeau.com\/en#organization","name":"Maison Rondeau","alternateName":"Maison Rondeau \u00c9quipements de Restaurant","url":"https:\/\/www.maisonrondeau.com\/en","logo":{"@type":"ImageObject","inLanguage":"en-CA","@id":"https:\/\/www.maisonrondeau.com\/en#\/schema\/logo\/image\/","url":"https:\/\/www.maisonrondeau.com\/wp-content\/uploads\/2019\/07\/maisonrondeau-1.png","contentUrl":"https:\/\/www.maisonrondeau.com\/wp-content\/uploads\/2019\/07\/maisonrondeau-1.png","width":100,"height":32,"caption":"Maison Rondeau"},"image":{"@id":"https:\/\/www.maisonrondeau.com\/en#\/schema\/logo\/image\/"},"sameAs":["https:\/\/www.facebook.com\/maisonrondeau","http:\/\/ca.linkedin.com\/company\/maison-rondeau"]}]}},"_links":{"self":[{"href":"https:\/\/www.maisonrondeau.com\/en\/wp-json\/wp\/v2\/pages\/16363","targetHints":{"allow":["GET"]}}],"collection":[{"href":"https:\/\/www.maisonrondeau.com\/en\/wp-json\/wp\/v2\/pages"}],"about":[{"href":"https:\/\/www.maisonrondeau.com\/en\/wp-json\/wp\/v2\/types\/page"}],"author":[{"embeddable":true,"href":"https:\/\/www.maisonrondeau.com\/en\/wp-json\/wp\/v2\/users\/827"}],"replies":[{"embeddable":true,"href":"https:\/\/www.maisonrondeau.com\/en\/wp-json\/wp\/v2\/comments?post=16363"}],"version-history":[{"count":0,"href":"https:\/\/www.maisonrondeau.com\/en\/wp-json\/wp\/v2\/pages\/16363\/revisions"}],"wp:attachment":[{"href":"https:\/\/www.maisonrondeau.com\/en\/wp-json\/wp\/v2\/media?parent=16363"}],"curies":[{"name":"wp","href":"https:\/\/api.w.org\/{rel}","templated":true}]}}